{"id":6935,"date":"2025-06-06T16:13:40","date_gmt":"2025-06-06T19:13:40","guid":{"rendered":"https:\/\/bioflexnutrition.com.br\/produto\/amino-greens-display-240g-30ds-essential\/"},"modified":"2026-03-31T16:00:34","modified_gmt":"2026-03-31T19:00:34","slug":"amino-greens-display-240g-30ds-essential","status":"publish","type":"product","link":"https:\/\/bioflexnutrition.com.br\/en\/product\/amino-greens-display-240g-30ds-essential\/","title":{"rendered":"AMINO GREENS DISPLAY 240G\/30DS ESSENTIAL"},"content":{"rendered":"<h2>O que s\u00e3o amino\u00e1cidos essenciais?<\/h2>\n<p>Os amino\u00e1cidos s\u00e3o os blocos que constroem todas as prote\u00ednas, subst\u00e2ncias que desempenham v\u00e1rias fun\u00e7\u00f5es do organismo.<\/p>\n<p>O corpo possui 20 amino\u00e1cidos diferentes em suas prote\u00ednas, mas alguns deles n\u00e3o s\u00e3o produzidos pelo corpo, e por isso devem ser fornecidos atrav\u00e9s da alimenta\u00e7\u00e3o e\/ou suplementa\u00e7\u00e3o \u2014 s\u00e3o os chamados <strong>amino\u00e1cidos essenciais<\/strong>.<\/p>\n<h2>Essencial para tudo. Essencial para todos.<\/h2>\n<p><strong>Amino Greens<\/strong> foi desenvolvido especialmente para suprir, de forma equilibrada, essa necessidade. A ingest\u00e3o adequada de amino\u00e1cidos \u00e9 importante pois eles est\u00e3o ligados a quase todos os processos biol\u00f3gicos e est\u00e3o presentes em m\u00fasculos, tecidos, anticorpos e horm\u00f4nios.<\/p>\n<h3>Absor\u00e7\u00e3o r\u00e1pida e eficiente<\/h3>\n<p>Amino\u00e1cidos em sua forma livre s\u00e3o rapidamente absorvidos. E, quando combinados em propor\u00e7\u00f5es adequadas, possibilitam um aproveitamento muito mais eficiente pelo corpo.<\/p>\n<h3>N\u00e3o cont\u00e9m<\/h3>\n<ul>\n<li>A\u00e7\u00facar<\/li>\n<li>Gl\u00faten<\/li>\n<li>Lactose<\/li>\n<li>Conservantes<\/li>\n<li>Ado\u00e7antes artificiais<\/li>\n<li>Aromas artificiais<\/li>\n<li>Corantes artificiais<\/li>\n<\/ul>\n<h2>Amino\u00e1cidos e vegetais germinados: uma combina\u00e7\u00e3o poderosa<\/h2>\n<p>A f\u00f3rmula exclusiva de <strong>Amino Greens<\/strong> une aos 9 amino\u00e1cidos uma combina\u00e7\u00e3o de 5 vegetais, incluindo <strong>plantas germinadas<\/strong>, ou seja, vegetais no seu ponto de maior vitalidade. O resultado \u00e9 uma bebida densa em nutrientes, com uma grande variedade de antioxidantes naturais, como em um suco verde feito na hora.<\/p>\n<h2>D\u00e1 gosto suplementar amino\u00e1cidos assim<\/h2>\n<p>Al\u00e9m da riqueza natural das plantas germinadas, <strong>Amino Greens<\/strong> tem um toque especial de <strong>lim\u00e3o yuzu<\/strong> e \u00e9 ado\u00e7ado com <strong>est\u00e9via<\/strong>. Uma experi\u00eancia agrad\u00e1vel e refrescante para incluir na sua rotina di\u00e1ria de nutri\u00e7\u00e3o.<\/p>\n<h2>Amino Greens \u00e9 mais um produto Essential Enhanced Formulas<\/h2>\n<p>A linha <strong>Enhanced Formulas<\/strong> re\u00fane produtos que compreendem o funcionamento do nosso corpo, a sinergia entre as rea\u00e7\u00f5es qu\u00edmicas e as m\u00faltiplas propriedades que podem ser conquistadas atrav\u00e9s da combina\u00e7\u00e3o dos nutrientes corretos.<\/p>\n<h2>INFORMA\u00c7\u00c3O NUTRICIONAL<\/h2>\n<p>Coloque uma aten\u00e7\u00e3o especial na lista de ingredientes: o ingrediente que estiver em maior quantidade vem primeiro, e assim por diante. Voc\u00ea vai perceber que todos os produtos da linha Essential s\u00e3o livres de calorias vazias e cheios de ingredientes naturais. Tudo que adicionamos contribui para uma nutri\u00e7\u00e3o mais completa.<\/p>\n<h3>TABELA NUTRICIONAL<\/h3>\n<p><strong>Por\u00e7\u00f5es por embalagem:<\/strong> 30<br \/><strong>Por\u00e7\u00e3o:<\/strong> 8,7g (1 sach\u00ea)<\/p>\n<table border=\"1\" cellpadding=\"6\" cellspacing=\"0\">\n<thead>\n<tr>\n<th>Componente<\/th>\n<th>8,7g<\/th>\n<th>%VD*<\/th>\n<\/tr>\n<\/thead>\n<tbody>\n<tr>\n<td>Valor energ\u00e9tico (kcal)<\/td>\n<td>5<\/td>\n<td>0<\/td>\n<\/tr>\n<tr>\n<td>Carboidratos (g)<\/td>\n<td>1<\/td>\n<td>0<\/td>\n<\/tr>\n<tr>\n<td>A\u00e7\u00facares totais (g)<\/td>\n<td>0<\/td>\n<td>&#8211;<\/td>\n<\/tr>\n<tr>\n<td>A\u00e7\u00facares adicionados (g)<\/td>\n<td>0<\/td>\n<td>0<\/td>\n<\/tr>\n<tr>\n<td>Lactose (g)<\/td>\n<td>0<\/td>\n<td>&#8211;<\/td>\n<\/tr>\n<tr>\n<td>Poli\u00f3is totais (g)<\/td>\n<td>0<\/td>\n<td>&#8211;<\/td>\n<\/tr>\n<tr>\n<td>Prote\u00ednas (g)<\/td>\n<td>0<\/td>\n<td>0<\/td>\n<\/tr>\n<tr>\n<td>L-Leucina (mg)<\/td>\n<td>1140<\/td>\n<td>&#8211;<\/td>\n<\/tr>\n<tr>\n<td>L-Valina (mg)<\/td>\n<td>860<\/td>\n<td>&#8211;<\/td>\n<\/tr>\n<tr>\n<td>L-Isoleucina (mg)<\/td>\n<td>719<\/td>\n<td>&#8211;<\/td>\n<\/tr>\n<tr>\n<td>L-Lisina (mg)<\/td>\n<td>830<\/td>\n<td>&#8211;<\/td>\n<\/tr>\n<tr>\n<td>L-Treonina (mg)<\/td>\n<td>613<\/td>\n<td>&#8211;<\/td>\n<\/tr>\n<tr>\n<td>L-Fenilalanina (mg)<\/td>\n<td>472<\/td>\n<td>&#8211;<\/td>\n<\/tr>\n<tr>\n<td>L-Triptofano (mg)<\/td>\n<td>224<\/td>\n<td>&#8211;<\/td>\n<\/tr>\n<tr>\n<td>L-Metionina (mg)<\/td>\n<td>142<\/td>\n<td>&#8211;<\/td>\n<\/tr>\n<tr>\n<td>L-Histidina (mg)<\/td>\n<td>150<\/td>\n<td>&#8211;<\/td>\n<\/tr>\n<tr>\n<td>Gorduras totais (g)<\/td>\n<td>0<\/td>\n<td>0<\/td>\n<\/tr>\n<tr>\n<td>Gorduras saturadas (g)<\/td>\n<td>0<\/td>\n<td>0<\/td>\n<\/tr>\n<tr>\n<td>Gorduras trans (g)<\/td>\n<td>0<\/td>\n<td>0<\/td>\n<\/tr>\n<tr>\n<td>Fibras alimentares (g)<\/td>\n<td>0,8<\/td>\n<td>3<\/td>\n<\/tr>\n<tr>\n<td>S\u00f3dio (mg)<\/td>\n<td>56<\/td>\n<td>3<\/td>\n<\/tr>\n<tr>\n<td>Vitamina B6 (mg)<\/td>\n<td>10<\/td>\n<td>769<\/td>\n<\/tr>\n<tr>\n<td>Magn\u00e9sio (mg)<\/td>\n<td>63<\/td>\n<td>15<\/td>\n<\/tr>\n<\/tbody>\n<\/table>\n<p><em>*Percentual de valores di\u00e1rios fornecidos pela por\u00e7\u00e3o.<\/em><\/p>\n<h3>Ingredientes<\/h3>\n<p>Blend de amino\u00e1cidos essenciais (L-leucina, cloridrato de L-lisina, L-valina, L-isoleucina, L-treonina, L-fenilalanina, L-triptofano, L-histidina e L-metionina), goma ac\u00e1cia, citrato de magn\u00e9sio, alfafa germinada, cevada germinada, couve, trigo germinado (sem gl\u00faten), aveia germinada, piridoxal-5-fosfato, aromas naturais, antiumectante di\u00f3xido de sil\u00edcio, antioxidante \u00e1cido c\u00edtrico, edulcorante glicos\u00eddeos de esteviol (est\u00e9via).<\/p>\n<p><strong>N\u00c3O CONT\u00c9M GL\u00daTEN.<\/strong><\/p>\n<p><strong>AL\u00c9RGICOS:<\/strong> PODE CONTER DERIVADOS DE LEITE*.<\/p>\n<p><em>*Pode apresentar tra\u00e7os como consequ\u00eancia da presen\u00e7a n\u00e3o intencional durante alguma etapa da fabrica\u00e7\u00e3o das mat\u00e9rias-primas ou da linha de produ\u00e7\u00e3o.<\/em><\/p>\n<h3>MODO DE PREPARO<\/h3>\n<ul>\n<li>Adicione 8,7g (1 sach\u00ea) em cerca de 300ml (1 copo) de \u00e1gua gelada e misture bem.<\/li>\n<li>Voc\u00ea tamb\u00e9m pode misturar em smoothies ou sucos da sua prefer\u00eancia.<\/li>\n<li>Recomenda-se o uso uma vez ao dia ou conforme orienta\u00e7\u00e3o de m\u00e9dico ou nutricionista.<\/li>\n<li>Manter este produto bem fechado em local fresco, seco e ao abrigo da luz solar.<\/li>\n<li>Ap\u00f3s aberto o sach\u00ea, consumir imediatamente.<\/li>\n<li>Este produto \u00e9 recomendado para adultos (\u226519 anos).<\/li>\n<\/ul>\n<p><strong>Advert\u00eancias:<\/strong><\/p>\n<ul>\n<li>\u201cEste produto n\u00e3o \u00e9 um medicamento.\u201d<\/li>\n<li>\u201cN\u00e3o exceder a recomenda\u00e7\u00e3o di\u00e1ria de consumo indicada na embalagem.\u201d<\/li>\n<li>\u201cMantenha fora do alcance de crian\u00e7as.\u201d<\/li>\n<li>Este produto n\u00e3o deve ser consumido por gestantes, lactantes e crian\u00e7as.<\/li>\n<\/ul>","protected":false},"excerpt":{"rendered":"<p>Pool de 9 amino\u00e1cidos essenciais com magn\u00e9sio, vitamina B6 e vegetais germinados, para suprir com equil\u00edbrio suas necessidades di\u00e1rias.<\/p>","protected":false},"featured_media":7117,"comment_status":"open","ping_status":"closed","template":"","meta":{"_joinchat":[]},"product_cat":[165,254,248,256,160,199,157,164,198],"product_tag":[],"class_list":{"0":"post-6935","1":"product","2":"type-product","3":"status-publish","4":"has-post-thumbnail","6":"product_cat-alta-performance","7":"product_cat-aminoacidos-categorias-ecommerce","8":"product_cat-categorias-e","9":"product_cat-eaa-categorias-ecommerce","10":"product_cat-essential","11":"product_cat-frete-gratis","12":"product_cat-marcas","13":"product_cat-objetivos-especificos","14":"product_cat-promocoes","16":"first","17":"instock","18":"shipping-taxable","19":"purchasable","20":"product-type-simple","21":"col-xs-6 col-sm-4","22":"col-md-3 col-lg-3","23":"un-4-cols"},"yoast_head":"<!-- This site is optimized with the Yoast SEO plugin v27.4 - https:\/\/yoast.com\/product\/yoast-seo-wordpress\/ -->\n<title>AMINO GREENS DISPLAY 240G\/30DS ESSENTIAL - Bioflex Nutrition<\/title>\n<meta name=\"robots\" content=\"index, follow, max-snippet:-1, max-image-preview:large, max-video-preview:-1\" \/>\n<link rel=\"canonical\" href=\"https:\/\/bioflexnutrition.com.br\/en\/product\/amino-greens-display-240g-30ds-essential\/\" \/>\n<meta property=\"og:locale\" content=\"en_US\" \/>\n<meta property=\"og:type\" content=\"article\" \/>\n<meta property=\"og:title\" content=\"AMINO GREENS DISPLAY 240G\/30DS ESSENTIAL - Bioflex Nutrition\" \/>\n<meta property=\"og:description\" content=\"Pool de 9 amino\u00e1cidos essenciais com magn\u00e9sio, vitamina B6 e vegetais germinados, para suprir com equil\u00edbrio suas necessidades di\u00e1rias.\" \/>\n<meta property=\"og:url\" content=\"https:\/\/bioflexnutrition.com.br\/en\/product\/amino-greens-display-240g-30ds-essential\/\" \/>\n<meta property=\"og:site_name\" content=\"Bioflex Nutrition\" \/>\n<meta property=\"article:modified_time\" content=\"2026-03-31T19:00:34+00:00\" \/>\n<meta property=\"og:image\" content=\"https:\/\/bioflexnutrition.com.br\/wp-content\/uploads\/2025\/06\/aminogreens-display-11.webp\" \/>\n\t<meta property=\"og:image:width\" content=\"1000\" \/>\n\t<meta property=\"og:image:height\" content=\"1000\" \/>\n\t<meta property=\"og:image:type\" content=\"image\/webp\" \/>\n<meta name=\"twitter:card\" content=\"summary_large_image\" \/>\n<meta name=\"twitter:label1\" content=\"Est. reading time\" \/>\n\t<meta name=\"twitter:data1\" content=\"4 minutes\" \/>\n<script type=\"application\/ld+json\" class=\"yoast-schema-graph\">{\"@context\":\"https:\\\/\\\/schema.org\",\"@graph\":[{\"@type\":[\"WebPage\",\"ItemPage\"],\"@id\":\"https:\\\/\\\/bioflexnutrition.com.br\\\/produto\\\/amino-greens-display-240g-30ds-essential\\\/\",\"url\":\"https:\\\/\\\/bioflexnutrition.com.br\\\/produto\\\/amino-greens-display-240g-30ds-essential\\\/\",\"name\":\"AMINO GREENS DISPLAY 240G\\\/30DS ESSENTIAL - Bioflex Nutrition\",\"isPartOf\":{\"@id\":\"https:\\\/\\\/bioflexnutrition.com.br\\\/#website\"},\"primaryImageOfPage\":{\"@id\":\"https:\\\/\\\/bioflexnutrition.com.br\\\/produto\\\/amino-greens-display-240g-30ds-essential\\\/#primaryimage\"},\"image\":{\"@id\":\"https:\\\/\\\/bioflexnutrition.com.br\\\/produto\\\/amino-greens-display-240g-30ds-essential\\\/#primaryimage\"},\"thumbnailUrl\":\"https:\\\/\\\/bioflexnutrition.com.br\\\/wp-content\\\/uploads\\\/2025\\\/06\\\/aminogreens-display-11.webp\",\"datePublished\":\"2025-06-06T19:13:40+00:00\",\"dateModified\":\"2026-03-31T19:00:34+00:00\",\"breadcrumb\":{\"@id\":\"https:\\\/\\\/bioflexnutrition.com.br\\\/produto\\\/amino-greens-display-240g-30ds-essential\\\/#breadcrumb\"},\"inLanguage\":\"en-US\",\"potentialAction\":[{\"@type\":\"ReadAction\",\"target\":[\"https:\\\/\\\/bioflexnutrition.com.br\\\/produto\\\/amino-greens-display-240g-30ds-essential\\\/\"]}]},{\"@type\":\"ImageObject\",\"inLanguage\":\"en-US\",\"@id\":\"https:\\\/\\\/bioflexnutrition.com.br\\\/produto\\\/amino-greens-display-240g-30ds-essential\\\/#primaryimage\",\"url\":\"https:\\\/\\\/bioflexnutrition.com.br\\\/wp-content\\\/uploads\\\/2025\\\/06\\\/aminogreens-display-11.webp\",\"contentUrl\":\"https:\\\/\\\/bioflexnutrition.com.br\\\/wp-content\\\/uploads\\\/2025\\\/06\\\/aminogreens-display-11.webp\",\"width\":1000,\"height\":1000},{\"@type\":\"BreadcrumbList\",\"@id\":\"https:\\\/\\\/bioflexnutrition.com.br\\\/produto\\\/amino-greens-display-240g-30ds-essential\\\/#breadcrumb\",\"itemListElement\":[{\"@type\":\"ListItem\",\"position\":1,\"name\":\"In\u00edcio\",\"item\":\"https:\\\/\\\/bioflexnutrition.com.br\\\/\"},{\"@type\":\"ListItem\",\"position\":2,\"name\":\"Loja\",\"item\":\"https:\\\/\\\/bioflexnutrition.com.br\\\/todos\\\/\"},{\"@type\":\"ListItem\",\"position\":3,\"name\":\"AMINO GREENS DISPLAY 240G\\\/30DS ESSENTIAL\"}]},{\"@type\":\"WebSite\",\"@id\":\"https:\\\/\\\/bioflexnutrition.com.br\\\/#website\",\"url\":\"https:\\\/\\\/bioflexnutrition.com.br\\\/\",\"name\":\"Bioflex Nutrition\",\"description\":\"Sua loja online de Nutri\u00e7\u00e3o e Sa\u00fade\",\"publisher\":{\"@id\":\"https:\\\/\\\/bioflexnutrition.com.br\\\/#organization\"},\"potentialAction\":[{\"@type\":\"SearchAction\",\"target\":{\"@type\":\"EntryPoint\",\"urlTemplate\":\"https:\\\/\\\/bioflexnutrition.com.br\\\/?s={search_term_string}\"},\"query-input\":{\"@type\":\"PropertyValueSpecification\",\"valueRequired\":true,\"valueName\":\"search_term_string\"}}],\"inLanguage\":\"en-US\"},{\"@type\":\"Organization\",\"@id\":\"https:\\\/\\\/bioflexnutrition.com.br\\\/#organization\",\"name\":\"Bioflex Nutrition\",\"url\":\"https:\\\/\\\/bioflexnutrition.com.br\\\/\",\"logo\":{\"@type\":\"ImageObject\",\"inLanguage\":\"en-US\",\"@id\":\"https:\\\/\\\/bioflexnutrition.com.br\\\/#\\\/schema\\\/logo\\\/image\\\/\",\"url\":\"https:\\\/\\\/bioflexnutrition.com.br\\\/wp-content\\\/uploads\\\/2025\\\/04\\\/fav.webp\",\"contentUrl\":\"https:\\\/\\\/bioflexnutrition.com.br\\\/wp-content\\\/uploads\\\/2025\\\/04\\\/fav.webp\",\"width\":1150,\"height\":1000,\"caption\":\"Bioflex Nutrition\"},\"image\":{\"@id\":\"https:\\\/\\\/bioflexnutrition.com.br\\\/#\\\/schema\\\/logo\\\/image\\\/\"},\"sameAs\":[\"https:\\\/\\\/www.instagram.com\\\/bioflexnh\\\/\"]}]}<\/script>\n<!-- \/ Yoast SEO plugin. -->","yoast_head_json":{"title":"AMINO GREENS DISPLAY 240G\/30DS ESSENTIAL - Bioflex Nutrition","robots":{"index":"index","follow":"follow","max-snippet":"max-snippet:-1","max-image-preview":"max-image-preview:large","max-video-preview":"max-video-preview:-1"},"canonical":"https:\/\/bioflexnutrition.com.br\/en\/product\/amino-greens-display-240g-30ds-essential\/","og_locale":"en_US","og_type":"article","og_title":"AMINO GREENS DISPLAY 240G\/30DS ESSENTIAL - Bioflex Nutrition","og_description":"Pool de 9 amino\u00e1cidos essenciais com magn\u00e9sio, vitamina B6 e vegetais germinados, para suprir com equil\u00edbrio suas necessidades di\u00e1rias.","og_url":"https:\/\/bioflexnutrition.com.br\/en\/product\/amino-greens-display-240g-30ds-essential\/","og_site_name":"Bioflex Nutrition","article_modified_time":"2026-03-31T19:00:34+00:00","og_image":[{"width":1000,"height":1000,"url":"https:\/\/bioflexnutrition.com.br\/wp-content\/uploads\/2025\/06\/aminogreens-display-11.webp","type":"image\/webp"}],"twitter_card":"summary_large_image","twitter_misc":{"Est. reading time":"4 minutes"},"schema":{"@context":"https:\/\/schema.org","@graph":[{"@type":["WebPage","ItemPage"],"@id":"https:\/\/bioflexnutrition.com.br\/produto\/amino-greens-display-240g-30ds-essential\/","url":"https:\/\/bioflexnutrition.com.br\/produto\/amino-greens-display-240g-30ds-essential\/","name":"AMINO GREENS DISPLAY 240G\/30DS ESSENTIAL - Bioflex Nutrition","isPartOf":{"@id":"https:\/\/bioflexnutrition.com.br\/#website"},"primaryImageOfPage":{"@id":"https:\/\/bioflexnutrition.com.br\/produto\/amino-greens-display-240g-30ds-essential\/#primaryimage"},"image":{"@id":"https:\/\/bioflexnutrition.com.br\/produto\/amino-greens-display-240g-30ds-essential\/#primaryimage"},"thumbnailUrl":"https:\/\/bioflexnutrition.com.br\/wp-content\/uploads\/2025\/06\/aminogreens-display-11.webp","datePublished":"2025-06-06T19:13:40+00:00","dateModified":"2026-03-31T19:00:34+00:00","breadcrumb":{"@id":"https:\/\/bioflexnutrition.com.br\/produto\/amino-greens-display-240g-30ds-essential\/#breadcrumb"},"inLanguage":"en-US","potentialAction":[{"@type":"ReadAction","target":["https:\/\/bioflexnutrition.com.br\/produto\/amino-greens-display-240g-30ds-essential\/"]}]},{"@type":"ImageObject","inLanguage":"en-US","@id":"https:\/\/bioflexnutrition.com.br\/produto\/amino-greens-display-240g-30ds-essential\/#primaryimage","url":"https:\/\/bioflexnutrition.com.br\/wp-content\/uploads\/2025\/06\/aminogreens-display-11.webp","contentUrl":"https:\/\/bioflexnutrition.com.br\/wp-content\/uploads\/2025\/06\/aminogreens-display-11.webp","width":1000,"height":1000},{"@type":"BreadcrumbList","@id":"https:\/\/bioflexnutrition.com.br\/produto\/amino-greens-display-240g-30ds-essential\/#breadcrumb","itemListElement":[{"@type":"ListItem","position":1,"name":"In\u00edcio","item":"https:\/\/bioflexnutrition.com.br\/"},{"@type":"ListItem","position":2,"name":"Loja","item":"https:\/\/bioflexnutrition.com.br\/todos\/"},{"@type":"ListItem","position":3,"name":"AMINO GREENS DISPLAY 240G\/30DS ESSENTIAL"}]},{"@type":"WebSite","@id":"https:\/\/bioflexnutrition.com.br\/#website","url":"https:\/\/bioflexnutrition.com.br\/","name":"Bioflex Nutrition","description":"Sua loja online de Nutri\u00e7\u00e3o e Sa\u00fade","publisher":{"@id":"https:\/\/bioflexnutrition.com.br\/#organization"},"potentialAction":[{"@type":"SearchAction","target":{"@type":"EntryPoint","urlTemplate":"https:\/\/bioflexnutrition.com.br\/?s={search_term_string}"},"query-input":{"@type":"PropertyValueSpecification","valueRequired":true,"valueName":"search_term_string"}}],"inLanguage":"en-US"},{"@type":"Organization","@id":"https:\/\/bioflexnutrition.com.br\/#organization","name":"Bioflex Nutrition","url":"https:\/\/bioflexnutrition.com.br\/","logo":{"@type":"ImageObject","inLanguage":"en-US","@id":"https:\/\/bioflexnutrition.com.br\/#\/schema\/logo\/image\/","url":"https:\/\/bioflexnutrition.com.br\/wp-content\/uploads\/2025\/04\/fav.webp","contentUrl":"https:\/\/bioflexnutrition.com.br\/wp-content\/uploads\/2025\/04\/fav.webp","width":1150,"height":1000,"caption":"Bioflex Nutrition"},"image":{"@id":"https:\/\/bioflexnutrition.com.br\/#\/schema\/logo\/image\/"},"sameAs":["https:\/\/www.instagram.com\/bioflexnh\/"]}]}},"_links":{"self":[{"href":"https:\/\/bioflexnutrition.com.br\/en\/wp-json\/wp\/v2\/product\/6935","targetHints":{"allow":["GET"]}}],"collection":[{"href":"https:\/\/bioflexnutrition.com.br\/en\/wp-json\/wp\/v2\/product"}],"about":[{"href":"https:\/\/bioflexnutrition.com.br\/en\/wp-json\/wp\/v2\/types\/product"}],"replies":[{"embeddable":true,"href":"https:\/\/bioflexnutrition.com.br\/en\/wp-json\/wp\/v2\/comments?post=6935"}],"wp:featuredmedia":[{"embeddable":true,"href":"https:\/\/bioflexnutrition.com.br\/en\/wp-json\/wp\/v2\/media\/7117"}],"wp:attachment":[{"href":"https:\/\/bioflexnutrition.com.br\/en\/wp-json\/wp\/v2\/media?parent=6935"}],"wp:term":[{"taxonomy":"product_cat","embeddable":true,"href":"https:\/\/bioflexnutrition.com.br\/en\/wp-json\/wp\/v2\/product_cat?post=6935"},{"taxonomy":"product_tag","embeddable":true,"href":"https:\/\/bioflexnutrition.com.br\/en\/wp-json\/wp\/v2\/product_tag?post=6935"}],"curies":[{"name":"wp","href":"https:\/\/api.w.org\/{rel}","templated":true}]}}