{"id":6943,"date":"2025-06-06T16:14:33","date_gmt":"2025-06-06T19:14:33","guid":{"rendered":"https:\/\/bioflexnutrition.com.br\/produto\/veggie-protein-cacao-lata-455g-13ds-essential\/"},"modified":"2026-04-01T15:17:11","modified_gmt":"2026-04-01T18:17:11","slug":"veggie-protein-cacao-lata-455g-13ds-essential","status":"publish","type":"product","link":"https:\/\/bioflexnutrition.com.br\/en\/product\/veggie-protein-cacao-lata-455g-13ds-essential\/","title":{"rendered":"Veggie Protein Cacao Lata 455G\/13Ds Essential"},"content":{"rendered":"<h2>O que \u00e9 Veggie Protein Cacao<\/h2>\n<p>Uma deliciosa combina\u00e7\u00e3o de prote\u00edna isolada da ervilha amarela, prote\u00edna da am\u00eandoa e puro cacau belga. Veggie Protein Cacao oferece um perfil completo de amino\u00e1cidos, sabor intenso e cremosidade, ideal para dietas veganas e plant-based, enriquecido com 13 vitaminas e 9 minerais em suas formas mais biodispon\u00edveis.<\/p>\n<h3>Cont\u00e9m<\/h3>\n<ul>\n<li>Prote\u00edna isolada da ervilha amarela (Canad\u00e1)<\/li>\n<li>Prote\u00edna da am\u00eandoa<\/li>\n<li>BCAA naturalmente em sua composi\u00e7\u00e3o<\/li>\n<li>Cacau gourmet 100% puro (Belga)<\/li>\n<li>Ado\u00e7ado com est\u00e9via<\/li>\n<li>Vitamina D3 vegana (colecalciferol)<\/li>\n<li>Vitamina B12<\/li>\n<li>Ingredientes NON\u2011GMO, Kosher e Halal<\/li>\n<\/ul>\n<h3>N\u00e3o cont\u00e9m<\/h3>\n<ul>\n<li>Ado\u00e7antes, aromas ou corantes artificiais<\/li>\n<li>Prote\u00ednas de origem animal<\/li>\n<li>Derivados de soja<\/li>\n<li>A\u00e7\u00facar<\/li>\n<li>Gl\u00faten, lactose e conservantes<\/li>\n<\/ul>\n<h3>Quem vai amar<\/h3>\n<ul>\n<li><strong>Adeptos da Plant-based Diet<\/strong>: textura cremosa e sabor rico em cacau.<\/li>\n<li><strong>Quem tem restri\u00e7\u00f5es ao consumo de leite<\/strong>: alternativa saborosa \u00e0 prote\u00edna do leite.<\/li>\n<li><strong>Esportistas e atletas<\/strong>: 22\u202fg de prote\u00edna por por\u00e7\u00e3o, perfil completo de amino\u00e1cidos.<\/li>\n<li><strong>Nutricionistas<\/strong>: sabor agrad\u00e1vel e aporte diversificado de vitaminas e minerais.<\/li>\n<\/ul>\n<h3>Informa\u00e7\u00e3o Nutricional<\/h3>\n<p>Por\u00e7\u00f5es por embalagem: 13 (455\u202fg)<br \/>Por\u00e7\u00e3o: 35\u202fg (1 colher\u2011medida)<\/p>\n<table>\n<thead>\n<tr>\n<th>Componente<\/th>\n<th>35\u202fg<\/th>\n<th>%VD*<\/th>\n<\/tr>\n<\/thead>\n<tbody>\n<tr>\n<td>Valor energ\u00e9tico (kcal)<\/td>\n<td>137<\/td>\n<td>7%<\/td>\n<\/tr>\n<tr>\n<td>Carboidratos (g)<\/td>\n<td>2,7<\/td>\n<td>1%<\/td>\n<\/tr>\n<tr>\n<td>A\u00e7\u00facares totais (g)<\/td>\n<td>0<\/td>\n<td>\u2013<\/td>\n<\/tr>\n<tr>\n<td>A\u00e7\u00facares adicionados (g)<\/td>\n<td>0<\/td>\n<td>0%<\/td>\n<\/tr>\n<tr>\n<td>Lactose (g)<\/td>\n<td>0<\/td>\n<td>\u2013<\/td>\n<\/tr>\n<tr>\n<td>Poli\u00f3is totais (g)<\/td>\n<td>0<\/td>\n<td>0%<\/td>\n<\/tr>\n<tr>\n<td>Prote\u00ednas (g)<\/td>\n<td>22<\/td>\n<td>44%<\/td>\n<\/tr>\n<tr>\n<td>Gorduras totais (g)<\/td>\n<td>4,2<\/td>\n<td>6%<\/td>\n<\/tr>\n<tr>\n<td>Gorduras saturadas (g)<\/td>\n<td>0,9<\/td>\n<td>5%<\/td>\n<\/tr>\n<tr>\n<td>Fibras alimentares (g)<\/td>\n<td>3,5<\/td>\n<td>14%<\/td>\n<\/tr>\n<tr>\n<td>S\u00f3dio (mg)<\/td>\n<td>293<\/td>\n<td>15%<\/td>\n<\/tr>\n<tr>\n<td>Vitamina A (\u03bcg)<\/td>\n<td>300<\/td>\n<td>38%<\/td>\n<\/tr>\n<tr>\n<td>Vitamina D (\u03bcg)<\/td>\n<td>5<\/td>\n<td>33%<\/td>\n<\/tr>\n<tr>\n<td>Vitamina E (mg)<\/td>\n<td>5<\/td>\n<td>33%<\/td>\n<\/tr>\n<tr>\n<td>Vitamina K (\u03bcg)<\/td>\n<td>32<\/td>\n<td>27%<\/td>\n<\/tr>\n<tr>\n<td>Vitamina C (mg)<\/td>\n<td>45<\/td>\n<td>45%<\/td>\n<\/tr>\n<tr>\n<td>Vitamina B1 (mg)<\/td>\n<td>0,36<\/td>\n<td>30%<\/td>\n<\/tr>\n<tr>\n<td>Vitamina B2 (mg)<\/td>\n<td>0,39<\/td>\n<td>33%<\/td>\n<\/tr>\n<tr>\n<td>Vitamina B3 (mg)<\/td>\n<td>4,8<\/td>\n<td>32%<\/td>\n<\/tr>\n<tr>\n<td>Vitamina B5 (mg)<\/td>\n<td>1,5<\/td>\n<td>30%<\/td>\n<\/tr>\n<tr>\n<td>Vitamina B6 (mg)<\/td>\n<td>0,39<\/td>\n<td>30%<\/td>\n<\/tr>\n<tr>\n<td>Vitamina B7 (\u03bcg)<\/td>\n<td>15<\/td>\n<td>50%<\/td>\n<\/tr>\n<tr>\n<td>Vitamina B9 (\u03bcg)<\/td>\n<td>120<\/td>\n<td>50%<\/td>\n<\/tr>\n<tr>\n<td>Vitamina B12 (\u03bcg)<\/td>\n<td>1,2<\/td>\n<td>50%<\/td>\n<\/tr>\n<tr>\n<td>C\u00e1lcio (mg)<\/td>\n<td>209<\/td>\n<td>21%<\/td>\n<\/tr>\n<tr>\n<td>Cobre (\u03bcg)<\/td>\n<td>180<\/td>\n<td>20%<\/td>\n<\/tr>\n<tr>\n<td>Cromo (\u03bcg)<\/td>\n<td>18<\/td>\n<td>51%<\/td>\n<\/tr>\n<tr>\n<td>Ferro (mg)<\/td>\n<td>4,9<\/td>\n<td>35%<\/td>\n<\/tr>\n<tr>\n<td>Magn\u00e9sio (mg)<\/td>\n<td>100<\/td>\n<td>24%<\/td>\n<\/tr>\n<tr>\n<td>Mangan\u00eas (mg)<\/td>\n<td>0,69<\/td>\n<td>23%<\/td>\n<\/tr>\n<tr>\n<td>Molibd\u00eanio (\u03bcg)<\/td>\n<td>9<\/td>\n<td>20%<\/td>\n<\/tr>\n<tr>\n<td>Sel\u00eanio (\u03bcg)<\/td>\n<td>9<\/td>\n<td>15%<\/td>\n<\/tr>\n<tr>\n<td>Zinco (mg)<\/td>\n<td>3,5<\/td>\n<td>32%<\/td>\n<\/tr>\n<\/tbody>\n<\/table>\n<p><em>* Percentual de valores di\u00e1rios de refer\u00eancia para adultos (\u2265\u202f19\u202fanos).<\/em><\/p>\n<h3>Ingredientes<\/h3>\n<p>Prote\u00edna isolada da ervilha; prote\u00edna da am\u00eandoa; cacau em p\u00f3; blend de vitaminas e minerais (bisglicinato de c\u00e1lcio; bisglicinato de magn\u00e9sio; \u00e1cido asc\u00f3rbico revestido; betacaroteno; mix de tocofer\u00f3is; bisglicinato de ferro; bisglicinato de zinco; nicotinamida; bisglicinato de mangan\u00eas; colecalciferol vegano; menaquinona\u20117; fitomenadiona; pantotenato de c\u00e1lcio; acetato de retinol; L\u2011selenometionina; bisglicinato de cobre; cloridrato de tiamina; riboflavina\u20115\u2011fosfato; piridoxal\u20115\u2011fosfato; picolinato de cromo; L\u2011metilfolato de c\u00e1lcio; \u00e1cido f\u00f3lico; molibdato de s\u00f3dio; biotina; metilcobalamina); inulina; aromas naturais; espessante goma xantana; antiumectante di\u00f3xido de sil\u00edcio; edulcorante est\u00e9via.<\/p>\n<p><strong>N\u00e3o cont\u00e9m gl\u00faten.<\/strong><br \/><strong>Al\u00e9rgicos:<\/strong> cont\u00e9m derivados de am\u00eandoa. Pode conter tra\u00e7os de leite e soja*.<\/p>\n<h3>Modo de Preparo<\/h3>\n<p>Adicione 35\u202fg (1 colher\u2011medida) em aproximadamente 300\u202fml de \u00e1gua, misture at\u00e9 homogeneiza\u00e7\u00e3o e beba imediatamente. Recomenda-se uso di\u00e1rio ou orienta\u00e7\u00e3o de m\u00e9dico\/nutricionista.<\/p>\n<p>Manter este produto bem fechado em local fresco, seco e ao abrigo da luz solar.<br \/>Ap\u00f3s aberto, consumir em at\u00e9 30 dias.<br \/>Este produto \u00e9 recomendado para adultos (\u2265\u202f19\u202fanos).<br \/>Este produto n\u00e3o deve ser consumido por gestantes, lactantes e crian\u00e7as.<br \/>\u201cEste produto n\u00e3o \u00e9 um medicamento.\u201d<br \/>\u201cN\u00e3o exceder a recomenda\u00e7\u00e3o di\u00e1ria de consumo indicada na embalagem.\u201d<br \/>\u201cMantenha fora do alcance de crian\u00e7as.\u201d<\/p>","protected":false},"excerpt":{"rendered":"<p>Veggie Protein Cacao<\/p>\n<p>\u00a0<\/p>\n<p>Vegan<\/p>\n<p>Combina\u00e7\u00e3o da prote\u00edna isolada da ervilha com a prote\u00edna da am\u00eandoa, aliando um excelente perfil de amino\u00e1cidos a uma incr\u00edvel cremosidade, al\u00e9m do puro cacau belga e um blend de 13 vitaminas e 9 minerais.<\/p>","protected":false},"featured_media":6939,"comment_status":"open","ping_status":"closed","template":"","meta":{"_joinchat":[]},"product_cat":[248,160,199,157,164,169,170,198,273,266],"product_tag":[],"class_list":{"0":"post-6943","1":"product","2":"type-product","3":"status-publish","4":"has-post-thumbnail","6":"product_cat-categorias-e","7":"product_cat-essential","8":"product_cat-frete-gratis","9":"product_cat-marcas","10":"product_cat-objetivos-especificos","11":"product_cat-para-emagrecimento","12":"product_cat-para-ganho-de-massa","13":"product_cat-promocoes","14":"product_cat-proteina-vegana-proteinas-categorias-ecommerce","15":"product_cat-proteinas-categorias-ecommerce","17":"first","18":"instock","19":"shipping-taxable","20":"purchasable","21":"product-type-simple","22":"col-xs-6 col-sm-4","23":"col-md-3 col-lg-3","24":"un-4-cols"},"yoast_head":"<!-- This site is optimized with the Yoast SEO plugin v27.3 - https:\/\/yoast.com\/product\/yoast-seo-wordpress\/ -->\n<title>Veggie Protein Cacao Lata 455G\/13Ds Essential - Bioflex Nutrition<\/title>\n<meta name=\"robots\" content=\"index, follow, max-snippet:-1, max-image-preview:large, max-video-preview:-1\" \/>\n<link rel=\"canonical\" href=\"https:\/\/bioflexnutrition.com.br\/en\/product\/veggie-protein-cacao-lata-455g-13ds-essential\/\" \/>\n<meta property=\"og:locale\" content=\"en_US\" \/>\n<meta property=\"og:type\" content=\"article\" \/>\n<meta property=\"og:title\" content=\"Veggie Protein Cacao Lata 455G\/13Ds Essential - Bioflex Nutrition\" \/>\n<meta property=\"og:description\" content=\"Veggie Protein Cacao \u00a0 Vegan Combina\u00e7\u00e3o da prote\u00edna isolada da ervilha com a prote\u00edna da am\u00eandoa, aliando um excelente perfil de amino\u00e1cidos a uma incr\u00edvel cremosidade, al\u00e9m do puro cacau belga e um blend de 13 vitaminas e 9 minerais.\" \/>\n<meta property=\"og:url\" content=\"https:\/\/bioflexnutrition.com.br\/en\/product\/veggie-protein-cacao-lata-455g-13ds-essential\/\" \/>\n<meta property=\"og:site_name\" content=\"Bioflex Nutrition\" \/>\n<meta property=\"article:modified_time\" content=\"2026-04-01T18:17:11+00:00\" \/>\n<meta property=\"og:image\" content=\"https:\/\/bioflexnutrition.com.br\/wp-content\/uploads\/2025\/06\/15348386797-veggie-protein-cacao-lata-media.jpg\" \/>\n\t<meta property=\"og:image:width\" content=\"1950\" \/>\n\t<meta property=\"og:image:height\" content=\"1950\" \/>\n\t<meta property=\"og:image:type\" content=\"image\/jpeg\" \/>\n<meta name=\"twitter:card\" content=\"summary_large_image\" \/>\n<meta name=\"twitter:label1\" content=\"Est. reading time\" \/>\n\t<meta name=\"twitter:data1\" content=\"4 minutes\" \/>\n<script type=\"application\/ld+json\" class=\"yoast-schema-graph\">{\"@context\":\"https:\\\/\\\/schema.org\",\"@graph\":[{\"@type\":[\"WebPage\",\"ItemPage\"],\"@id\":\"https:\\\/\\\/bioflexnutrition.com.br\\\/produto\\\/veggie-protein-cacao-lata-455g-13ds-essential\\\/\",\"url\":\"https:\\\/\\\/bioflexnutrition.com.br\\\/produto\\\/veggie-protein-cacao-lata-455g-13ds-essential\\\/\",\"name\":\"Veggie Protein Cacao Lata 455G\\\/13Ds Essential - Bioflex Nutrition\",\"isPartOf\":{\"@id\":\"https:\\\/\\\/bioflexnutrition.com.br\\\/#website\"},\"primaryImageOfPage\":{\"@id\":\"https:\\\/\\\/bioflexnutrition.com.br\\\/produto\\\/veggie-protein-cacao-lata-455g-13ds-essential\\\/#primaryimage\"},\"image\":{\"@id\":\"https:\\\/\\\/bioflexnutrition.com.br\\\/produto\\\/veggie-protein-cacao-lata-455g-13ds-essential\\\/#primaryimage\"},\"thumbnailUrl\":\"https:\\\/\\\/bioflexnutrition.com.br\\\/wp-content\\\/uploads\\\/2025\\\/06\\\/15348386797-veggie-protein-cacao-lata-media.jpg\",\"datePublished\":\"2025-06-06T19:14:33+00:00\",\"dateModified\":\"2026-04-01T18:17:11+00:00\",\"breadcrumb\":{\"@id\":\"https:\\\/\\\/bioflexnutrition.com.br\\\/produto\\\/veggie-protein-cacao-lata-455g-13ds-essential\\\/#breadcrumb\"},\"inLanguage\":\"en-US\",\"potentialAction\":[{\"@type\":\"ReadAction\",\"target\":[\"https:\\\/\\\/bioflexnutrition.com.br\\\/produto\\\/veggie-protein-cacao-lata-455g-13ds-essential\\\/\"]}]},{\"@type\":\"ImageObject\",\"inLanguage\":\"en-US\",\"@id\":\"https:\\\/\\\/bioflexnutrition.com.br\\\/produto\\\/veggie-protein-cacao-lata-455g-13ds-essential\\\/#primaryimage\",\"url\":\"https:\\\/\\\/bioflexnutrition.com.br\\\/wp-content\\\/uploads\\\/2025\\\/06\\\/15348386797-veggie-protein-cacao-lata-media.jpg\",\"contentUrl\":\"https:\\\/\\\/bioflexnutrition.com.br\\\/wp-content\\\/uploads\\\/2025\\\/06\\\/15348386797-veggie-protein-cacao-lata-media.jpg\",\"width\":1950,\"height\":1950},{\"@type\":\"BreadcrumbList\",\"@id\":\"https:\\\/\\\/bioflexnutrition.com.br\\\/produto\\\/veggie-protein-cacao-lata-455g-13ds-essential\\\/#breadcrumb\",\"itemListElement\":[{\"@type\":\"ListItem\",\"position\":1,\"name\":\"In\u00edcio\",\"item\":\"https:\\\/\\\/bioflexnutrition.com.br\\\/\"},{\"@type\":\"ListItem\",\"position\":2,\"name\":\"Loja\",\"item\":\"https:\\\/\\\/bioflexnutrition.com.br\\\/todos\\\/\"},{\"@type\":\"ListItem\",\"position\":3,\"name\":\"Veggie Protein Cacao Lata 455G\\\/13Ds Essential\"}]},{\"@type\":\"WebSite\",\"@id\":\"https:\\\/\\\/bioflexnutrition.com.br\\\/#website\",\"url\":\"https:\\\/\\\/bioflexnutrition.com.br\\\/\",\"name\":\"Bioflex Nutrition\",\"description\":\"Sua loja online de Nutri\u00e7\u00e3o e Sa\u00fade\",\"publisher\":{\"@id\":\"https:\\\/\\\/bioflexnutrition.com.br\\\/#organization\"},\"potentialAction\":[{\"@type\":\"SearchAction\",\"target\":{\"@type\":\"EntryPoint\",\"urlTemplate\":\"https:\\\/\\\/bioflexnutrition.com.br\\\/?s={search_term_string}\"},\"query-input\":{\"@type\":\"PropertyValueSpecification\",\"valueRequired\":true,\"valueName\":\"search_term_string\"}}],\"inLanguage\":\"en-US\"},{\"@type\":\"Organization\",\"@id\":\"https:\\\/\\\/bioflexnutrition.com.br\\\/#organization\",\"name\":\"Bioflex Nutrition\",\"url\":\"https:\\\/\\\/bioflexnutrition.com.br\\\/\",\"logo\":{\"@type\":\"ImageObject\",\"inLanguage\":\"en-US\",\"@id\":\"https:\\\/\\\/bioflexnutrition.com.br\\\/#\\\/schema\\\/logo\\\/image\\\/\",\"url\":\"https:\\\/\\\/bioflexnutrition.com.br\\\/wp-content\\\/uploads\\\/2025\\\/04\\\/fav.webp\",\"contentUrl\":\"https:\\\/\\\/bioflexnutrition.com.br\\\/wp-content\\\/uploads\\\/2025\\\/04\\\/fav.webp\",\"width\":1150,\"height\":1000,\"caption\":\"Bioflex Nutrition\"},\"image\":{\"@id\":\"https:\\\/\\\/bioflexnutrition.com.br\\\/#\\\/schema\\\/logo\\\/image\\\/\"},\"sameAs\":[\"https:\\\/\\\/www.instagram.com\\\/bioflexnh\\\/\"]}]}<\/script>\n<!-- \/ Yoast SEO plugin. -->","yoast_head_json":{"title":"Veggie Protein Cacao Lata 455G\/13Ds Essential - Bioflex Nutrition","robots":{"index":"index","follow":"follow","max-snippet":"max-snippet:-1","max-image-preview":"max-image-preview:large","max-video-preview":"max-video-preview:-1"},"canonical":"https:\/\/bioflexnutrition.com.br\/en\/product\/veggie-protein-cacao-lata-455g-13ds-essential\/","og_locale":"en_US","og_type":"article","og_title":"Veggie Protein Cacao Lata 455G\/13Ds Essential - Bioflex Nutrition","og_description":"Veggie Protein Cacao \u00a0 Vegan Combina\u00e7\u00e3o da prote\u00edna isolada da ervilha com a prote\u00edna da am\u00eandoa, aliando um excelente perfil de amino\u00e1cidos a uma incr\u00edvel cremosidade, al\u00e9m do puro cacau belga e um blend de 13 vitaminas e 9 minerais.","og_url":"https:\/\/bioflexnutrition.com.br\/en\/product\/veggie-protein-cacao-lata-455g-13ds-essential\/","og_site_name":"Bioflex Nutrition","article_modified_time":"2026-04-01T18:17:11+00:00","og_image":[{"width":1950,"height":1950,"url":"https:\/\/bioflexnutrition.com.br\/wp-content\/uploads\/2025\/06\/15348386797-veggie-protein-cacao-lata-media.jpg","type":"image\/jpeg"}],"twitter_card":"summary_large_image","twitter_misc":{"Est. reading time":"4 minutes"},"schema":{"@context":"https:\/\/schema.org","@graph":[{"@type":["WebPage","ItemPage"],"@id":"https:\/\/bioflexnutrition.com.br\/produto\/veggie-protein-cacao-lata-455g-13ds-essential\/","url":"https:\/\/bioflexnutrition.com.br\/produto\/veggie-protein-cacao-lata-455g-13ds-essential\/","name":"Veggie Protein Cacao Lata 455G\/13Ds Essential - Bioflex Nutrition","isPartOf":{"@id":"https:\/\/bioflexnutrition.com.br\/#website"},"primaryImageOfPage":{"@id":"https:\/\/bioflexnutrition.com.br\/produto\/veggie-protein-cacao-lata-455g-13ds-essential\/#primaryimage"},"image":{"@id":"https:\/\/bioflexnutrition.com.br\/produto\/veggie-protein-cacao-lata-455g-13ds-essential\/#primaryimage"},"thumbnailUrl":"https:\/\/bioflexnutrition.com.br\/wp-content\/uploads\/2025\/06\/15348386797-veggie-protein-cacao-lata-media.jpg","datePublished":"2025-06-06T19:14:33+00:00","dateModified":"2026-04-01T18:17:11+00:00","breadcrumb":{"@id":"https:\/\/bioflexnutrition.com.br\/produto\/veggie-protein-cacao-lata-455g-13ds-essential\/#breadcrumb"},"inLanguage":"en-US","potentialAction":[{"@type":"ReadAction","target":["https:\/\/bioflexnutrition.com.br\/produto\/veggie-protein-cacao-lata-455g-13ds-essential\/"]}]},{"@type":"ImageObject","inLanguage":"en-US","@id":"https:\/\/bioflexnutrition.com.br\/produto\/veggie-protein-cacao-lata-455g-13ds-essential\/#primaryimage","url":"https:\/\/bioflexnutrition.com.br\/wp-content\/uploads\/2025\/06\/15348386797-veggie-protein-cacao-lata-media.jpg","contentUrl":"https:\/\/bioflexnutrition.com.br\/wp-content\/uploads\/2025\/06\/15348386797-veggie-protein-cacao-lata-media.jpg","width":1950,"height":1950},{"@type":"BreadcrumbList","@id":"https:\/\/bioflexnutrition.com.br\/produto\/veggie-protein-cacao-lata-455g-13ds-essential\/#breadcrumb","itemListElement":[{"@type":"ListItem","position":1,"name":"In\u00edcio","item":"https:\/\/bioflexnutrition.com.br\/"},{"@type":"ListItem","position":2,"name":"Loja","item":"https:\/\/bioflexnutrition.com.br\/todos\/"},{"@type":"ListItem","position":3,"name":"Veggie Protein Cacao Lata 455G\/13Ds Essential"}]},{"@type":"WebSite","@id":"https:\/\/bioflexnutrition.com.br\/#website","url":"https:\/\/bioflexnutrition.com.br\/","name":"Bioflex Nutrition","description":"Sua loja online de Nutri\u00e7\u00e3o e Sa\u00fade","publisher":{"@id":"https:\/\/bioflexnutrition.com.br\/#organization"},"potentialAction":[{"@type":"SearchAction","target":{"@type":"EntryPoint","urlTemplate":"https:\/\/bioflexnutrition.com.br\/?s={search_term_string}"},"query-input":{"@type":"PropertyValueSpecification","valueRequired":true,"valueName":"search_term_string"}}],"inLanguage":"en-US"},{"@type":"Organization","@id":"https:\/\/bioflexnutrition.com.br\/#organization","name":"Bioflex Nutrition","url":"https:\/\/bioflexnutrition.com.br\/","logo":{"@type":"ImageObject","inLanguage":"en-US","@id":"https:\/\/bioflexnutrition.com.br\/#\/schema\/logo\/image\/","url":"https:\/\/bioflexnutrition.com.br\/wp-content\/uploads\/2025\/04\/fav.webp","contentUrl":"https:\/\/bioflexnutrition.com.br\/wp-content\/uploads\/2025\/04\/fav.webp","width":1150,"height":1000,"caption":"Bioflex Nutrition"},"image":{"@id":"https:\/\/bioflexnutrition.com.br\/#\/schema\/logo\/image\/"},"sameAs":["https:\/\/www.instagram.com\/bioflexnh\/"]}]}},"_links":{"self":[{"href":"https:\/\/bioflexnutrition.com.br\/en\/wp-json\/wp\/v2\/product\/6943","targetHints":{"allow":["GET"]}}],"collection":[{"href":"https:\/\/bioflexnutrition.com.br\/en\/wp-json\/wp\/v2\/product"}],"about":[{"href":"https:\/\/bioflexnutrition.com.br\/en\/wp-json\/wp\/v2\/types\/product"}],"replies":[{"embeddable":true,"href":"https:\/\/bioflexnutrition.com.br\/en\/wp-json\/wp\/v2\/comments?post=6943"}],"wp:featuredmedia":[{"embeddable":true,"href":"https:\/\/bioflexnutrition.com.br\/en\/wp-json\/wp\/v2\/media\/6939"}],"wp:attachment":[{"href":"https:\/\/bioflexnutrition.com.br\/en\/wp-json\/wp\/v2\/media?parent=6943"}],"wp:term":[{"taxonomy":"product_cat","embeddable":true,"href":"https:\/\/bioflexnutrition.com.br\/en\/wp-json\/wp\/v2\/product_cat?post=6943"},{"taxonomy":"product_tag","embeddable":true,"href":"https:\/\/bioflexnutrition.com.br\/en\/wp-json\/wp\/v2\/product_tag?post=6943"}],"curies":[{"name":"wp","href":"https:\/\/api.w.org\/{rel}","templated":true}]}}