{"id":6971,"date":"2025-06-06T16:16:01","date_gmt":"2025-06-06T19:16:01","guid":{"rendered":"https:\/\/bioflexnutrition.com.br\/produto\/brainstorm-coffee-186g-essential\/"},"modified":"2026-03-31T16:33:53","modified_gmt":"2026-03-31T19:33:53","slug":"brainstorm-coffee-186g-essential","status":"publish","type":"product","link":"https:\/\/bioflexnutrition.com.br\/en\/product\/brainstorm-coffee-186g-essential\/","title":{"rendered":"BRAINSTORM COFFEE 186G ESSENTIAL"},"content":{"rendered":"<h2>Brainstorm Coffee \u2013 Foco e Energia Natural<\/h2>\n<p><strong>Brainstorm Coffee<\/strong> re\u00fane ingredientes naturais que atuam em sinergia para ajudar nas suas atividades que pedem foco e energia, com poucas calorias por dose. \u00c9 perfeito para come\u00e7ar o seu dia e acompanhar voc\u00ea naqueles momentos que pedem uma inspira\u00e7\u00e3o extra.<\/p>\n<h3>Power to your body &amp; brain<\/h3>\n<ul>\n<li><strong>Blend de caf\u00e9s especiais:<\/strong> Caf\u00e9 Verde, Caf\u00e9 Ar\u00e1bica e Caf\u00e9 Robusta<\/li>\n<li><strong>Amino\u00e1cidos:<\/strong> Carnitina, Glicina, Taurina e Tirosina<\/li>\n<li><strong>Especiarias:<\/strong> Cacau, canela, cardamomo, pimenta-preta e pimenta-vermelha<\/li>\n<li><strong>Vitaminas do complexo B<\/strong> (formas ativas)<\/li>\n<li><strong>Picolinato de cromo<\/strong><\/li>\n<li><strong>TCM-C8<\/strong> isolado<\/li>\n<li><strong>Coenzima Q10 Micro-SR\u00ae<\/strong> \u2013 4x mais absorv\u00edvel<\/li>\n<li><strong>Magn\u00e9sio quelado<\/strong><\/li>\n<li><strong>Guaran\u00e1, ch\u00e1 verde e gengibre tailand\u00eas (extratos)<\/strong><\/li>\n<\/ul>\n<p><strong>N\u00c3O CONT\u00c9M:<\/strong> A\u00e7\u00facar \u2022 Lactose \u2022 Gl\u00faten \u2022 Corantes \u2022 Conservantes \u2022 Emulsificantes \u2022 Ado\u00e7antes \u2022 Aromas artificiais \u2022 Subst\u00e2ncias estimulantes n\u00e3o permitidas<\/p>\n<h3>A taste of power<\/h3>\n<p>Brainstorm Coffee \u00e9 feito com gr\u00e3os selecionados de caf\u00e9 ar\u00e1bica, robusta e caf\u00e9 verde \u2013 esse \u00faltimo preservando fitonutrientes por n\u00e3o passar por torrefa\u00e7\u00e3o. O resultado \u00e9 uma bebida sofisticada, com sabor equilibrado de caf\u00e9s e especiarias, cremosidade e aroma surpreendente.<\/p>\n<h3>Foco e concentra\u00e7\u00e3o por muito mais tempo<\/h3>\n<p>A cafe\u00edna 100% natural combinada com a formula\u00e7\u00e3o promove <strong>estado de alerta prolongado por at\u00e9 5 horas<\/strong>, sem efeito rebote (aquela queda brusca de energia e irritabilidade).<\/p>\n<h3>Aliado no jejum e em dietas de restri\u00e7\u00e3o<\/h3>\n<p>Por conter ingredientes que estimulam o metabolismo energ\u00e9tico e melhoram o estado de alerta, Brainstorm Coffee \u00e9 ideal para ser inclu\u00eddo em protocolos de jejum intermitente ou dietas com restri\u00e7\u00e3o cal\u00f3rica.<\/p>\n<h3>O EFEITO \u00c9 INSTANT\u00c2NEO. O PREPARO TAMB\u00c9M.<\/h3>\n<p>\u00c9 vers\u00e1til e pode ser preparado com \u00e1gua quente, gelada, leite ou bebida vegetal. Voc\u00ea escolhe seu jeito favorito:<\/p>\n<ul>\n<li><strong>Espresso:<\/strong> 1 colher-medida em 100ml de \u00e1gua quente<\/li>\n<li><strong>Longo:<\/strong> 1 colher-medida em 150ml de \u00e1gua quente<\/li>\n<li><strong>Gelado:<\/strong> Com \u00e1gua gelada ou batido com gelo<\/li>\n<li><strong>Latte:<\/strong> Com leite ou bebida vegetal<\/li>\n<\/ul>\n<h3>INFORMA\u00c7\u00c3O NUTRICIONAL<\/h3>\n<p><strong>Por\u00e7\u00f5es por embalagem:<\/strong> 20 (186g)<br \/><strong>Por\u00e7\u00e3o:<\/strong> 9,3g (1 colher-medida)<\/p>\n<table border=\"1\" cellpadding=\"6\" cellspacing=\"0\">\n<thead>\n<tr>\n<th>Componente<\/th>\n<th>9,3g<\/th>\n<th>%VD*<\/th>\n<\/tr>\n<\/thead>\n<tbody>\n<tr>\n<td>Valor energ\u00e9tico<\/td>\n<td>26kcal<\/td>\n<td>1%<\/td>\n<\/tr>\n<tr>\n<td>Carboidratos<\/td>\n<td>2,9g<\/td>\n<td>1%<\/td>\n<\/tr>\n<tr>\n<td>A\u00e7\u00facares totais<\/td>\n<td>0g<\/td>\n<td>&#8211;<\/td>\n<\/tr>\n<tr>\n<td>A\u00e7\u00facares adicionados<\/td>\n<td>0g<\/td>\n<td>0%<\/td>\n<\/tr>\n<tr>\n<td>Lactose<\/td>\n<td>0g<\/td>\n<td>&#8211;<\/td>\n<\/tr>\n<tr>\n<td>Poli\u00f3is totais<\/td>\n<td>0g<\/td>\n<td>&#8211;<\/td>\n<\/tr>\n<tr>\n<td>Prote\u00ednas<\/td>\n<td>2,1g<\/td>\n<td>4%<\/td>\n<\/tr>\n<tr>\n<td>Glicina<\/td>\n<td>1000mg<\/td>\n<td>&#8211;<\/td>\n<\/tr>\n<tr>\n<td>Tirosina<\/td>\n<td>500mg<\/td>\n<td>&#8211;<\/td>\n<\/tr>\n<tr>\n<td>Gorduras totais<\/td>\n<td>0,6g<\/td>\n<td>1%<\/td>\n<\/tr>\n<tr>\n<td>Gorduras saturadas<\/td>\n<td>0,5g<\/td>\n<td>3%<\/td>\n<\/tr>\n<tr>\n<td>\u00c1cido capr\u00edlico (C8)<\/td>\n<td>0,2g<\/td>\n<td>&#8211;<\/td>\n<\/tr>\n<tr>\n<td>Gorduras trans<\/td>\n<td>0g<\/td>\n<td>&#8211;<\/td>\n<\/tr>\n<tr>\n<td>Fibras alimentares<\/td>\n<td>0,9g<\/td>\n<td>4%<\/td>\n<\/tr>\n<tr>\n<td>S\u00f3dio<\/td>\n<td>32mg<\/td>\n<td>2%<\/td>\n<\/tr>\n<tr>\n<td>Vitamina B1<\/td>\n<td>0,67mg<\/td>\n<td>56%<\/td>\n<\/tr>\n<tr>\n<td>Vitamina B3<\/td>\n<td>8mg<\/td>\n<td>53%<\/td>\n<\/tr>\n<tr>\n<td>Vitamina B5<\/td>\n<td>2,5mg<\/td>\n<td>50%<\/td>\n<\/tr>\n<tr>\n<td>Vitamina B6<\/td>\n<td>0,65mg<\/td>\n<td>50%<\/td>\n<\/tr>\n<tr>\n<td>Vitamina B9<\/td>\n<td>300\u03bcg<\/td>\n<td>125%<\/td>\n<\/tr>\n<tr>\n<td>Vitamina B12<\/td>\n<td>1,2\u03bcg<\/td>\n<td>50%<\/td>\n<\/tr>\n<tr>\n<td>Cromo<\/td>\n<td>35\u03bcg<\/td>\n<td>100%<\/td>\n<\/tr>\n<tr>\n<td>Magn\u00e9sio<\/td>\n<td>100mg<\/td>\n<td>24%<\/td>\n<\/tr>\n<tr>\n<td>Taurina<\/td>\n<td>750mg<\/td>\n<td>&#8211;<\/td>\n<\/tr>\n<tr>\n<td>Coenzima Q10<\/td>\n<td>20mg<\/td>\n<td>&#8211;<\/td>\n<\/tr>\n<tr>\n<td>L-carnitina<\/td>\n<td>150mg<\/td>\n<td>&#8211;<\/td>\n<\/tr>\n<tr>\n<td>Cafe\u00edna<\/td>\n<td>80mg<\/td>\n<td>&#8211;<\/td>\n<\/tr>\n<\/tbody>\n<\/table>\n<p><em>*% Valores Di\u00e1rios com base em uma dieta de 2.000kcal.<\/em><\/p>\n<h3>INGREDIENTES<\/h3>\n<p>Blend de caf\u00e9s (caf\u00e9 robusta, caf\u00e9 ar\u00e1bica e caf\u00e9 verde), triglicer\u00eddeos de cadeia m\u00e9dia em p\u00f3 (TCM-C8), glicina, taurina, L-tirosina, cacau em p\u00f3, bisglicinato de magn\u00e9sio, L-carnitina L-tartarato, guaran\u00e1 em p\u00f3, ch\u00e1 verde em p\u00f3, canela em p\u00f3, goma ac\u00e1cia, coenzima Q10 (MICRO-SR\u00ae), goma guar, \u00e1cido nicot\u00ednico, cardamomo em p\u00f3, pimenta-vermelha, pimenta-preta, pantotenato de c\u00e1lcio, cloridrato de tiamina, piridoxal-5-fosfato, cloridrato de piridoxina, picolinato de cromo, L-metilfolato de c\u00e1lcio, \u00e1cido f\u00f3lico, metilcobalamina, cianocobalamina, aromas naturais, extratos de gengibre tailand\u00eas, ch\u00e1 verde e canela, antiumectantes (di\u00f3xido de sil\u00edcio, bicarbonato de s\u00f3dio, fosfato tric\u00e1lcico), espessante goma xantana.<\/p>\n<p><strong>N\u00c3O CONT\u00c9M GL\u00daTEN.<\/strong><br \/><strong>AL\u00c9RGICOS:<\/strong> Pode conter derivados de leite*.<br \/><em>*Tra\u00e7os podem estar presentes por contamina\u00e7\u00e3o cruzada na linha de produ\u00e7\u00e3o.<\/em><\/p>\n<h3>MODO DE PREPARO<\/h3>\n<ul>\n<li>Dissolver 1 colher-medida (9,3g) em 100 a 150ml de \u00e1gua ou bebida vegetal (quente ou gelada).<\/li>\n<li>Voc\u00ea pode ado\u00e7ar a gosto.<\/li>\n<li>Consumir 1x ao dia ou conforme orienta\u00e7\u00e3o de profissional.<\/li>\n<\/ul>\n<h3>ADVERT\u00caNCIAS<\/h3>\n<ul>\n<li>Produto recomendado para adultos (\u226519 anos).<\/li>\n<li>N\u00e3o deve ser consumido por gestantes, lactantes ou crian\u00e7as.<\/li>\n<li>\u201cEste produto n\u00e3o \u00e9 um medicamento.\u201d<\/li>\n<li>\u201cN\u00e3o exceder a recomenda\u00e7\u00e3o di\u00e1ria.\u201d<\/li>\n<li>\u201cMantenha fora do alcance de crian\u00e7as.\u201d<\/li>\n<li>Ap\u00f3s aberto, consumir em at\u00e9 60 dias.<\/li>\n<\/ul>","protected":false},"excerpt":{"rendered":"<p>Brainstorm Coffee Vegan<\/p>\n<p>Caf\u00e9 funcional com especiarias que re\u00fane ingredientes para proporcionar foco e energia. \u00c9 perfeito para come\u00e7ar o dia e acompanhar as suas atividades com uma dose de inspira\u00e7\u00e3o extra.<\/p>","protected":false},"featured_media":6936,"comment_status":"open","ping_status":"closed","template":"","meta":{"_joinchat":[]},"product_cat":[165,248,282,160,157,164,274,275,280],"product_tag":[],"class_list":{"0":"post-6971","1":"product","2":"type-product","3":"status-publish","4":"has-post-thumbnail","6":"product_cat-alta-performance","7":"product_cat-categorias-e","8":"product_cat-cognitivo-mental-vitaminas","9":"product_cat-essential","10":"product_cat-marcas","11":"product_cat-objetivos-especificos","12":"product_cat-pre-treinos-categorias-ecommerce","13":"product_cat-pre-treinos-com-cafeina","14":"product_cat-vitaminas","16":"first","17":"instock","18":"shipping-taxable","19":"purchasable","20":"product-type-simple","21":"col-xs-6 col-sm-4","22":"col-md-3 col-lg-3","23":"un-4-cols"},"yoast_head":"<!-- This site is optimized with the Yoast SEO plugin v27.3 - https:\/\/yoast.com\/product\/yoast-seo-wordpress\/ -->\n<title>BRAINSTORM COFFEE 186G ESSENTIAL - Bioflex Nutrition<\/title>\n<meta name=\"robots\" content=\"index, follow, max-snippet:-1, max-image-preview:large, max-video-preview:-1\" \/>\n<link rel=\"canonical\" href=\"https:\/\/bioflexnutrition.com.br\/en\/product\/brainstorm-coffee-186g-essential\/\" \/>\n<meta property=\"og:locale\" content=\"en_US\" \/>\n<meta property=\"og:type\" content=\"article\" \/>\n<meta property=\"og:title\" content=\"BRAINSTORM COFFEE 186G ESSENTIAL - Bioflex Nutrition\" \/>\n<meta property=\"og:description\" content=\"Brainstorm Coffee Vegan Caf\u00e9 funcional com especiarias que re\u00fane ingredientes para proporcionar foco e energia. \u00c9 perfeito para come\u00e7ar o dia e acompanhar as suas atividades com uma dose de inspira\u00e7\u00e3o extra.\" \/>\n<meta property=\"og:url\" content=\"https:\/\/bioflexnutrition.com.br\/en\/product\/brainstorm-coffee-186g-essential\/\" \/>\n<meta property=\"og:site_name\" content=\"Bioflex Nutrition\" \/>\n<meta property=\"article:modified_time\" content=\"2026-03-31T19:33:53+00:00\" \/>\n<meta property=\"og:image\" content=\"https:\/\/bioflexnutrition.com.br\/wp-content\/uploads\/2025\/06\/15339117339-brainstorm-coffee-lata-pequena.jpg\" \/>\n\t<meta property=\"og:image:width\" content=\"1950\" \/>\n\t<meta property=\"og:image:height\" content=\"1950\" \/>\n\t<meta property=\"og:image:type\" content=\"image\/jpeg\" \/>\n<meta name=\"twitter:card\" content=\"summary_large_image\" \/>\n<meta name=\"twitter:label1\" content=\"Est. reading time\" \/>\n\t<meta name=\"twitter:data1\" content=\"4 minutes\" \/>\n<script type=\"application\/ld+json\" class=\"yoast-schema-graph\">{\"@context\":\"https:\\\/\\\/schema.org\",\"@graph\":[{\"@type\":[\"WebPage\",\"ItemPage\"],\"@id\":\"https:\\\/\\\/bioflexnutrition.com.br\\\/produto\\\/brainstorm-coffee-186g-essential\\\/\",\"url\":\"https:\\\/\\\/bioflexnutrition.com.br\\\/produto\\\/brainstorm-coffee-186g-essential\\\/\",\"name\":\"BRAINSTORM COFFEE 186G ESSENTIAL - Bioflex Nutrition\",\"isPartOf\":{\"@id\":\"https:\\\/\\\/bioflexnutrition.com.br\\\/#website\"},\"primaryImageOfPage\":{\"@id\":\"https:\\\/\\\/bioflexnutrition.com.br\\\/produto\\\/brainstorm-coffee-186g-essential\\\/#primaryimage\"},\"image\":{\"@id\":\"https:\\\/\\\/bioflexnutrition.com.br\\\/produto\\\/brainstorm-coffee-186g-essential\\\/#primaryimage\"},\"thumbnailUrl\":\"https:\\\/\\\/bioflexnutrition.com.br\\\/wp-content\\\/uploads\\\/2025\\\/06\\\/15339117339-brainstorm-coffee-lata-pequena.jpg\",\"datePublished\":\"2025-06-06T19:16:01+00:00\",\"dateModified\":\"2026-03-31T19:33:53+00:00\",\"breadcrumb\":{\"@id\":\"https:\\\/\\\/bioflexnutrition.com.br\\\/produto\\\/brainstorm-coffee-186g-essential\\\/#breadcrumb\"},\"inLanguage\":\"en-US\",\"potentialAction\":[{\"@type\":\"ReadAction\",\"target\":[\"https:\\\/\\\/bioflexnutrition.com.br\\\/produto\\\/brainstorm-coffee-186g-essential\\\/\"]}]},{\"@type\":\"ImageObject\",\"inLanguage\":\"en-US\",\"@id\":\"https:\\\/\\\/bioflexnutrition.com.br\\\/produto\\\/brainstorm-coffee-186g-essential\\\/#primaryimage\",\"url\":\"https:\\\/\\\/bioflexnutrition.com.br\\\/wp-content\\\/uploads\\\/2025\\\/06\\\/15339117339-brainstorm-coffee-lata-pequena.jpg\",\"contentUrl\":\"https:\\\/\\\/bioflexnutrition.com.br\\\/wp-content\\\/uploads\\\/2025\\\/06\\\/15339117339-brainstorm-coffee-lata-pequena.jpg\",\"width\":1950,\"height\":1950},{\"@type\":\"BreadcrumbList\",\"@id\":\"https:\\\/\\\/bioflexnutrition.com.br\\\/produto\\\/brainstorm-coffee-186g-essential\\\/#breadcrumb\",\"itemListElement\":[{\"@type\":\"ListItem\",\"position\":1,\"name\":\"In\u00edcio\",\"item\":\"https:\\\/\\\/bioflexnutrition.com.br\\\/\"},{\"@type\":\"ListItem\",\"position\":2,\"name\":\"Loja\",\"item\":\"https:\\\/\\\/bioflexnutrition.com.br\\\/todos\\\/\"},{\"@type\":\"ListItem\",\"position\":3,\"name\":\"BRAINSTORM COFFEE 186G ESSENTIAL\"}]},{\"@type\":\"WebSite\",\"@id\":\"https:\\\/\\\/bioflexnutrition.com.br\\\/#website\",\"url\":\"https:\\\/\\\/bioflexnutrition.com.br\\\/\",\"name\":\"Bioflex Nutrition\",\"description\":\"Sua loja online de Nutri\u00e7\u00e3o e Sa\u00fade\",\"publisher\":{\"@id\":\"https:\\\/\\\/bioflexnutrition.com.br\\\/#organization\"},\"potentialAction\":[{\"@type\":\"SearchAction\",\"target\":{\"@type\":\"EntryPoint\",\"urlTemplate\":\"https:\\\/\\\/bioflexnutrition.com.br\\\/?s={search_term_string}\"},\"query-input\":{\"@type\":\"PropertyValueSpecification\",\"valueRequired\":true,\"valueName\":\"search_term_string\"}}],\"inLanguage\":\"en-US\"},{\"@type\":\"Organization\",\"@id\":\"https:\\\/\\\/bioflexnutrition.com.br\\\/#organization\",\"name\":\"Bioflex Nutrition\",\"url\":\"https:\\\/\\\/bioflexnutrition.com.br\\\/\",\"logo\":{\"@type\":\"ImageObject\",\"inLanguage\":\"en-US\",\"@id\":\"https:\\\/\\\/bioflexnutrition.com.br\\\/#\\\/schema\\\/logo\\\/image\\\/\",\"url\":\"https:\\\/\\\/bioflexnutrition.com.br\\\/wp-content\\\/uploads\\\/2025\\\/04\\\/fav.webp\",\"contentUrl\":\"https:\\\/\\\/bioflexnutrition.com.br\\\/wp-content\\\/uploads\\\/2025\\\/04\\\/fav.webp\",\"width\":1150,\"height\":1000,\"caption\":\"Bioflex Nutrition\"},\"image\":{\"@id\":\"https:\\\/\\\/bioflexnutrition.com.br\\\/#\\\/schema\\\/logo\\\/image\\\/\"},\"sameAs\":[\"https:\\\/\\\/www.instagram.com\\\/bioflexnh\\\/\"]}]}<\/script>\n<!-- \/ Yoast SEO plugin. -->","yoast_head_json":{"title":"BRAINSTORM COFFEE 186G ESSENTIAL - Bioflex Nutrition","robots":{"index":"index","follow":"follow","max-snippet":"max-snippet:-1","max-image-preview":"max-image-preview:large","max-video-preview":"max-video-preview:-1"},"canonical":"https:\/\/bioflexnutrition.com.br\/en\/product\/brainstorm-coffee-186g-essential\/","og_locale":"en_US","og_type":"article","og_title":"BRAINSTORM COFFEE 186G ESSENTIAL - Bioflex Nutrition","og_description":"Brainstorm Coffee Vegan Caf\u00e9 funcional com especiarias que re\u00fane ingredientes para proporcionar foco e energia. \u00c9 perfeito para come\u00e7ar o dia e acompanhar as suas atividades com uma dose de inspira\u00e7\u00e3o extra.","og_url":"https:\/\/bioflexnutrition.com.br\/en\/product\/brainstorm-coffee-186g-essential\/","og_site_name":"Bioflex Nutrition","article_modified_time":"2026-03-31T19:33:53+00:00","og_image":[{"width":1950,"height":1950,"url":"https:\/\/bioflexnutrition.com.br\/wp-content\/uploads\/2025\/06\/15339117339-brainstorm-coffee-lata-pequena.jpg","type":"image\/jpeg"}],"twitter_card":"summary_large_image","twitter_misc":{"Est. reading time":"4 minutes"},"schema":{"@context":"https:\/\/schema.org","@graph":[{"@type":["WebPage","ItemPage"],"@id":"https:\/\/bioflexnutrition.com.br\/produto\/brainstorm-coffee-186g-essential\/","url":"https:\/\/bioflexnutrition.com.br\/produto\/brainstorm-coffee-186g-essential\/","name":"BRAINSTORM COFFEE 186G ESSENTIAL - Bioflex Nutrition","isPartOf":{"@id":"https:\/\/bioflexnutrition.com.br\/#website"},"primaryImageOfPage":{"@id":"https:\/\/bioflexnutrition.com.br\/produto\/brainstorm-coffee-186g-essential\/#primaryimage"},"image":{"@id":"https:\/\/bioflexnutrition.com.br\/produto\/brainstorm-coffee-186g-essential\/#primaryimage"},"thumbnailUrl":"https:\/\/bioflexnutrition.com.br\/wp-content\/uploads\/2025\/06\/15339117339-brainstorm-coffee-lata-pequena.jpg","datePublished":"2025-06-06T19:16:01+00:00","dateModified":"2026-03-31T19:33:53+00:00","breadcrumb":{"@id":"https:\/\/bioflexnutrition.com.br\/produto\/brainstorm-coffee-186g-essential\/#breadcrumb"},"inLanguage":"en-US","potentialAction":[{"@type":"ReadAction","target":["https:\/\/bioflexnutrition.com.br\/produto\/brainstorm-coffee-186g-essential\/"]}]},{"@type":"ImageObject","inLanguage":"en-US","@id":"https:\/\/bioflexnutrition.com.br\/produto\/brainstorm-coffee-186g-essential\/#primaryimage","url":"https:\/\/bioflexnutrition.com.br\/wp-content\/uploads\/2025\/06\/15339117339-brainstorm-coffee-lata-pequena.jpg","contentUrl":"https:\/\/bioflexnutrition.com.br\/wp-content\/uploads\/2025\/06\/15339117339-brainstorm-coffee-lata-pequena.jpg","width":1950,"height":1950},{"@type":"BreadcrumbList","@id":"https:\/\/bioflexnutrition.com.br\/produto\/brainstorm-coffee-186g-essential\/#breadcrumb","itemListElement":[{"@type":"ListItem","position":1,"name":"In\u00edcio","item":"https:\/\/bioflexnutrition.com.br\/"},{"@type":"ListItem","position":2,"name":"Loja","item":"https:\/\/bioflexnutrition.com.br\/todos\/"},{"@type":"ListItem","position":3,"name":"BRAINSTORM COFFEE 186G ESSENTIAL"}]},{"@type":"WebSite","@id":"https:\/\/bioflexnutrition.com.br\/#website","url":"https:\/\/bioflexnutrition.com.br\/","name":"Bioflex Nutrition","description":"Sua loja online de Nutri\u00e7\u00e3o e Sa\u00fade","publisher":{"@id":"https:\/\/bioflexnutrition.com.br\/#organization"},"potentialAction":[{"@type":"SearchAction","target":{"@type":"EntryPoint","urlTemplate":"https:\/\/bioflexnutrition.com.br\/?s={search_term_string}"},"query-input":{"@type":"PropertyValueSpecification","valueRequired":true,"valueName":"search_term_string"}}],"inLanguage":"en-US"},{"@type":"Organization","@id":"https:\/\/bioflexnutrition.com.br\/#organization","name":"Bioflex Nutrition","url":"https:\/\/bioflexnutrition.com.br\/","logo":{"@type":"ImageObject","inLanguage":"en-US","@id":"https:\/\/bioflexnutrition.com.br\/#\/schema\/logo\/image\/","url":"https:\/\/bioflexnutrition.com.br\/wp-content\/uploads\/2025\/04\/fav.webp","contentUrl":"https:\/\/bioflexnutrition.com.br\/wp-content\/uploads\/2025\/04\/fav.webp","width":1150,"height":1000,"caption":"Bioflex Nutrition"},"image":{"@id":"https:\/\/bioflexnutrition.com.br\/#\/schema\/logo\/image\/"},"sameAs":["https:\/\/www.instagram.com\/bioflexnh\/"]}]}},"_links":{"self":[{"href":"https:\/\/bioflexnutrition.com.br\/en\/wp-json\/wp\/v2\/product\/6971","targetHints":{"allow":["GET"]}}],"collection":[{"href":"https:\/\/bioflexnutrition.com.br\/en\/wp-json\/wp\/v2\/product"}],"about":[{"href":"https:\/\/bioflexnutrition.com.br\/en\/wp-json\/wp\/v2\/types\/product"}],"replies":[{"embeddable":true,"href":"https:\/\/bioflexnutrition.com.br\/en\/wp-json\/wp\/v2\/comments?post=6971"}],"wp:featuredmedia":[{"embeddable":true,"href":"https:\/\/bioflexnutrition.com.br\/en\/wp-json\/wp\/v2\/media\/6936"}],"wp:attachment":[{"href":"https:\/\/bioflexnutrition.com.br\/en\/wp-json\/wp\/v2\/media?parent=6971"}],"wp:term":[{"taxonomy":"product_cat","embeddable":true,"href":"https:\/\/bioflexnutrition.com.br\/en\/wp-json\/wp\/v2\/product_cat?post=6971"},{"taxonomy":"product_tag","embeddable":true,"href":"https:\/\/bioflexnutrition.com.br\/en\/wp-json\/wp\/v2\/product_tag?post=6971"}],"curies":[{"name":"wp","href":"https:\/\/api.w.org\/{rel}","templated":true}]}}