{"id":7019,"date":"2025-06-23T18:31:12","date_gmt":"2025-06-23T21:31:12","guid":{"rendered":"https:\/\/bioflexnutrition.com.br\/produto\/creatine-action-gummy-laranja-3g-30-doses-essential\/"},"modified":"2026-03-31T16:50:15","modified_gmt":"2026-03-31T19:50:15","slug":"creatine-action-gummy-laranja-3g-30-doses-essential","status":"publish","type":"product","link":"https:\/\/bioflexnutrition.com.br\/en\/product\/creatine-action-gummy-laranja-3g-30-doses-essential\/","title":{"rendered":"Creatine Action Gummy Laranja 3g 30 Doses Essential"},"content":{"rendered":"<h2>O PODER da CREATINA EM DELICIOSAS GOMINHAS<\/h2>\n<p><strong>Creatine Action Gummy<\/strong> transforma todo o poder da creatina em um momento saboroso.<\/p>\n<p>Sua f\u00f3rmula conta com <strong>creatina mono-hidratada altamente purificada<\/strong> e com sabores surpreendentes.<\/p>\n<p>Cada dose fornece <strong>3g de creatina<\/strong>, livre de a\u00e7\u00facares e aditivos artificiais.<\/p>\n<h3>Destaques<\/h3>\n<ul>\n<li>3g de creatina por dose<\/li>\n<li>Gomas de creatina sem a\u00e7\u00facar<\/li>\n<li>Creatina em goma de alta performance<\/li>\n<li>Creatina de alta pureza<\/li>\n<li>3g de creatina = 2 gomas<\/li>\n<\/ul>\n<h3>N\u00c3O CONT\u00c9M<\/h3>\n<ul>\n<li>A\u00e7\u00facar<\/li>\n<li>Gl\u00faten<\/li>\n<li>Lactose<\/li>\n<li>Conservantes artificiais<\/li>\n<li>Aromas artificiais<\/li>\n<li>Ado\u00e7antes artificiais<\/li>\n<li>Corantes artificiais<\/li>\n<\/ul>\n<h2>TURN ON YOUR ACTIVE MODE<\/h2>\n<p>Voc\u00ea liga o modo ativo quando seu corpo recebe o que precisa, na forma certa.<\/p>\n<p>Como quando escolhe uma creatina com alta qualidade e pureza, que \u00e9 absorvida de forma eficiente, funciona de verdade e pode ser consumida a qualquer hora.<\/p>\n<p>Na vers\u00e3o em gomas, ela \u00e9 pr\u00e1tica, saborosa e f\u00e1cil de incluir na rotina.<\/p>\n<p>\u00c9 creatina com desempenho, conveni\u00eancia e ci\u00eancia em um novo formato.<\/p>\n<h2>PRATICIDADE para SIMPLIFICAR A SUA ROTINA<\/h2>\n<p>Em meio \u00e0s demandas da rotina, encontrar praticidade \u00e9 essencial.<\/p>\n<p>Seja na academia, no trabalho ou em viagens, <strong>Creatine Action Gummy<\/strong> oferece uma forma inteligente de suplementar: pr\u00e1tica, f\u00e1cil de transportar e pronta para o consumo, sem necessidade de preparo.<\/p>\n<h2>POR QUE A CREATINA \u00c9 UM DOS SUPLEMENTOS MAIS INDICADOS?<\/h2>\n<p>A creatina \u00e9 um dos suplementos mais estudados pela ci\u00eancia, com efic\u00e1cia e seguran\u00e7a comprovadas por diversas pesquisas.<\/p>\n<p>Ela tem um papel relevante na via bioqu\u00edmica do <strong>ATP<\/strong> \u2014 principal mol\u00e9cula de energia do corpo e do c\u00e9rebro.<\/p>\n<p><strong>A creatina auxilia no aumento do desempenho f\u00edsico<\/strong> durante exerc\u00edcios repetidos de curta dura\u00e7\u00e3o e alta intensidade. Por isso, \u00e9 amplamente utilizada por quem busca mais for\u00e7a e resist\u00eancia f\u00edsica.<\/p>\n<h3>Como a creatina funciona?<\/h3>\n<ol>\n<li>A principal fonte de energia das nossas c\u00e9lulas \u00e9 o ATP.<\/li>\n<li>Quando contra\u00edmos um m\u00fasculo, o ATP libera energia, perdendo um dos seus fosfatos.<\/li>\n<li>Assim, o ATP \u00e9 convertido em ADP e n\u00e3o consegue mais gerar energia.<\/li>\n<li>Ent\u00e3o, a creatina armazenada no corpo rep\u00f5e o fosfato perdido.<\/li>\n<li>Com isso, o ADP \u00e9 convertido novamente em ATP.<\/li>\n<li>E mais energia estar\u00e1 rapidamente dispon\u00edvel.<\/li>\n<\/ol>\n<h2>COMO ESCOLHER A MELHOR GOMA DE CREATINA<\/h2>\n<p>Uma boa goma de creatina vai muito al\u00e9m de um formato divertido. Ela precisa reunir qualidade, efic\u00e1cia e sabor \u2014 tudo no mesmo produto. Por isso, na hora de escolher a melhor gominha de creatina para voc\u00ea, coloque aten\u00e7\u00e3o em alguns pontos essenciais.<\/p>\n<ul>\n<li><strong>Creatina de alta pureza:<\/strong> opte por gomas produzidas com creatina testada analiticamente, com garantia de proced\u00eancia e qualidade.<\/li>\n<li><strong>F\u00f3rmula limpa:<\/strong> d\u00ea prioridade para gomas livres de corantes, ado\u00e7antes e conservantes artificiais.<\/li>\n<li><strong>Sabor delicioso:<\/strong> afinal, a experi\u00eancia prazerosa ajuda na ades\u00e3o.<\/li>\n<\/ul>\n<h2>PERFORMANCE DE ATLETA, CARA DE SOBREMESA<\/h2>\n<p>O <strong>sabor laranja<\/strong> traz equil\u00edbrio entre o frescor e a do\u00e7ura. Uma op\u00e7\u00e3o leve, mas vibrante, que transforma a suplementa\u00e7\u00e3o em uma pausa prazerosa.<\/p>\n<p>Com poucas calorias e uma f\u00f3rmula limpa, \u00e9 perfeito para manter uma rotina ativa e gostosa, feita de bons h\u00e1bitos.<\/p>\n<h2>INFORMA\u00c7\u00c3O NUTRICIONAL<\/h2>\n<p>Coloque uma aten\u00e7\u00e3o especial na lista de ingredientes: o ingrediente que estiver em maior quantidade vem primeiro, e assim por diante. Voc\u00ea vai perceber que todos os produtos da linha Essential s\u00e3o livres de calorias vazias e cheios de ingredientes naturais. Tudo que adicionamos contribui para uma nutri\u00e7\u00e3o mais completa.<\/p>\n<h3>TABELA NUTRICIONAL<\/h3>\n<p><strong>Por\u00e7\u00f5es por embalagem:<\/strong> 30<br \/><strong>Por\u00e7\u00e3o:<\/strong> 8g (2 gomas)<\/p>\n<table border=\"1\" cellpadding=\"6\" cellspacing=\"0\">\n<thead>\n<tr>\n<th>Componente<\/th>\n<th>8g<\/th>\n<th>%VD*<\/th>\n<\/tr>\n<\/thead>\n<tbody>\n<tr>\n<td>Valor energ\u00e9tico (kcal)<\/td>\n<td>11<\/td>\n<td>1<\/td>\n<\/tr>\n<tr>\n<td>Carboidratos (g)<\/td>\n<td>3<\/td>\n<td>1<\/td>\n<\/tr>\n<tr>\n<td>A\u00e7\u00facares totais (g)<\/td>\n<td>0<\/td>\n<td>&#8211;<\/td>\n<\/tr>\n<tr>\n<td>A\u00e7\u00facares adicionados (g)<\/td>\n<td>0<\/td>\n<td>0<\/td>\n<\/tr>\n<tr>\n<td>Poli\u00f3is totais (g)<\/td>\n<td>3<\/td>\n<td>&#8211;<\/td>\n<\/tr>\n<tr>\n<td>Prote\u00ednas (g)<\/td>\n<td>0,8<\/td>\n<td>2<\/td>\n<\/tr>\n<tr>\n<td>Creatina (mg)<\/td>\n<td>3.000<\/td>\n<td>&#8211;<\/td>\n<\/tr>\n<\/tbody>\n<\/table>\n<p><em>N\u00e3o cont\u00e9m quantidades significativas de gorduras totais, gorduras saturadas, gorduras trans, fibras alimentares e s\u00f3dio.<\/em><\/p>\n<p><em>*Percentual de valores di\u00e1rios fornecidos pela por\u00e7\u00e3o.<\/em><\/p>\n<h3>Ingredientes<\/h3>\n<p>Creatina mono-hidratada, agentes de massa maltitol e sorbitol, gelificantes gelatina e pectinas, acidulante \u00e1cido c\u00edtrico, aromatizantes naturais, glaceante cera de carna\u00faba e corante betacarotenos vegetais.<\/p>\n<p><strong>N\u00c3O CONT\u00c9M GL\u00daTEN.<\/strong><\/p>\n<h3>MODO DE USO<\/h3>\n<p>Consumir 2 gomas ao dia ou conforme orienta\u00e7\u00e3o de m\u00e9dico ou nutricionista.<\/p>\n<h3>Recomenda\u00e7\u00f5es<\/h3>\n<ul>\n<li>Manter este produto bem fechado em local fresco, seco e ao abrigo da luz solar.<\/li>\n<li>Ap\u00f3s aberto, consumir em at\u00e9 40 dias.<\/li>\n<li>Este produto \u00e9 recomendado para adultos (\u2265 19 anos).<\/li>\n<li>Este produto n\u00e3o deve ser consumido por gestantes, lactantes e crian\u00e7as.<\/li>\n<li><em>\u201cEste produto n\u00e3o \u00e9 um medicamento.\u201d<\/em><\/li>\n<li><em>\u201cN\u00e3o exceder a recomenda\u00e7\u00e3o di\u00e1ria de consumo indicada na embalagem.\u201d<\/em><\/li>\n<li><em>\u201cMantenha fora do alcance de crian\u00e7as.\u201d<\/em><\/li>\n<li>A colora\u00e7\u00e3o do produto pode apresentar varia\u00e7\u00e3o devido \u00e0 presen\u00e7a de ingredientes naturais, sem comprometer sua qualidade.<\/li>\n<\/ul>","protected":false},"excerpt":{"rendered":"<p><span style=\"color: #666666;font-family: proxima-nova, sans-serif\"><span style=\"font-size: 16px\">Gomas com 3g de creatina mono-hidratada altamente purificada por dose, dispon\u00edvel em um delicioso sabor de Laranja. Uma forma inteligente, prazerosa e eficaz de incluir a creatina na sua rotina.<\/span><\/span><\/p>","protected":false},"featured_media":7307,"comment_status":"open","ping_status":"closed","template":"","meta":{"_joinchat":[]},"product_cat":[165,248,262,265,160,157,164,170],"product_tag":[],"class_list":{"0":"post-7019","1":"product","2":"type-product","3":"status-publish","4":"has-post-thumbnail","6":"product_cat-alta-performance","7":"product_cat-categorias-e","8":"product_cat-creatina-categorias-ecommerce","9":"product_cat-creatina-monohidratada","10":"product_cat-essential","11":"product_cat-marcas","12":"product_cat-objetivos-especificos","13":"product_cat-para-ganho-de-massa","15":"first","16":"instock","17":"shipping-taxable","18":"purchasable","19":"product-type-simple","20":"col-xs-6 col-sm-4","21":"col-md-3 col-lg-3","22":"un-4-cols"},"yoast_head":"<!-- This site is optimized with the Yoast SEO plugin v27.3 - https:\/\/yoast.com\/product\/yoast-seo-wordpress\/ -->\n<title>Creatine Action Gummy Laranja 3g 30 Doses Essential - Bioflex Nutrition<\/title>\n<meta name=\"robots\" content=\"index, follow, max-snippet:-1, max-image-preview:large, max-video-preview:-1\" \/>\n<link rel=\"canonical\" href=\"https:\/\/bioflexnutrition.com.br\/en\/product\/creatine-action-gummy-laranja-3g-30-doses-essential\/\" \/>\n<meta property=\"og:locale\" content=\"en_US\" \/>\n<meta property=\"og:type\" content=\"article\" \/>\n<meta property=\"og:title\" content=\"Creatine Action Gummy Laranja 3g 30 Doses Essential - Bioflex Nutrition\" \/>\n<meta property=\"og:description\" content=\"Gomas com 3g de creatina mono-hidratada altamente purificada por dose, dispon\u00edvel em um delicioso sabor de Laranja. Uma forma inteligente, prazerosa e eficaz de incluir a creatina na sua rotina.\" \/>\n<meta property=\"og:url\" content=\"https:\/\/bioflexnutrition.com.br\/en\/product\/creatine-action-gummy-laranja-3g-30-doses-essential\/\" \/>\n<meta property=\"og:site_name\" content=\"Bioflex Nutrition\" \/>\n<meta property=\"article:modified_time\" content=\"2026-03-31T19:50:15+00:00\" \/>\n<meta property=\"og:image\" content=\"https:\/\/bioflexnutrition.com.br\/wp-content\/uploads\/2025\/06\/creatine-action-gummy1.webp\" \/>\n\t<meta property=\"og:image:width\" content=\"1000\" \/>\n\t<meta property=\"og:image:height\" content=\"1000\" \/>\n\t<meta property=\"og:image:type\" content=\"image\/webp\" \/>\n<meta name=\"twitter:card\" content=\"summary_large_image\" \/>\n<meta name=\"twitter:label1\" content=\"Est. reading time\" \/>\n\t<meta name=\"twitter:data1\" content=\"5 minutes\" \/>\n<script type=\"application\/ld+json\" class=\"yoast-schema-graph\">{\"@context\":\"https:\\\/\\\/schema.org\",\"@graph\":[{\"@type\":[\"WebPage\",\"ItemPage\"],\"@id\":\"https:\\\/\\\/bioflexnutrition.com.br\\\/produto\\\/creatine-action-gummy-laranja-3g-30-doses-essential\\\/\",\"url\":\"https:\\\/\\\/bioflexnutrition.com.br\\\/produto\\\/creatine-action-gummy-laranja-3g-30-doses-essential\\\/\",\"name\":\"Creatine Action Gummy Laranja 3g 30 Doses Essential - Bioflex Nutrition\",\"isPartOf\":{\"@id\":\"https:\\\/\\\/bioflexnutrition.com.br\\\/#website\"},\"primaryImageOfPage\":{\"@id\":\"https:\\\/\\\/bioflexnutrition.com.br\\\/produto\\\/creatine-action-gummy-laranja-3g-30-doses-essential\\\/#primaryimage\"},\"image\":{\"@id\":\"https:\\\/\\\/bioflexnutrition.com.br\\\/produto\\\/creatine-action-gummy-laranja-3g-30-doses-essential\\\/#primaryimage\"},\"thumbnailUrl\":\"https:\\\/\\\/bioflexnutrition.com.br\\\/wp-content\\\/uploads\\\/2025\\\/06\\\/creatine-action-gummy1.webp\",\"datePublished\":\"2025-06-23T21:31:12+00:00\",\"dateModified\":\"2026-03-31T19:50:15+00:00\",\"breadcrumb\":{\"@id\":\"https:\\\/\\\/bioflexnutrition.com.br\\\/produto\\\/creatine-action-gummy-laranja-3g-30-doses-essential\\\/#breadcrumb\"},\"inLanguage\":\"en-US\",\"potentialAction\":[{\"@type\":\"ReadAction\",\"target\":[\"https:\\\/\\\/bioflexnutrition.com.br\\\/produto\\\/creatine-action-gummy-laranja-3g-30-doses-essential\\\/\"]}]},{\"@type\":\"ImageObject\",\"inLanguage\":\"en-US\",\"@id\":\"https:\\\/\\\/bioflexnutrition.com.br\\\/produto\\\/creatine-action-gummy-laranja-3g-30-doses-essential\\\/#primaryimage\",\"url\":\"https:\\\/\\\/bioflexnutrition.com.br\\\/wp-content\\\/uploads\\\/2025\\\/06\\\/creatine-action-gummy1.webp\",\"contentUrl\":\"https:\\\/\\\/bioflexnutrition.com.br\\\/wp-content\\\/uploads\\\/2025\\\/06\\\/creatine-action-gummy1.webp\",\"width\":1000,\"height\":1000},{\"@type\":\"BreadcrumbList\",\"@id\":\"https:\\\/\\\/bioflexnutrition.com.br\\\/produto\\\/creatine-action-gummy-laranja-3g-30-doses-essential\\\/#breadcrumb\",\"itemListElement\":[{\"@type\":\"ListItem\",\"position\":1,\"name\":\"In\u00edcio\",\"item\":\"https:\\\/\\\/bioflexnutrition.com.br\\\/\"},{\"@type\":\"ListItem\",\"position\":2,\"name\":\"Loja\",\"item\":\"https:\\\/\\\/bioflexnutrition.com.br\\\/todos\\\/\"},{\"@type\":\"ListItem\",\"position\":3,\"name\":\"Creatine Action Gummy Laranja 3g 30 Doses Essential\"}]},{\"@type\":\"WebSite\",\"@id\":\"https:\\\/\\\/bioflexnutrition.com.br\\\/#website\",\"url\":\"https:\\\/\\\/bioflexnutrition.com.br\\\/\",\"name\":\"Bioflex Nutrition\",\"description\":\"Sua loja online de Nutri\u00e7\u00e3o e Sa\u00fade\",\"publisher\":{\"@id\":\"https:\\\/\\\/bioflexnutrition.com.br\\\/#organization\"},\"potentialAction\":[{\"@type\":\"SearchAction\",\"target\":{\"@type\":\"EntryPoint\",\"urlTemplate\":\"https:\\\/\\\/bioflexnutrition.com.br\\\/?s={search_term_string}\"},\"query-input\":{\"@type\":\"PropertyValueSpecification\",\"valueRequired\":true,\"valueName\":\"search_term_string\"}}],\"inLanguage\":\"en-US\"},{\"@type\":\"Organization\",\"@id\":\"https:\\\/\\\/bioflexnutrition.com.br\\\/#organization\",\"name\":\"Bioflex Nutrition\",\"url\":\"https:\\\/\\\/bioflexnutrition.com.br\\\/\",\"logo\":{\"@type\":\"ImageObject\",\"inLanguage\":\"en-US\",\"@id\":\"https:\\\/\\\/bioflexnutrition.com.br\\\/#\\\/schema\\\/logo\\\/image\\\/\",\"url\":\"https:\\\/\\\/bioflexnutrition.com.br\\\/wp-content\\\/uploads\\\/2025\\\/04\\\/fav.webp\",\"contentUrl\":\"https:\\\/\\\/bioflexnutrition.com.br\\\/wp-content\\\/uploads\\\/2025\\\/04\\\/fav.webp\",\"width\":1150,\"height\":1000,\"caption\":\"Bioflex Nutrition\"},\"image\":{\"@id\":\"https:\\\/\\\/bioflexnutrition.com.br\\\/#\\\/schema\\\/logo\\\/image\\\/\"},\"sameAs\":[\"https:\\\/\\\/www.instagram.com\\\/bioflexnh\\\/\"]}]}<\/script>\n<!-- \/ Yoast SEO plugin. -->","yoast_head_json":{"title":"Creatine Action Gummy Laranja 3g 30 Doses Essential - Bioflex Nutrition","robots":{"index":"index","follow":"follow","max-snippet":"max-snippet:-1","max-image-preview":"max-image-preview:large","max-video-preview":"max-video-preview:-1"},"canonical":"https:\/\/bioflexnutrition.com.br\/en\/product\/creatine-action-gummy-laranja-3g-30-doses-essential\/","og_locale":"en_US","og_type":"article","og_title":"Creatine Action Gummy Laranja 3g 30 Doses Essential - Bioflex Nutrition","og_description":"Gomas com 3g de creatina mono-hidratada altamente purificada por dose, dispon\u00edvel em um delicioso sabor de Laranja. Uma forma inteligente, prazerosa e eficaz de incluir a creatina na sua rotina.","og_url":"https:\/\/bioflexnutrition.com.br\/en\/product\/creatine-action-gummy-laranja-3g-30-doses-essential\/","og_site_name":"Bioflex Nutrition","article_modified_time":"2026-03-31T19:50:15+00:00","og_image":[{"width":1000,"height":1000,"url":"https:\/\/bioflexnutrition.com.br\/wp-content\/uploads\/2025\/06\/creatine-action-gummy1.webp","type":"image\/webp"}],"twitter_card":"summary_large_image","twitter_misc":{"Est. reading time":"5 minutes"},"schema":{"@context":"https:\/\/schema.org","@graph":[{"@type":["WebPage","ItemPage"],"@id":"https:\/\/bioflexnutrition.com.br\/produto\/creatine-action-gummy-laranja-3g-30-doses-essential\/","url":"https:\/\/bioflexnutrition.com.br\/produto\/creatine-action-gummy-laranja-3g-30-doses-essential\/","name":"Creatine Action Gummy Laranja 3g 30 Doses Essential - Bioflex Nutrition","isPartOf":{"@id":"https:\/\/bioflexnutrition.com.br\/#website"},"primaryImageOfPage":{"@id":"https:\/\/bioflexnutrition.com.br\/produto\/creatine-action-gummy-laranja-3g-30-doses-essential\/#primaryimage"},"image":{"@id":"https:\/\/bioflexnutrition.com.br\/produto\/creatine-action-gummy-laranja-3g-30-doses-essential\/#primaryimage"},"thumbnailUrl":"https:\/\/bioflexnutrition.com.br\/wp-content\/uploads\/2025\/06\/creatine-action-gummy1.webp","datePublished":"2025-06-23T21:31:12+00:00","dateModified":"2026-03-31T19:50:15+00:00","breadcrumb":{"@id":"https:\/\/bioflexnutrition.com.br\/produto\/creatine-action-gummy-laranja-3g-30-doses-essential\/#breadcrumb"},"inLanguage":"en-US","potentialAction":[{"@type":"ReadAction","target":["https:\/\/bioflexnutrition.com.br\/produto\/creatine-action-gummy-laranja-3g-30-doses-essential\/"]}]},{"@type":"ImageObject","inLanguage":"en-US","@id":"https:\/\/bioflexnutrition.com.br\/produto\/creatine-action-gummy-laranja-3g-30-doses-essential\/#primaryimage","url":"https:\/\/bioflexnutrition.com.br\/wp-content\/uploads\/2025\/06\/creatine-action-gummy1.webp","contentUrl":"https:\/\/bioflexnutrition.com.br\/wp-content\/uploads\/2025\/06\/creatine-action-gummy1.webp","width":1000,"height":1000},{"@type":"BreadcrumbList","@id":"https:\/\/bioflexnutrition.com.br\/produto\/creatine-action-gummy-laranja-3g-30-doses-essential\/#breadcrumb","itemListElement":[{"@type":"ListItem","position":1,"name":"In\u00edcio","item":"https:\/\/bioflexnutrition.com.br\/"},{"@type":"ListItem","position":2,"name":"Loja","item":"https:\/\/bioflexnutrition.com.br\/todos\/"},{"@type":"ListItem","position":3,"name":"Creatine Action Gummy Laranja 3g 30 Doses Essential"}]},{"@type":"WebSite","@id":"https:\/\/bioflexnutrition.com.br\/#website","url":"https:\/\/bioflexnutrition.com.br\/","name":"Bioflex Nutrition","description":"Sua loja online de Nutri\u00e7\u00e3o e Sa\u00fade","publisher":{"@id":"https:\/\/bioflexnutrition.com.br\/#organization"},"potentialAction":[{"@type":"SearchAction","target":{"@type":"EntryPoint","urlTemplate":"https:\/\/bioflexnutrition.com.br\/?s={search_term_string}"},"query-input":{"@type":"PropertyValueSpecification","valueRequired":true,"valueName":"search_term_string"}}],"inLanguage":"en-US"},{"@type":"Organization","@id":"https:\/\/bioflexnutrition.com.br\/#organization","name":"Bioflex Nutrition","url":"https:\/\/bioflexnutrition.com.br\/","logo":{"@type":"ImageObject","inLanguage":"en-US","@id":"https:\/\/bioflexnutrition.com.br\/#\/schema\/logo\/image\/","url":"https:\/\/bioflexnutrition.com.br\/wp-content\/uploads\/2025\/04\/fav.webp","contentUrl":"https:\/\/bioflexnutrition.com.br\/wp-content\/uploads\/2025\/04\/fav.webp","width":1150,"height":1000,"caption":"Bioflex Nutrition"},"image":{"@id":"https:\/\/bioflexnutrition.com.br\/#\/schema\/logo\/image\/"},"sameAs":["https:\/\/www.instagram.com\/bioflexnh\/"]}]}},"_links":{"self":[{"href":"https:\/\/bioflexnutrition.com.br\/en\/wp-json\/wp\/v2\/product\/7019","targetHints":{"allow":["GET"]}}],"collection":[{"href":"https:\/\/bioflexnutrition.com.br\/en\/wp-json\/wp\/v2\/product"}],"about":[{"href":"https:\/\/bioflexnutrition.com.br\/en\/wp-json\/wp\/v2\/types\/product"}],"replies":[{"embeddable":true,"href":"https:\/\/bioflexnutrition.com.br\/en\/wp-json\/wp\/v2\/comments?post=7019"}],"wp:featuredmedia":[{"embeddable":true,"href":"https:\/\/bioflexnutrition.com.br\/en\/wp-json\/wp\/v2\/media\/7307"}],"wp:attachment":[{"href":"https:\/\/bioflexnutrition.com.br\/en\/wp-json\/wp\/v2\/media?parent=7019"}],"wp:term":[{"taxonomy":"product_cat","embeddable":true,"href":"https:\/\/bioflexnutrition.com.br\/en\/wp-json\/wp\/v2\/product_cat?post=7019"},{"taxonomy":"product_tag","embeddable":true,"href":"https:\/\/bioflexnutrition.com.br\/en\/wp-json\/wp\/v2\/product_tag?post=7019"}],"curies":[{"name":"wp","href":"https:\/\/api.w.org\/{rel}","templated":true}]}}