{"id":7404,"date":"2025-09-08T15:10:41","date_gmt":"2025-09-08T18:10:41","guid":{"rendered":"https:\/\/bioflexnutrition.com.br\/produto\/livestrong-sabor-neutro-30-doses-237g-essential\/"},"modified":"2026-04-10T14:03:13","modified_gmt":"2026-04-10T17:03:13","slug":"livestrong-sabor-neutro-30-doses-237g-essential","status":"publish","type":"product","link":"https:\/\/bioflexnutrition.com.br\/en\/product\/livestrong-sabor-neutro-30-doses-237g-essential\/","title":{"rendered":"Livestrong sabor Neutro 30 Doses 237g Essential"},"content":{"rendered":"<h2>INOVA\u00c7\u00c3O E PODER COM PEPTISTRONG\u2122<\/h2>\n<p><strong>LiveStrong<\/strong> \u00e9 uma f\u00f3rmula pr\u00e1tica e inovadora que combina o sabor marcante do puro cacau com <strong>PeptiStrong\u2122<\/strong> \u2014 prote\u00edna hidrolisada da fava, cuidadosamente selecionada com o apoio da intelig\u00eancia artificial, a partir de uma ampla e avan\u00e7ada base de dados cient\u00edficos dedicada a ingredientes derivados de plantas.<\/p>\n<h3>Benef\u00edcios<\/h3>\n<ul>\n<li>2,4g de PeptiStrong\u2122 sabor Chocolate<\/li>\n<li>Prote\u00edna de Fava Vegana<\/li>\n<li>Livre de A\u00e7\u00facar<\/li>\n<li>Livre de Lactose<\/li>\n<li>Ado\u00e7ado com Stevia<\/li>\n<li>Ingredientes Premium<\/li>\n<\/ul>\n<h3>N\u00c3O CONT\u00c9M<\/h3>\n<ul>\n<li>A\u00e7\u00facar<\/li>\n<li>Gl\u00faten<\/li>\n<li>Lactose<\/li>\n<li>Soja<\/li>\n<li>Aromas Artificiais<\/li>\n<li>Ado\u00e7antes Artificiais<\/li>\n<li>Corantes Artificiais<\/li>\n<li>Conservantes<\/li>\n<\/ul>\n<h2>PRATICIDADE E INTELIG\u00caNCIA NA MESMA ESCOLHA<\/h2>\n<p>Sem a\u00e7\u00facar, sem lactose e delicioso, <strong>LiveStrong<\/strong> \u00e9 um alimento que se adapta facilmente \u00e0 rotina de quem busca manter uma vida em equil\u00edbrio e se preocupa com a qualidade do que consome, podendo ser incorporado \u00e0 sua alimenta\u00e7\u00e3o ou combinado com seus suplementos do dia a dia.<\/p>\n<p>Tamb\u00e9m \u00e9 uma excelente op\u00e7\u00e3o para <strong>veganos<\/strong> ou pessoas que seguem uma <strong>dieta plant-based<\/strong>.<\/p>\n<h2>UMA VIDA ATIVA TAMB\u00c9M PODE SER SABOROSA<\/h2>\n<p>Experimente incluir <strong>LiveStrong<\/strong> no seu caf\u00e9 da manh\u00e3 ou em um lanche entre as principais refei\u00e7\u00f5es, especialmente se voc\u00ea prioriza uma alimenta\u00e7\u00e3o equilibrada e j\u00e1 consome prote\u00ednas e outros nutrientes em quantidades adequadas.<\/p>\n<p>Al\u00e9m do sabor intenso, o cacau tamb\u00e9m entrega toda sua <strong>riqueza nutricional<\/strong>, oferecendo diversos compostos presentes na sua composi\u00e7\u00e3o natural.<\/p>\n<h2>FORTALECER BONS H\u00c1BITOS \u00c9 INVESTIR EM VOC\u00ca<\/h2>\n<p>Um estilo de vida ativo, associado a uma alimenta\u00e7\u00e3o equilibrada, \u00e9 uma das principais estrat\u00e9gias adotadas para a manuten\u00e7\u00e3o do bem-estar e a melhora da qualidade de vida.<\/p>\n<p>Nesse sentido, o investimento em escolhas alimentares adequadas e a continuidade de h\u00e1bitos saud\u00e1veis se mostram fundamentais.<\/p>\n<h2>EM CADA UM DE N\u00d3S, EXISTE UMA FOR\u00c7A<\/h2>\n<p>Estimulada pelas combina\u00e7\u00f5es certas, ela sinaliza um caminho, sustenta uma mudan\u00e7a e transforma uma consci\u00eancia.<\/p>\n<h3>SER FORTE \u00c9 PODER MANTER SUA VITALIDADE<\/h3>\n<p>Quem suplementa col\u00e1geno, um integrante fundamental na estrutura da pele, ossos e m\u00fasculos, al\u00e9m de tend\u00f5es, ligamentos e articula\u00e7\u00f5es, pode adicionar <strong>LiveStrong<\/strong> aos seus h\u00e1bitos di\u00e1rios tamb\u00e9m.<\/p>\n<p>Dependendo da tecnologia aplicada no processo de obten\u00e7\u00e3o do col\u00e1geno e da sua associa\u00e7\u00e3o com determinados componentes, ele pode ter sua a\u00e7\u00e3o direcionada para tecidos espec\u00edficos.<\/p>\n<h3>Tabela Nutricional<\/h3>\n<p><strong>Por\u00e7\u00f5es por embalagem:<\/strong> 30<\/p>\n<p><strong>Por\u00e7\u00e3o:<\/strong> 9,2 g (1 colher-medida)<\/p>\n<table>\n<thead>\n<tr>\n<th>Quantidade por por\u00e7\u00e3o<\/th>\n<th>100 ml**<\/th>\n<th>9,2 g<\/th>\n<th>% VD*<\/th>\n<\/tr>\n<\/thead>\n<tbody>\n<tr>\n<td>Valor energ\u00e9tico (kcal)<\/td>\n<td>12<\/td>\n<td>24<\/td>\n<td>1%<\/td>\n<\/tr>\n<tr>\n<td>Carboidratos (g)<\/td>\n<td>0,9<\/td>\n<td>1,8<\/td>\n<td>1%<\/td>\n<\/tr>\n<tr>\n<td>A\u00e7\u00facares totais (g)<\/td>\n<td>0<\/td>\n<td>0<\/td>\n<td>\u2014<\/td>\n<\/tr>\n<tr>\n<td>A\u00e7\u00facares adicionados (g)<\/td>\n<td>0<\/td>\n<td>0<\/td>\n<td>0%<\/td>\n<\/tr>\n<tr>\n<td>Lactose (g)<\/td>\n<td>0<\/td>\n<td>0<\/td>\n<td>\u2014<\/td>\n<\/tr>\n<tr>\n<td>Galactose (g)<\/td>\n<td>0<\/td>\n<td>0<\/td>\n<td>\u2014<\/td>\n<\/tr>\n<tr>\n<td>Prote\u00ednas (g)<\/td>\n<td>0,7<\/td>\n<td>1,4<\/td>\n<td>3%<\/td>\n<\/tr>\n<tr>\n<td>Gorduras totais (g)<\/td>\n<td>0<\/td>\n<td>0<\/td>\n<td>0%<\/td>\n<\/tr>\n<tr>\n<td>Gorduras saturadas (g)<\/td>\n<td>0<\/td>\n<td>0<\/td>\n<td>0%<\/td>\n<\/tr>\n<tr>\n<td>Gorduras trans (g)<\/td>\n<td>0<\/td>\n<td>0<\/td>\n<td>0%<\/td>\n<\/tr>\n<tr>\n<td>Fibras alimentares (g)<\/td>\n<td>2,9<\/td>\n<td>5,8<\/td>\n<td>23%<\/td>\n<\/tr>\n<tr>\n<td>S\u00f3dio (mg)<\/td>\n<td>0<\/td>\n<td>0<\/td>\n<td>0%<\/td>\n<\/tr>\n<\/tbody>\n<\/table>\n<p>* Percentual de valores di\u00e1rios fornecidos pela por\u00e7\u00e3o.<br \/>** No alimento pronto para o consumo.<\/p>\n<h3>Ingredientes<\/h3>\n<p>Fibra sol\u00favel resistente de milho*, prote\u00edna de fava hidrolisada* (PeptiStrong\u2122) e aromas* naturais.<br \/><strong>Al\u00e9rgicos:<\/strong> Pode conter leite**.<\/p>\n<p>*Fornece quantidades n\u00e3o significativas de a\u00e7\u00facares.<br \/>**Pode apresentar tra\u00e7os como consequ\u00eancia da presen\u00e7a n\u00e3o intencional durante alguma etapa da fabrica\u00e7\u00e3o das mat\u00e9rias-primas ou da linha de produ\u00e7\u00e3o.<\/p>\n<p>N\u00e3o cont\u00e9m gl\u00faten.<\/p>\n<p><em>PeptiStrong\u2122 is a trademark of Nuritas.<\/em><\/p>\n<p>\u00a0<\/p>\n<h3>MODO DE PREPARO<\/h3>\n<p>Adicione 7,9g (1 colher-medida) em aproximadamente 200ml (1 copo) de \u00e1gua e misture at\u00e9 a total homogeneiza\u00e7\u00e3o. Beba imediatamente ap\u00f3s o preparo.<\/p>\n<p><strong>Conserva\u00e7\u00e3o:<\/strong> manter este produto bem fechado em local fresco, seco e ao abrigo da luz solar. Ap\u00f3s aberto, consumir em at\u00e9 60 dias.<\/p>","protected":false},"excerpt":{"rendered":"<p><span style=\"color: #666666;font-family: proxima-nova, sans-serif\"><span style=\"font-size: 16px\">Uma f\u00f3rmula que combina o sabor marcante do puro cacau com o inovador PeptiStrong\u2122 \u2014 prote\u00edna hidrolisada da fava. O resultado \u00e9 uma bebida deliciosa, sem a\u00e7\u00facar, sem gl\u00faten e sem lactose.<\/span><\/span><\/p>","protected":false},"featured_media":7493,"comment_status":"open","ping_status":"closed","template":"","meta":{"_joinchat":[]},"product_cat":[248,160,199,157,164,285,198,230,280],"product_tag":[],"class_list":{"0":"post-7404","1":"product","2":"type-product","3":"status-publish","4":"has-post-thumbnail","6":"product_cat-categorias-e","7":"product_cat-essential","8":"product_cat-frete-gratis","9":"product_cat-marcas","10":"product_cat-objetivos-especificos","11":"product_cat-outros","12":"product_cat-promocoes","13":"product_cat-saude-e-bem-estar","14":"product_cat-vitaminas","16":"first","17":"instock","18":"shipping-taxable","19":"purchasable","20":"product-type-simple","21":"col-xs-6 col-sm-4","22":"col-md-3 col-lg-3","23":"un-4-cols"},"yoast_head":"<!-- This site is optimized with the Yoast SEO plugin v27.3 - https:\/\/yoast.com\/product\/yoast-seo-wordpress\/ -->\n<title>Livestrong sabor Neutro 30 Doses 237g Essential - Bioflex Nutrition<\/title>\n<meta name=\"robots\" content=\"index, follow, max-snippet:-1, max-image-preview:large, max-video-preview:-1\" \/>\n<link rel=\"canonical\" href=\"https:\/\/bioflexnutrition.com.br\/en\/product\/livestrong-sabor-neutro-30-doses-237g-essential\/\" \/>\n<meta property=\"og:locale\" content=\"en_US\" \/>\n<meta property=\"og:type\" content=\"article\" \/>\n<meta property=\"og:title\" content=\"Livestrong sabor Neutro 30 Doses 237g Essential - Bioflex Nutrition\" \/>\n<meta property=\"og:description\" content=\"Uma f\u00f3rmula que combina o sabor marcante do puro cacau com o inovador PeptiStrong\u2122 \u2014 prote\u00edna hidrolisada da fava. O resultado \u00e9 uma bebida deliciosa, sem a\u00e7\u00facar, sem gl\u00faten e sem lactose.\" \/>\n<meta property=\"og:url\" content=\"https:\/\/bioflexnutrition.com.br\/en\/product\/livestrong-sabor-neutro-30-doses-237g-essential\/\" \/>\n<meta property=\"og:site_name\" content=\"Bioflex Nutrition\" \/>\n<meta property=\"article:modified_time\" content=\"2026-04-10T17:03:13+00:00\" \/>\n<meta property=\"og:image\" content=\"https:\/\/bioflexnutrition.com.br\/wp-content\/uploads\/2025\/09\/livestrong.png\" \/>\n\t<meta property=\"og:image:width\" content=\"1000\" \/>\n\t<meta property=\"og:image:height\" content=\"1000\" \/>\n\t<meta property=\"og:image:type\" content=\"image\/png\" \/>\n<meta name=\"twitter:card\" content=\"summary_large_image\" \/>\n<meta name=\"twitter:label1\" content=\"Est. reading time\" \/>\n\t<meta name=\"twitter:data1\" content=\"3 minutes\" \/>\n<script type=\"application\/ld+json\" class=\"yoast-schema-graph\">{\"@context\":\"https:\\\/\\\/schema.org\",\"@graph\":[{\"@type\":[\"WebPage\",\"ItemPage\"],\"@id\":\"https:\\\/\\\/bioflexnutrition.com.br\\\/produto\\\/livestrong-sabor-neutro-30-doses-237g-essential\\\/\",\"url\":\"https:\\\/\\\/bioflexnutrition.com.br\\\/produto\\\/livestrong-sabor-neutro-30-doses-237g-essential\\\/\",\"name\":\"Livestrong sabor Neutro 30 Doses 237g Essential - Bioflex Nutrition\",\"isPartOf\":{\"@id\":\"https:\\\/\\\/bioflexnutrition.com.br\\\/#website\"},\"primaryImageOfPage\":{\"@id\":\"https:\\\/\\\/bioflexnutrition.com.br\\\/produto\\\/livestrong-sabor-neutro-30-doses-237g-essential\\\/#primaryimage\"},\"image\":{\"@id\":\"https:\\\/\\\/bioflexnutrition.com.br\\\/produto\\\/livestrong-sabor-neutro-30-doses-237g-essential\\\/#primaryimage\"},\"thumbnailUrl\":\"https:\\\/\\\/bioflexnutrition.com.br\\\/wp-content\\\/uploads\\\/2025\\\/09\\\/livestrong.png\",\"datePublished\":\"2025-09-08T18:10:41+00:00\",\"dateModified\":\"2026-04-10T17:03:13+00:00\",\"breadcrumb\":{\"@id\":\"https:\\\/\\\/bioflexnutrition.com.br\\\/produto\\\/livestrong-sabor-neutro-30-doses-237g-essential\\\/#breadcrumb\"},\"inLanguage\":\"en-US\",\"potentialAction\":[{\"@type\":\"ReadAction\",\"target\":[\"https:\\\/\\\/bioflexnutrition.com.br\\\/produto\\\/livestrong-sabor-neutro-30-doses-237g-essential\\\/\"]}]},{\"@type\":\"ImageObject\",\"inLanguage\":\"en-US\",\"@id\":\"https:\\\/\\\/bioflexnutrition.com.br\\\/produto\\\/livestrong-sabor-neutro-30-doses-237g-essential\\\/#primaryimage\",\"url\":\"https:\\\/\\\/bioflexnutrition.com.br\\\/wp-content\\\/uploads\\\/2025\\\/09\\\/livestrong.png\",\"contentUrl\":\"https:\\\/\\\/bioflexnutrition.com.br\\\/wp-content\\\/uploads\\\/2025\\\/09\\\/livestrong.png\",\"width\":1000,\"height\":1000},{\"@type\":\"BreadcrumbList\",\"@id\":\"https:\\\/\\\/bioflexnutrition.com.br\\\/produto\\\/livestrong-sabor-neutro-30-doses-237g-essential\\\/#breadcrumb\",\"itemListElement\":[{\"@type\":\"ListItem\",\"position\":1,\"name\":\"In\u00edcio\",\"item\":\"https:\\\/\\\/bioflexnutrition.com.br\\\/\"},{\"@type\":\"ListItem\",\"position\":2,\"name\":\"Loja\",\"item\":\"https:\\\/\\\/bioflexnutrition.com.br\\\/todos\\\/\"},{\"@type\":\"ListItem\",\"position\":3,\"name\":\"Livestrong sabor Neutro 30 Doses 237g Essential\"}]},{\"@type\":\"WebSite\",\"@id\":\"https:\\\/\\\/bioflexnutrition.com.br\\\/#website\",\"url\":\"https:\\\/\\\/bioflexnutrition.com.br\\\/\",\"name\":\"Bioflex Nutrition\",\"description\":\"Sua loja online de Nutri\u00e7\u00e3o e Sa\u00fade\",\"publisher\":{\"@id\":\"https:\\\/\\\/bioflexnutrition.com.br\\\/#organization\"},\"potentialAction\":[{\"@type\":\"SearchAction\",\"target\":{\"@type\":\"EntryPoint\",\"urlTemplate\":\"https:\\\/\\\/bioflexnutrition.com.br\\\/?s={search_term_string}\"},\"query-input\":{\"@type\":\"PropertyValueSpecification\",\"valueRequired\":true,\"valueName\":\"search_term_string\"}}],\"inLanguage\":\"en-US\"},{\"@type\":\"Organization\",\"@id\":\"https:\\\/\\\/bioflexnutrition.com.br\\\/#organization\",\"name\":\"Bioflex Nutrition\",\"url\":\"https:\\\/\\\/bioflexnutrition.com.br\\\/\",\"logo\":{\"@type\":\"ImageObject\",\"inLanguage\":\"en-US\",\"@id\":\"https:\\\/\\\/bioflexnutrition.com.br\\\/#\\\/schema\\\/logo\\\/image\\\/\",\"url\":\"https:\\\/\\\/bioflexnutrition.com.br\\\/wp-content\\\/uploads\\\/2025\\\/04\\\/fav.webp\",\"contentUrl\":\"https:\\\/\\\/bioflexnutrition.com.br\\\/wp-content\\\/uploads\\\/2025\\\/04\\\/fav.webp\",\"width\":1150,\"height\":1000,\"caption\":\"Bioflex Nutrition\"},\"image\":{\"@id\":\"https:\\\/\\\/bioflexnutrition.com.br\\\/#\\\/schema\\\/logo\\\/image\\\/\"},\"sameAs\":[\"https:\\\/\\\/www.instagram.com\\\/bioflexnh\\\/\"]}]}<\/script>\n<!-- \/ Yoast SEO plugin. -->","yoast_head_json":{"title":"Livestrong sabor Neutro 30 Doses 237g Essential - Bioflex Nutrition","robots":{"index":"index","follow":"follow","max-snippet":"max-snippet:-1","max-image-preview":"max-image-preview:large","max-video-preview":"max-video-preview:-1"},"canonical":"https:\/\/bioflexnutrition.com.br\/en\/product\/livestrong-sabor-neutro-30-doses-237g-essential\/","og_locale":"en_US","og_type":"article","og_title":"Livestrong sabor Neutro 30 Doses 237g Essential - Bioflex Nutrition","og_description":"Uma f\u00f3rmula que combina o sabor marcante do puro cacau com o inovador PeptiStrong\u2122 \u2014 prote\u00edna hidrolisada da fava. O resultado \u00e9 uma bebida deliciosa, sem a\u00e7\u00facar, sem gl\u00faten e sem lactose.","og_url":"https:\/\/bioflexnutrition.com.br\/en\/product\/livestrong-sabor-neutro-30-doses-237g-essential\/","og_site_name":"Bioflex Nutrition","article_modified_time":"2026-04-10T17:03:13+00:00","og_image":[{"width":1000,"height":1000,"url":"https:\/\/bioflexnutrition.com.br\/wp-content\/uploads\/2025\/09\/livestrong.png","type":"image\/png"}],"twitter_card":"summary_large_image","twitter_misc":{"Est. reading time":"3 minutes"},"schema":{"@context":"https:\/\/schema.org","@graph":[{"@type":["WebPage","ItemPage"],"@id":"https:\/\/bioflexnutrition.com.br\/produto\/livestrong-sabor-neutro-30-doses-237g-essential\/","url":"https:\/\/bioflexnutrition.com.br\/produto\/livestrong-sabor-neutro-30-doses-237g-essential\/","name":"Livestrong sabor Neutro 30 Doses 237g Essential - Bioflex Nutrition","isPartOf":{"@id":"https:\/\/bioflexnutrition.com.br\/#website"},"primaryImageOfPage":{"@id":"https:\/\/bioflexnutrition.com.br\/produto\/livestrong-sabor-neutro-30-doses-237g-essential\/#primaryimage"},"image":{"@id":"https:\/\/bioflexnutrition.com.br\/produto\/livestrong-sabor-neutro-30-doses-237g-essential\/#primaryimage"},"thumbnailUrl":"https:\/\/bioflexnutrition.com.br\/wp-content\/uploads\/2025\/09\/livestrong.png","datePublished":"2025-09-08T18:10:41+00:00","dateModified":"2026-04-10T17:03:13+00:00","breadcrumb":{"@id":"https:\/\/bioflexnutrition.com.br\/produto\/livestrong-sabor-neutro-30-doses-237g-essential\/#breadcrumb"},"inLanguage":"en-US","potentialAction":[{"@type":"ReadAction","target":["https:\/\/bioflexnutrition.com.br\/produto\/livestrong-sabor-neutro-30-doses-237g-essential\/"]}]},{"@type":"ImageObject","inLanguage":"en-US","@id":"https:\/\/bioflexnutrition.com.br\/produto\/livestrong-sabor-neutro-30-doses-237g-essential\/#primaryimage","url":"https:\/\/bioflexnutrition.com.br\/wp-content\/uploads\/2025\/09\/livestrong.png","contentUrl":"https:\/\/bioflexnutrition.com.br\/wp-content\/uploads\/2025\/09\/livestrong.png","width":1000,"height":1000},{"@type":"BreadcrumbList","@id":"https:\/\/bioflexnutrition.com.br\/produto\/livestrong-sabor-neutro-30-doses-237g-essential\/#breadcrumb","itemListElement":[{"@type":"ListItem","position":1,"name":"In\u00edcio","item":"https:\/\/bioflexnutrition.com.br\/"},{"@type":"ListItem","position":2,"name":"Loja","item":"https:\/\/bioflexnutrition.com.br\/todos\/"},{"@type":"ListItem","position":3,"name":"Livestrong sabor Neutro 30 Doses 237g Essential"}]},{"@type":"WebSite","@id":"https:\/\/bioflexnutrition.com.br\/#website","url":"https:\/\/bioflexnutrition.com.br\/","name":"Bioflex Nutrition","description":"Sua loja online de Nutri\u00e7\u00e3o e Sa\u00fade","publisher":{"@id":"https:\/\/bioflexnutrition.com.br\/#organization"},"potentialAction":[{"@type":"SearchAction","target":{"@type":"EntryPoint","urlTemplate":"https:\/\/bioflexnutrition.com.br\/?s={search_term_string}"},"query-input":{"@type":"PropertyValueSpecification","valueRequired":true,"valueName":"search_term_string"}}],"inLanguage":"en-US"},{"@type":"Organization","@id":"https:\/\/bioflexnutrition.com.br\/#organization","name":"Bioflex Nutrition","url":"https:\/\/bioflexnutrition.com.br\/","logo":{"@type":"ImageObject","inLanguage":"en-US","@id":"https:\/\/bioflexnutrition.com.br\/#\/schema\/logo\/image\/","url":"https:\/\/bioflexnutrition.com.br\/wp-content\/uploads\/2025\/04\/fav.webp","contentUrl":"https:\/\/bioflexnutrition.com.br\/wp-content\/uploads\/2025\/04\/fav.webp","width":1150,"height":1000,"caption":"Bioflex Nutrition"},"image":{"@id":"https:\/\/bioflexnutrition.com.br\/#\/schema\/logo\/image\/"},"sameAs":["https:\/\/www.instagram.com\/bioflexnh\/"]}]}},"_links":{"self":[{"href":"https:\/\/bioflexnutrition.com.br\/en\/wp-json\/wp\/v2\/product\/7404","targetHints":{"allow":["GET"]}}],"collection":[{"href":"https:\/\/bioflexnutrition.com.br\/en\/wp-json\/wp\/v2\/product"}],"about":[{"href":"https:\/\/bioflexnutrition.com.br\/en\/wp-json\/wp\/v2\/types\/product"}],"replies":[{"embeddable":true,"href":"https:\/\/bioflexnutrition.com.br\/en\/wp-json\/wp\/v2\/comments?post=7404"}],"wp:featuredmedia":[{"embeddable":true,"href":"https:\/\/bioflexnutrition.com.br\/en\/wp-json\/wp\/v2\/media\/7493"}],"wp:attachment":[{"href":"https:\/\/bioflexnutrition.com.br\/en\/wp-json\/wp\/v2\/media?parent=7404"}],"wp:term":[{"taxonomy":"product_cat","embeddable":true,"href":"https:\/\/bioflexnutrition.com.br\/en\/wp-json\/wp\/v2\/product_cat?post=7404"},{"taxonomy":"product_tag","embeddable":true,"href":"https:\/\/bioflexnutrition.com.br\/en\/wp-json\/wp\/v2\/product_tag?post=7404"}],"curies":[{"name":"wp","href":"https:\/\/api.w.org\/{rel}","templated":true}]}}