{"id":7407,"date":"2025-09-08T15:21:42","date_gmt":"2025-09-08T18:21:42","guid":{"rendered":"https:\/\/bioflexnutrition.com.br\/produto\/dimethylex-under-labz-60caps\/"},"modified":"2026-02-20T13:27:21","modified_gmt":"2026-02-20T16:27:21","slug":"dimethylex-under-labz-60caps","status":"publish","type":"product","link":"https:\/\/bioflexnutrition.com.br\/en\/product\/dimethylex-under-labz-60caps\/","title":{"rendered":"DIMETHYLEX UNDER LABZ 60CAPS"},"content":{"rendered":"<h2>O que \u00e9 Dimethylex com Burn Matrix\u2122<\/h2>\n<p><strong>Dimethylex<\/strong> reina absoluto como o primeiro e \u00fanico termog\u00eanico do Brasil com <strong>Burn Matrix\u2122<\/strong>. S\u00e3o <strong>4 mecanismos independentes<\/strong> agindo de forma inteligente para potencializar seus resultados:<\/p>\n<h3>4 A\u00e7\u00f5es em 1<\/h3>\n<ol>\n<li><strong>Derrete a gordura<\/strong><\/li>\n<li><strong>Acelera o metabolismo<\/strong><\/li>\n<li><strong>Controla o apetite<\/strong><\/li>\n<li><strong>Elimina a reten\u00e7\u00e3o l\u00edquida<\/strong> (a\u00e7\u00e3o diur\u00e9tica)<\/li>\n<\/ol>\n<p>\u00c9 o \u201cposto Ipiranga\u201d do emagrecimento: tudo o que voc\u00ea precisa para secar est\u00e1 no Dimethylex com Burn Matrix\u2122 ????<\/p>\n<h3>Informa\u00e7\u00e3o Nutricional<\/h3>\n<p><strong>Por\u00e7\u00f5es por embalagem:<\/strong> 30<br \/><strong>Por\u00e7\u00e3o:<\/strong> 1,59\u202fg (2 c\u00e1psulas)<\/p>\n<table>\n<thead>\n<tr>\n<th>Quantidade por por\u00e7\u00e3o<\/th>\n<th>1,59\u202fg<\/th>\n<th>%VD*<\/th>\n<\/tr>\n<\/thead>\n<tbody>\n<tr>\n<td>Vitamina B1<\/td>\n<td>0,3\u202fmg<\/td>\n<td>25%<\/td>\n<\/tr>\n<tr>\n<td>Vitamina B2<\/td>\n<td>0,33\u202fmg<\/td>\n<td>27%<\/td>\n<\/tr>\n<tr>\n<td>Niacina<\/td>\n<td>4\u202fmg<\/td>\n<td>27%<\/td>\n<\/tr>\n<tr>\n<td>\u00c1cido pantot\u00eanico<\/td>\n<td>1,25\u202fmg<\/td>\n<td>25%<\/td>\n<\/tr>\n<tr>\n<td>Vitamina B6<\/td>\n<td>0,33\u202fmg<\/td>\n<td>25%<\/td>\n<\/tr>\n<tr>\n<td>Biotina<\/td>\n<td>7,5\u202f\u00b5g<\/td>\n<td>25%<\/td>\n<\/tr>\n<tr>\n<td>\u00c1cido f\u00f3lico<\/td>\n<td>60\u202f\u00b5g<\/td>\n<td>25%<\/td>\n<\/tr>\n<tr>\n<td>Vitamina B12<\/td>\n<td>0,6\u202f\u00b5g<\/td>\n<td>25%<\/td>\n<\/tr>\n<tr>\n<td>Cromo<\/td>\n<td>250\u202f\u00b5g<\/td>\n<td>714%<\/td>\n<\/tr>\n<tr>\n<td>\u00c1cido clorog\u00eanico<\/td>\n<td>50\u202fmg<\/td>\n<td>\u2014<\/td>\n<\/tr>\n<tr>\n<td>Antocianinas<\/td>\n<td>1\u202fmg<\/td>\n<td>\u2014<\/td>\n<\/tr>\n<tr>\n<td>Cafe\u00edna<\/td>\n<td>400\u202fmg<\/td>\n<td>\u2014<\/td>\n<\/tr>\n<tr>\n<td>Carnitina<\/td>\n<td>50\u202fmg<\/td>\n<td>\u2014<\/td>\n<\/tr>\n<tr>\n<td>Laranja amarga (<em>Citrus aurantium<\/em>)<\/td>\n<td>50\u202fmg<\/td>\n<td>\u2014<\/td>\n<\/tr>\n<tr>\n<td>Ch\u00e1 verde (<em>Camellia sinensis<\/em>)<\/td>\n<td>30\u202fmg<\/td>\n<td>\u2014<\/td>\n<\/tr>\n<tr>\n<td>Gengibre (<em>Zingiber officinale<\/em>)<\/td>\n<td>10\u202fmg<\/td>\n<td>\u2014<\/td>\n<\/tr>\n<tr>\n<td>Pimenta caiena (<em>Capsicum annuum<\/em>)<\/td>\n<td>10\u202fmg<\/td>\n<td>\u2014<\/td>\n<\/tr>\n<\/tbody>\n<\/table>\n<p><em>N\u00e3o cont\u00e9m quantidades significativas de valor energ\u00e9tico, carboidratos, a\u00e7\u00facares totais, a\u00e7\u00facares adicionados, gorduras totais, gorduras saturadas, gorduras trans, fibras alimentares e s\u00f3dio.<\/em><br \/><em>*Percentual de valores di\u00e1rios fornecidos pela por\u00e7\u00e3o.<\/em><\/p>\n<h3>Ingredientes<\/h3>\n<p>Caf\u00e9 verde mo\u00eddo, cafe\u00edna, extrato de laranja moro (<em>Citrus sinensis<\/em> L. Osbeck), tartarato de L-carnitina, guaran\u00e1 em p\u00f3 (<em>Paullinia cupana<\/em>), picolinato de cromo, nicotinamida, pantotenato de c\u00e1lcio, cloridrato de piridoxina, biotina, mononitrato de tiamina, riboflavina, \u00e1cido f\u00f3lico, cianocobalamina, aromatizantes naturais (extrato da casca de laranja amarga \u2013 <em>Citrus aurantium<\/em>), ch\u00e1 verde, gengibre em p\u00f3, pimenta caiena, agente fosfato tric\u00e1lcico, antiumectante di\u00f3xido de sil\u00edcio, corantes azul brilhante FCF, eritrosina e tartrazina, gelificante gelatina, lubrificante estearato de magn\u00e9sio.<\/p>\n<p><strong>N\u00c3O CONT\u00c9M GL\u00daTEN.<\/strong><br \/><strong>AL\u00c9RGICOS:<\/strong> pode conter derivados de leite.<\/p>\n<h3>Sugest\u00e3o de Uso<\/h3>\n<p>Consumir 1 c\u00e1psula duas vezes ao dia ou conforme orienta\u00e7\u00e3o profissional.<\/p>\n<p>\u00a0<\/p>\n<p><!-- Texto obrigat\u00f3rio ao final --><\/p>\n<p>Manter este produto bem fechado em local fresco, seco e ao abrigo da luz solar.<br \/>Ap\u00f3s aberto, consumir em at\u00e9 90 dias.<br \/>A colora\u00e7\u00e3o da c\u00e1psula pode apresentar varia\u00e7\u00e3o devido \u00e0 presen\u00e7a de ingredientes naturais, sem comprometer a efic\u00e1cia da formula\u00e7\u00e3o.<br \/>Este produto \u00e9 recomendado para adultos (\u226519 anos).<br \/>Este produto n\u00e3o deve ser consumido por gestantes, lactantes e crian\u00e7as.<br \/>\u201cEste produto n\u00e3o \u00e9 um medicamento.\u201d<br \/>\u201cN\u00e3o exceder a recomenda\u00e7\u00e3o di\u00e1ria de consumo indicada na embalagem.\u201d<br \/>\u201cMantenha fora do alcance de crian\u00e7as.\u201d<\/p>","protected":false},"excerpt":{"rendered":"<p>Dymethylex \u00e9 um \u00f3timo termog\u00eanico com diversos ingredientes que auxiliam na perda de gordura e acelera metabolismo com especiarias sem comprometer a sa\u00fade<\/p>","protected":false},"featured_media":7405,"comment_status":"open","ping_status":"closed","template":"","meta":{"_joinchat":[]},"product_cat":[165,248,291,157,164,169,277,278,295],"product_tag":[],"class_list":{"0":"post-7407","1":"product","2":"type-product","3":"status-publish","4":"has-post-thumbnail","6":"product_cat-alta-performance","7":"product_cat-categorias-e","8":"product_cat-dux-nutrition","9":"product_cat-marcas","10":"product_cat-objetivos-especificos","11":"product_cat-para-emagrecimento","12":"product_cat-termogenicos-categorias-ecommerce","13":"product_cat-termogenicos-com-cafeina","14":"product_cat-under-labz","16":"first","17":"instock","18":"shipping-taxable","19":"purchasable","20":"product-type-simple","21":"col-xs-6 col-sm-4","22":"col-md-3 col-lg-3","23":"un-4-cols"},"yoast_head":"<!-- This site is optimized with the Yoast SEO plugin v27.4 - https:\/\/yoast.com\/product\/yoast-seo-wordpress\/ -->\n<title>DIMETHYLEX UNDER LABZ 60CAPS - Bioflex Nutrition<\/title>\n<meta name=\"robots\" content=\"index, follow, max-snippet:-1, max-image-preview:large, max-video-preview:-1\" \/>\n<link rel=\"canonical\" href=\"https:\/\/bioflexnutrition.com.br\/en\/product\/dimethylex-under-labz-60caps\/\" \/>\n<meta property=\"og:locale\" content=\"en_US\" \/>\n<meta property=\"og:type\" content=\"article\" \/>\n<meta property=\"og:title\" content=\"DIMETHYLEX UNDER LABZ 60CAPS - Bioflex Nutrition\" \/>\n<meta property=\"og:description\" content=\"Dymethylex \u00e9 um \u00f3timo termog\u00eanico com diversos ingredientes que auxiliam na perda de gordura e acelera metabolismo com especiarias sem comprometer a sa\u00fade\" \/>\n<meta property=\"og:url\" content=\"https:\/\/bioflexnutrition.com.br\/en\/product\/dimethylex-under-labz-60caps\/\" \/>\n<meta property=\"og:site_name\" content=\"Bioflex Nutrition\" \/>\n<meta property=\"article:modified_time\" content=\"2026-02-20T16:27:21+00:00\" \/>\n<meta name=\"twitter:card\" content=\"summary_large_image\" \/>\n<meta name=\"twitter:label1\" content=\"Est. reading time\" \/>\n\t<meta name=\"twitter:data1\" content=\"2 minutes\" \/>\n<script type=\"application\/ld+json\" class=\"yoast-schema-graph\">{\"@context\":\"https:\\\/\\\/schema.org\",\"@graph\":[{\"@type\":[\"WebPage\",\"ItemPage\"],\"@id\":\"https:\\\/\\\/bioflexnutrition.com.br\\\/produto\\\/dimethylex-under-labz-60caps\\\/\",\"url\":\"https:\\\/\\\/bioflexnutrition.com.br\\\/produto\\\/dimethylex-under-labz-60caps\\\/\",\"name\":\"DIMETHYLEX UNDER LABZ 60CAPS - Bioflex Nutrition\",\"isPartOf\":{\"@id\":\"https:\\\/\\\/bioflexnutrition.com.br\\\/#website\"},\"primaryImageOfPage\":{\"@id\":\"https:\\\/\\\/bioflexnutrition.com.br\\\/produto\\\/dimethylex-under-labz-60caps\\\/#primaryimage\"},\"image\":{\"@id\":\"https:\\\/\\\/bioflexnutrition.com.br\\\/produto\\\/dimethylex-under-labz-60caps\\\/#primaryimage\"},\"thumbnailUrl\":\"https:\\\/\\\/bioflexnutrition.com.br\\\/wp-content\\\/uploads\\\/2025\\\/09\\\/15364239212-dimethylex-0.webp\",\"datePublished\":\"2025-09-08T18:21:42+00:00\",\"dateModified\":\"2026-02-20T16:27:21+00:00\",\"breadcrumb\":{\"@id\":\"https:\\\/\\\/bioflexnutrition.com.br\\\/produto\\\/dimethylex-under-labz-60caps\\\/#breadcrumb\"},\"inLanguage\":\"en-US\",\"potentialAction\":[{\"@type\":\"ReadAction\",\"target\":[\"https:\\\/\\\/bioflexnutrition.com.br\\\/produto\\\/dimethylex-under-labz-60caps\\\/\"]}]},{\"@type\":\"ImageObject\",\"inLanguage\":\"en-US\",\"@id\":\"https:\\\/\\\/bioflexnutrition.com.br\\\/produto\\\/dimethylex-under-labz-60caps\\\/#primaryimage\",\"url\":\"https:\\\/\\\/bioflexnutrition.com.br\\\/wp-content\\\/uploads\\\/2025\\\/09\\\/15364239212-dimethylex-0.webp\",\"contentUrl\":\"https:\\\/\\\/bioflexnutrition.com.br\\\/wp-content\\\/uploads\\\/2025\\\/09\\\/15364239212-dimethylex-0.webp\",\"width\":1000,\"height\":1000},{\"@type\":\"BreadcrumbList\",\"@id\":\"https:\\\/\\\/bioflexnutrition.com.br\\\/produto\\\/dimethylex-under-labz-60caps\\\/#breadcrumb\",\"itemListElement\":[{\"@type\":\"ListItem\",\"position\":1,\"name\":\"In\u00edcio\",\"item\":\"https:\\\/\\\/bioflexnutrition.com.br\\\/\"},{\"@type\":\"ListItem\",\"position\":2,\"name\":\"Loja\",\"item\":\"https:\\\/\\\/bioflexnutrition.com.br\\\/todos\\\/\"},{\"@type\":\"ListItem\",\"position\":3,\"name\":\"DIMETHYLEX UNDER LABZ 60CAPS\"}]},{\"@type\":\"WebSite\",\"@id\":\"https:\\\/\\\/bioflexnutrition.com.br\\\/#website\",\"url\":\"https:\\\/\\\/bioflexnutrition.com.br\\\/\",\"name\":\"Bioflex Nutrition\",\"description\":\"Sua loja online de Nutri\u00e7\u00e3o e Sa\u00fade\",\"publisher\":{\"@id\":\"https:\\\/\\\/bioflexnutrition.com.br\\\/#organization\"},\"potentialAction\":[{\"@type\":\"SearchAction\",\"target\":{\"@type\":\"EntryPoint\",\"urlTemplate\":\"https:\\\/\\\/bioflexnutrition.com.br\\\/?s={search_term_string}\"},\"query-input\":{\"@type\":\"PropertyValueSpecification\",\"valueRequired\":true,\"valueName\":\"search_term_string\"}}],\"inLanguage\":\"en-US\"},{\"@type\":\"Organization\",\"@id\":\"https:\\\/\\\/bioflexnutrition.com.br\\\/#organization\",\"name\":\"Bioflex Nutrition\",\"url\":\"https:\\\/\\\/bioflexnutrition.com.br\\\/\",\"logo\":{\"@type\":\"ImageObject\",\"inLanguage\":\"en-US\",\"@id\":\"https:\\\/\\\/bioflexnutrition.com.br\\\/#\\\/schema\\\/logo\\\/image\\\/\",\"url\":\"https:\\\/\\\/bioflexnutrition.com.br\\\/wp-content\\\/uploads\\\/2025\\\/04\\\/fav.webp\",\"contentUrl\":\"https:\\\/\\\/bioflexnutrition.com.br\\\/wp-content\\\/uploads\\\/2025\\\/04\\\/fav.webp\",\"width\":1150,\"height\":1000,\"caption\":\"Bioflex Nutrition\"},\"image\":{\"@id\":\"https:\\\/\\\/bioflexnutrition.com.br\\\/#\\\/schema\\\/logo\\\/image\\\/\"},\"sameAs\":[\"https:\\\/\\\/www.instagram.com\\\/bioflexnh\\\/\"]}]}<\/script>\n<!-- \/ Yoast SEO plugin. -->","yoast_head_json":{"title":"DIMETHYLEX UNDER LABZ 60CAPS - Bioflex Nutrition","robots":{"index":"index","follow":"follow","max-snippet":"max-snippet:-1","max-image-preview":"max-image-preview:large","max-video-preview":"max-video-preview:-1"},"canonical":"https:\/\/bioflexnutrition.com.br\/en\/product\/dimethylex-under-labz-60caps\/","og_locale":"en_US","og_type":"article","og_title":"DIMETHYLEX UNDER LABZ 60CAPS - Bioflex Nutrition","og_description":"Dymethylex \u00e9 um \u00f3timo termog\u00eanico com diversos ingredientes que auxiliam na perda de gordura e acelera metabolismo com especiarias sem comprometer a sa\u00fade","og_url":"https:\/\/bioflexnutrition.com.br\/en\/product\/dimethylex-under-labz-60caps\/","og_site_name":"Bioflex Nutrition","article_modified_time":"2026-02-20T16:27:21+00:00","twitter_card":"summary_large_image","twitter_misc":{"Est. reading time":"2 minutes"},"schema":{"@context":"https:\/\/schema.org","@graph":[{"@type":["WebPage","ItemPage"],"@id":"https:\/\/bioflexnutrition.com.br\/produto\/dimethylex-under-labz-60caps\/","url":"https:\/\/bioflexnutrition.com.br\/produto\/dimethylex-under-labz-60caps\/","name":"DIMETHYLEX UNDER LABZ 60CAPS - Bioflex Nutrition","isPartOf":{"@id":"https:\/\/bioflexnutrition.com.br\/#website"},"primaryImageOfPage":{"@id":"https:\/\/bioflexnutrition.com.br\/produto\/dimethylex-under-labz-60caps\/#primaryimage"},"image":{"@id":"https:\/\/bioflexnutrition.com.br\/produto\/dimethylex-under-labz-60caps\/#primaryimage"},"thumbnailUrl":"https:\/\/bioflexnutrition.com.br\/wp-content\/uploads\/2025\/09\/15364239212-dimethylex-0.webp","datePublished":"2025-09-08T18:21:42+00:00","dateModified":"2026-02-20T16:27:21+00:00","breadcrumb":{"@id":"https:\/\/bioflexnutrition.com.br\/produto\/dimethylex-under-labz-60caps\/#breadcrumb"},"inLanguage":"en-US","potentialAction":[{"@type":"ReadAction","target":["https:\/\/bioflexnutrition.com.br\/produto\/dimethylex-under-labz-60caps\/"]}]},{"@type":"ImageObject","inLanguage":"en-US","@id":"https:\/\/bioflexnutrition.com.br\/produto\/dimethylex-under-labz-60caps\/#primaryimage","url":"https:\/\/bioflexnutrition.com.br\/wp-content\/uploads\/2025\/09\/15364239212-dimethylex-0.webp","contentUrl":"https:\/\/bioflexnutrition.com.br\/wp-content\/uploads\/2025\/09\/15364239212-dimethylex-0.webp","width":1000,"height":1000},{"@type":"BreadcrumbList","@id":"https:\/\/bioflexnutrition.com.br\/produto\/dimethylex-under-labz-60caps\/#breadcrumb","itemListElement":[{"@type":"ListItem","position":1,"name":"In\u00edcio","item":"https:\/\/bioflexnutrition.com.br\/"},{"@type":"ListItem","position":2,"name":"Loja","item":"https:\/\/bioflexnutrition.com.br\/todos\/"},{"@type":"ListItem","position":3,"name":"DIMETHYLEX UNDER LABZ 60CAPS"}]},{"@type":"WebSite","@id":"https:\/\/bioflexnutrition.com.br\/#website","url":"https:\/\/bioflexnutrition.com.br\/","name":"Bioflex Nutrition","description":"Sua loja online de Nutri\u00e7\u00e3o e Sa\u00fade","publisher":{"@id":"https:\/\/bioflexnutrition.com.br\/#organization"},"potentialAction":[{"@type":"SearchAction","target":{"@type":"EntryPoint","urlTemplate":"https:\/\/bioflexnutrition.com.br\/?s={search_term_string}"},"query-input":{"@type":"PropertyValueSpecification","valueRequired":true,"valueName":"search_term_string"}}],"inLanguage":"en-US"},{"@type":"Organization","@id":"https:\/\/bioflexnutrition.com.br\/#organization","name":"Bioflex Nutrition","url":"https:\/\/bioflexnutrition.com.br\/","logo":{"@type":"ImageObject","inLanguage":"en-US","@id":"https:\/\/bioflexnutrition.com.br\/#\/schema\/logo\/image\/","url":"https:\/\/bioflexnutrition.com.br\/wp-content\/uploads\/2025\/04\/fav.webp","contentUrl":"https:\/\/bioflexnutrition.com.br\/wp-content\/uploads\/2025\/04\/fav.webp","width":1150,"height":1000,"caption":"Bioflex Nutrition"},"image":{"@id":"https:\/\/bioflexnutrition.com.br\/#\/schema\/logo\/image\/"},"sameAs":["https:\/\/www.instagram.com\/bioflexnh\/"]}]}},"_links":{"self":[{"href":"https:\/\/bioflexnutrition.com.br\/en\/wp-json\/wp\/v2\/product\/7407","targetHints":{"allow":["GET"]}}],"collection":[{"href":"https:\/\/bioflexnutrition.com.br\/en\/wp-json\/wp\/v2\/product"}],"about":[{"href":"https:\/\/bioflexnutrition.com.br\/en\/wp-json\/wp\/v2\/types\/product"}],"replies":[{"embeddable":true,"href":"https:\/\/bioflexnutrition.com.br\/en\/wp-json\/wp\/v2\/comments?post=7407"}],"wp:featuredmedia":[{"embeddable":true,"href":"https:\/\/bioflexnutrition.com.br\/en\/wp-json\/wp\/v2\/media\/7405"}],"wp:attachment":[{"href":"https:\/\/bioflexnutrition.com.br\/en\/wp-json\/wp\/v2\/media?parent=7407"}],"wp:term":[{"taxonomy":"product_cat","embeddable":true,"href":"https:\/\/bioflexnutrition.com.br\/en\/wp-json\/wp\/v2\/product_cat?post=7407"},{"taxonomy":"product_tag","embeddable":true,"href":"https:\/\/bioflexnutrition.com.br\/en\/wp-json\/wp\/v2\/product_tag?post=7407"}],"curies":[{"name":"wp","href":"https:\/\/api.w.org\/{rel}","templated":true}]}}