{"id":7442,"date":"2025-09-08T15:59:28","date_gmt":"2025-09-08T18:59:28","guid":{"rendered":"https:\/\/bioflexnutrition.com.br\/produto\/creatina-creapure-300g-dux\/"},"modified":"2026-01-12T18:52:04","modified_gmt":"2026-01-12T21:52:04","slug":"creatina-creapure-300g-dux","status":"publish","type":"product","link":"https:\/\/bioflexnutrition.com.br\/en\/product\/creatina-creapure-300g-dux\/","title":{"rendered":"CREATINA CREAPURE 300G DUX"},"content":{"rendered":"<h2>O que \u00e9 Creatina Creapure\u00ae 300g<\/h2>\n<p>A <strong>Creatina Creapure\u00ae<\/strong> \u00e9 um suplemento de alta qualidade, produzido na Alemanha com mat\u00e9ria-prima super premium. Reconhecida mundialmente por sua <strong>pureza e efic\u00e1cia<\/strong>, \u00e9 100% vegana e livre de corantes, a\u00e7\u00facares e ado\u00e7antes. Possui certifica\u00e7\u00f5es <strong>IFS FOOD<\/strong> (GFSI), <strong>Halal<\/strong> e <strong>Kosher<\/strong>, atendendo aos mais rigorosos padr\u00f5es de qualidade e adequa\u00e7\u00e3o diet\u00e9tica.<\/p>\n<p>Indicada para atletas, praticantes de muscula\u00e7\u00e3o e atividades de alta intensidade e curta dura\u00e7\u00e3o, a creatina:<\/p>\n<ul>\n<li>Aumenta a for\u00e7a e o desempenho f\u00edsico;<\/li>\n<li>Melhora a resist\u00eancia e reduz o tempo de recupera\u00e7\u00e3o;<\/li>\n<li>Apoia o crescimento do volume muscular;<\/li>\n<li>Contribui para processos energ\u00e9ticos e contra\u00e7\u00e3o muscular;<\/li>\n<li>Pode auxiliar na cogni\u00e7\u00e3o e oferecer a\u00e7\u00e3o antioxidante\/anti-inflamat\u00f3ria.<\/li>\n<\/ul>\n<p>Com o selo <strong>Creapure\u00ae<\/strong>, voc\u00ea tem a garantia de um produto extremamente puro e seguro.<\/p>\n<h3>Informa\u00e7\u00e3o Nutricional<\/h3>\n<p><strong>Por\u00e7\u00f5es por embalagem:<\/strong> 100<br \/><strong>Por\u00e7\u00e3o:<\/strong> 3 g (1\/2 dosador)<\/p>\n<table>\n<thead>\n<tr>\n<th>Quantidade por por\u00e7\u00e3o<\/th>\n<th>3 g<\/th>\n<th>%VD*<\/th>\n<\/tr>\n<\/thead>\n<tbody>\n<tr>\n<td>Creatina<\/td>\n<td>3000 mg<\/td>\n<td>\u2014<\/td>\n<\/tr>\n<\/tbody>\n<\/table>\n<p><em>N\u00e3o cont\u00e9m quantidades significativas de valor energ\u00e9tico, carboidratos, a\u00e7\u00facares totais, a\u00e7\u00facares adicionados, prote\u00ednas, gorduras totais, gorduras saturadas, gorduras trans, fibras alimentares e s\u00f3dio.<\/em><br \/><em>*Percentual de valores di\u00e1rios fornecidos pela por\u00e7\u00e3o.<\/em><\/p>\n<h3>Ingredientes<\/h3>\n<p>Creatina monohidratada.<\/p>\n<p><strong>AL\u00c9RGICOS:<\/strong> pode conter trigo, aveia, amendoim, soja, leite, am\u00eandoa, avel\u00e3s, castanha-de-caju e pistaches. <strong>CONT\u00c9M GL\u00daTEN.<\/strong><\/p>\n<h3>Sugest\u00e3o de uso<\/h3>\n<p>Consumir <strong>3 g (\u00bd dosador) ao dia<\/strong>, dilu\u00eddos em aproximadamente 150 ml de \u00e1gua, ou conforme orienta\u00e7\u00e3o de m\u00e9dico ou nutricionista. O uso di\u00e1rio \u00e9 indicado para melhor efici\u00eancia.<\/p>\n<p>Manter este produto bem fechado em local fresco, seco e ao abrigo da luz solar.<br \/>Ap\u00f3s aberto, consumir em at\u00e9 90 dias.<br \/>A colora\u00e7\u00e3o da c\u00e1psula pode apresentar varia\u00e7\u00e3o devido \u00e0 presen\u00e7a de ingredientes naturais, sem comprometer a efic\u00e1cia da formula\u00e7\u00e3o.<br \/>Este produto \u00e9 recomendado para adultos (\u226519 anos).<br \/>Este produto n\u00e3o deve ser consumido por gestantes, lactantes e crian\u00e7as.<br \/>\u201cEste produto n\u00e3o \u00e9 um medicamento.\u201d<br \/>\u201cN\u00e3o exceder a recomenda\u00e7\u00e3o di\u00e1ria de consumo indicada na embalagem.\u201d<br \/>\u201cMantenha fora do alcance de crian\u00e7as.\u201d<\/p>","protected":false},"excerpt":{"rendered":"<p><span id=\"docs-internal-guid-3c7903b9-7fff-805f-9c35-c8f33d3515e9\"><span style=\"font-size: 11pt;font-family: Arial, sans-serif;color: #000000;background-color: transparent;vertical-align: baseline\">Aprimore seu desempenho f\u00edsico com a <\/span><span style=\"font-size: 11pt;font-family: Arial, sans-serif;color: #000000;background-color: transparent;font-weight: bold;vertical-align: baseline\">Creatina Creapure da DUX Nutrition<\/span><span style=\"font-size: 11pt;font-family: Arial, sans-serif;color: #000000;background-color: transparent;vertical-align: baseline\">, um suplemento de alta qualidade desenvolvido para atletas e entusiastas que buscam aumentar a for\u00e7a, resist\u00eancia e massa muscular. Com f\u00f3rmula pura e transparente, este produto \u00e9 elaborado sob rigoroso controle de qualidade, garantindo efic\u00e1cia e seguran\u00e7a. <\/span><\/span><\/p>","protected":false},"featured_media":7441,"comment_status":"open","ping_status":"closed","template":"","meta":{"_joinchat":[]},"product_cat":[165,248,262,263,291,157,164,170],"product_tag":[],"class_list":{"0":"post-7442","1":"product","2":"type-product","3":"status-publish","4":"has-post-thumbnail","6":"product_cat-alta-performance","7":"product_cat-categorias-e","8":"product_cat-creatina-categorias-ecommerce","9":"product_cat-creatina-creapure","10":"product_cat-dux-nutrition","11":"product_cat-marcas","12":"product_cat-objetivos-especificos","13":"product_cat-para-ganho-de-massa","15":"first","16":"instock","17":"shipping-taxable","18":"purchasable","19":"product-type-simple","20":"col-xs-6 col-sm-4","21":"col-md-3 col-lg-3","22":"un-4-cols"},"yoast_head":"<!-- This site is optimized with the Yoast SEO plugin v27.3 - https:\/\/yoast.com\/product\/yoast-seo-wordpress\/ -->\n<title>CREATINA CREAPURE 300G DUX - Bioflex Nutrition<\/title>\n<meta name=\"robots\" content=\"index, follow, max-snippet:-1, max-image-preview:large, max-video-preview:-1\" \/>\n<link rel=\"canonical\" href=\"https:\/\/bioflexnutrition.com.br\/en\/product\/creatina-creapure-300g-dux\/\" \/>\n<meta property=\"og:locale\" content=\"en_US\" \/>\n<meta property=\"og:type\" content=\"article\" \/>\n<meta property=\"og:title\" content=\"CREATINA CREAPURE 300G DUX - Bioflex Nutrition\" \/>\n<meta property=\"og:description\" content=\"Aprimore seu desempenho f\u00edsico com a Creatina Creapure da DUX Nutrition, um suplemento de alta qualidade desenvolvido para atletas e entusiastas que buscam aumentar a for\u00e7a, resist\u00eancia e massa muscular. Com f\u00f3rmula pura e transparente, este produto \u00e9 elaborado sob rigoroso controle de qualidade, garantindo efic\u00e1cia e seguran\u00e7a.\" \/>\n<meta property=\"og:url\" content=\"https:\/\/bioflexnutrition.com.br\/en\/product\/creatina-creapure-300g-dux\/\" \/>\n<meta property=\"og:site_name\" content=\"Bioflex Nutrition\" \/>\n<meta property=\"article:modified_time\" content=\"2026-01-12T21:52:04+00:00\" \/>\n<meta property=\"og:image\" content=\"https:\/\/bioflexnutrition.com.br\/wp-content\/uploads\/2025\/09\/15364535320-creatina-creapure-0.webp\" \/>\n\t<meta property=\"og:image:width\" content=\"1000\" \/>\n\t<meta property=\"og:image:height\" content=\"1000\" \/>\n\t<meta property=\"og:image:type\" content=\"image\/webp\" \/>\n<meta name=\"twitter:card\" content=\"summary_large_image\" \/>\n<meta name=\"twitter:label1\" content=\"Est. reading time\" \/>\n\t<meta name=\"twitter:data1\" content=\"2 minutes\" \/>\n<script type=\"application\/ld+json\" class=\"yoast-schema-graph\">{\"@context\":\"https:\\\/\\\/schema.org\",\"@graph\":[{\"@type\":[\"WebPage\",\"ItemPage\"],\"@id\":\"https:\\\/\\\/bioflexnutrition.com.br\\\/produto\\\/creatina-creapure-300g-dux\\\/\",\"url\":\"https:\\\/\\\/bioflexnutrition.com.br\\\/produto\\\/creatina-creapure-300g-dux\\\/\",\"name\":\"CREATINA CREAPURE 300G DUX - Bioflex Nutrition\",\"isPartOf\":{\"@id\":\"https:\\\/\\\/bioflexnutrition.com.br\\\/#website\"},\"primaryImageOfPage\":{\"@id\":\"https:\\\/\\\/bioflexnutrition.com.br\\\/produto\\\/creatina-creapure-300g-dux\\\/#primaryimage\"},\"image\":{\"@id\":\"https:\\\/\\\/bioflexnutrition.com.br\\\/produto\\\/creatina-creapure-300g-dux\\\/#primaryimage\"},\"thumbnailUrl\":\"https:\\\/\\\/bioflexnutrition.com.br\\\/wp-content\\\/uploads\\\/2025\\\/09\\\/15364535320-creatina-creapure-0.webp\",\"datePublished\":\"2025-09-08T18:59:28+00:00\",\"dateModified\":\"2026-01-12T21:52:04+00:00\",\"breadcrumb\":{\"@id\":\"https:\\\/\\\/bioflexnutrition.com.br\\\/produto\\\/creatina-creapure-300g-dux\\\/#breadcrumb\"},\"inLanguage\":\"en-US\",\"potentialAction\":[{\"@type\":\"ReadAction\",\"target\":[\"https:\\\/\\\/bioflexnutrition.com.br\\\/produto\\\/creatina-creapure-300g-dux\\\/\"]}]},{\"@type\":\"ImageObject\",\"inLanguage\":\"en-US\",\"@id\":\"https:\\\/\\\/bioflexnutrition.com.br\\\/produto\\\/creatina-creapure-300g-dux\\\/#primaryimage\",\"url\":\"https:\\\/\\\/bioflexnutrition.com.br\\\/wp-content\\\/uploads\\\/2025\\\/09\\\/15364535320-creatina-creapure-0.webp\",\"contentUrl\":\"https:\\\/\\\/bioflexnutrition.com.br\\\/wp-content\\\/uploads\\\/2025\\\/09\\\/15364535320-creatina-creapure-0.webp\",\"width\":1000,\"height\":1000},{\"@type\":\"BreadcrumbList\",\"@id\":\"https:\\\/\\\/bioflexnutrition.com.br\\\/produto\\\/creatina-creapure-300g-dux\\\/#breadcrumb\",\"itemListElement\":[{\"@type\":\"ListItem\",\"position\":1,\"name\":\"In\u00edcio\",\"item\":\"https:\\\/\\\/bioflexnutrition.com.br\\\/\"},{\"@type\":\"ListItem\",\"position\":2,\"name\":\"Loja\",\"item\":\"https:\\\/\\\/bioflexnutrition.com.br\\\/todos\\\/\"},{\"@type\":\"ListItem\",\"position\":3,\"name\":\"CREATINA CREAPURE 300G DUX\"}]},{\"@type\":\"WebSite\",\"@id\":\"https:\\\/\\\/bioflexnutrition.com.br\\\/#website\",\"url\":\"https:\\\/\\\/bioflexnutrition.com.br\\\/\",\"name\":\"Bioflex Nutrition\",\"description\":\"Sua loja online de Nutri\u00e7\u00e3o e Sa\u00fade\",\"publisher\":{\"@id\":\"https:\\\/\\\/bioflexnutrition.com.br\\\/#organization\"},\"potentialAction\":[{\"@type\":\"SearchAction\",\"target\":{\"@type\":\"EntryPoint\",\"urlTemplate\":\"https:\\\/\\\/bioflexnutrition.com.br\\\/?s={search_term_string}\"},\"query-input\":{\"@type\":\"PropertyValueSpecification\",\"valueRequired\":true,\"valueName\":\"search_term_string\"}}],\"inLanguage\":\"en-US\"},{\"@type\":\"Organization\",\"@id\":\"https:\\\/\\\/bioflexnutrition.com.br\\\/#organization\",\"name\":\"Bioflex Nutrition\",\"url\":\"https:\\\/\\\/bioflexnutrition.com.br\\\/\",\"logo\":{\"@type\":\"ImageObject\",\"inLanguage\":\"en-US\",\"@id\":\"https:\\\/\\\/bioflexnutrition.com.br\\\/#\\\/schema\\\/logo\\\/image\\\/\",\"url\":\"https:\\\/\\\/bioflexnutrition.com.br\\\/wp-content\\\/uploads\\\/2025\\\/04\\\/fav.webp\",\"contentUrl\":\"https:\\\/\\\/bioflexnutrition.com.br\\\/wp-content\\\/uploads\\\/2025\\\/04\\\/fav.webp\",\"width\":1150,\"height\":1000,\"caption\":\"Bioflex Nutrition\"},\"image\":{\"@id\":\"https:\\\/\\\/bioflexnutrition.com.br\\\/#\\\/schema\\\/logo\\\/image\\\/\"},\"sameAs\":[\"https:\\\/\\\/www.instagram.com\\\/bioflexnh\\\/\"]}]}<\/script>\n<!-- \/ Yoast SEO plugin. -->","yoast_head_json":{"title":"CREATINA CREAPURE 300G DUX - Bioflex Nutrition","robots":{"index":"index","follow":"follow","max-snippet":"max-snippet:-1","max-image-preview":"max-image-preview:large","max-video-preview":"max-video-preview:-1"},"canonical":"https:\/\/bioflexnutrition.com.br\/en\/product\/creatina-creapure-300g-dux\/","og_locale":"en_US","og_type":"article","og_title":"CREATINA CREAPURE 300G DUX - Bioflex Nutrition","og_description":"Aprimore seu desempenho f\u00edsico com a Creatina Creapure da DUX Nutrition, um suplemento de alta qualidade desenvolvido para atletas e entusiastas que buscam aumentar a for\u00e7a, resist\u00eancia e massa muscular. Com f\u00f3rmula pura e transparente, este produto \u00e9 elaborado sob rigoroso controle de qualidade, garantindo efic\u00e1cia e seguran\u00e7a.","og_url":"https:\/\/bioflexnutrition.com.br\/en\/product\/creatina-creapure-300g-dux\/","og_site_name":"Bioflex Nutrition","article_modified_time":"2026-01-12T21:52:04+00:00","og_image":[{"width":1000,"height":1000,"url":"https:\/\/bioflexnutrition.com.br\/wp-content\/uploads\/2025\/09\/15364535320-creatina-creapure-0.webp","type":"image\/webp"}],"twitter_card":"summary_large_image","twitter_misc":{"Est. reading time":"2 minutes"},"schema":{"@context":"https:\/\/schema.org","@graph":[{"@type":["WebPage","ItemPage"],"@id":"https:\/\/bioflexnutrition.com.br\/produto\/creatina-creapure-300g-dux\/","url":"https:\/\/bioflexnutrition.com.br\/produto\/creatina-creapure-300g-dux\/","name":"CREATINA CREAPURE 300G DUX - Bioflex Nutrition","isPartOf":{"@id":"https:\/\/bioflexnutrition.com.br\/#website"},"primaryImageOfPage":{"@id":"https:\/\/bioflexnutrition.com.br\/produto\/creatina-creapure-300g-dux\/#primaryimage"},"image":{"@id":"https:\/\/bioflexnutrition.com.br\/produto\/creatina-creapure-300g-dux\/#primaryimage"},"thumbnailUrl":"https:\/\/bioflexnutrition.com.br\/wp-content\/uploads\/2025\/09\/15364535320-creatina-creapure-0.webp","datePublished":"2025-09-08T18:59:28+00:00","dateModified":"2026-01-12T21:52:04+00:00","breadcrumb":{"@id":"https:\/\/bioflexnutrition.com.br\/produto\/creatina-creapure-300g-dux\/#breadcrumb"},"inLanguage":"en-US","potentialAction":[{"@type":"ReadAction","target":["https:\/\/bioflexnutrition.com.br\/produto\/creatina-creapure-300g-dux\/"]}]},{"@type":"ImageObject","inLanguage":"en-US","@id":"https:\/\/bioflexnutrition.com.br\/produto\/creatina-creapure-300g-dux\/#primaryimage","url":"https:\/\/bioflexnutrition.com.br\/wp-content\/uploads\/2025\/09\/15364535320-creatina-creapure-0.webp","contentUrl":"https:\/\/bioflexnutrition.com.br\/wp-content\/uploads\/2025\/09\/15364535320-creatina-creapure-0.webp","width":1000,"height":1000},{"@type":"BreadcrumbList","@id":"https:\/\/bioflexnutrition.com.br\/produto\/creatina-creapure-300g-dux\/#breadcrumb","itemListElement":[{"@type":"ListItem","position":1,"name":"In\u00edcio","item":"https:\/\/bioflexnutrition.com.br\/"},{"@type":"ListItem","position":2,"name":"Loja","item":"https:\/\/bioflexnutrition.com.br\/todos\/"},{"@type":"ListItem","position":3,"name":"CREATINA CREAPURE 300G DUX"}]},{"@type":"WebSite","@id":"https:\/\/bioflexnutrition.com.br\/#website","url":"https:\/\/bioflexnutrition.com.br\/","name":"Bioflex Nutrition","description":"Sua loja online de Nutri\u00e7\u00e3o e Sa\u00fade","publisher":{"@id":"https:\/\/bioflexnutrition.com.br\/#organization"},"potentialAction":[{"@type":"SearchAction","target":{"@type":"EntryPoint","urlTemplate":"https:\/\/bioflexnutrition.com.br\/?s={search_term_string}"},"query-input":{"@type":"PropertyValueSpecification","valueRequired":true,"valueName":"search_term_string"}}],"inLanguage":"en-US"},{"@type":"Organization","@id":"https:\/\/bioflexnutrition.com.br\/#organization","name":"Bioflex Nutrition","url":"https:\/\/bioflexnutrition.com.br\/","logo":{"@type":"ImageObject","inLanguage":"en-US","@id":"https:\/\/bioflexnutrition.com.br\/#\/schema\/logo\/image\/","url":"https:\/\/bioflexnutrition.com.br\/wp-content\/uploads\/2025\/04\/fav.webp","contentUrl":"https:\/\/bioflexnutrition.com.br\/wp-content\/uploads\/2025\/04\/fav.webp","width":1150,"height":1000,"caption":"Bioflex Nutrition"},"image":{"@id":"https:\/\/bioflexnutrition.com.br\/#\/schema\/logo\/image\/"},"sameAs":["https:\/\/www.instagram.com\/bioflexnh\/"]}]}},"_links":{"self":[{"href":"https:\/\/bioflexnutrition.com.br\/en\/wp-json\/wp\/v2\/product\/7442","targetHints":{"allow":["GET"]}}],"collection":[{"href":"https:\/\/bioflexnutrition.com.br\/en\/wp-json\/wp\/v2\/product"}],"about":[{"href":"https:\/\/bioflexnutrition.com.br\/en\/wp-json\/wp\/v2\/types\/product"}],"replies":[{"embeddable":true,"href":"https:\/\/bioflexnutrition.com.br\/en\/wp-json\/wp\/v2\/comments?post=7442"}],"wp:featuredmedia":[{"embeddable":true,"href":"https:\/\/bioflexnutrition.com.br\/en\/wp-json\/wp\/v2\/media\/7441"}],"wp:attachment":[{"href":"https:\/\/bioflexnutrition.com.br\/en\/wp-json\/wp\/v2\/media?parent=7442"}],"wp:term":[{"taxonomy":"product_cat","embeddable":true,"href":"https:\/\/bioflexnutrition.com.br\/en\/wp-json\/wp\/v2\/product_cat?post=7442"},{"taxonomy":"product_tag","embeddable":true,"href":"https:\/\/bioflexnutrition.com.br\/en\/wp-json\/wp\/v2\/product_tag?post=7442"}],"curies":[{"name":"wp","href":"https:\/\/api.w.org\/{rel}","templated":true}]}}