{"id":7454,"date":"2025-09-08T15:59:56","date_gmt":"2025-09-08T18:59:56","guid":{"rendered":"https:\/\/bioflexnutrition.com.br\/produto\/whey-protein-concentrado-dux-neutro-900g\/"},"modified":"2025-10-18T14:41:33","modified_gmt":"2025-10-18T17:41:33","slug":"whey-protein-concentrado-dux-neutro-900g","status":"publish","type":"product","link":"https:\/\/bioflexnutrition.com.br\/en\/product\/whey-protein-concentrado-dux-neutro-900g\/","title":{"rendered":"WHEY PROTEIN CONCENTRADO DUX NEUTRO 900G"},"content":{"rendered":"<h2>Whey Protein Concentrado \u2013 DUX Nutrition<\/h2>\n<h3>Destaques do Produto<\/h3>\n<ul>\n<li><strong>20\u202fg de Prote\u00edna por Por\u00e7\u00e3o:<\/strong> Auxilia no desenvolvimento muscular e na recupera\u00e7\u00e3o p\u00f3s\u2011treino.<\/li>\n<li><strong>Perfil Completo de Amino\u00e1cidos:<\/strong> Rico em BCAAs (5\u202fg), leucina (2,5\u202fg) e glutamina (2,5\u202fg) por por\u00e7\u00e3o.<\/li>\n<li><strong>Mat\u00e9ria\u2011Prima Premium:<\/strong> Prote\u00edna 100% pura de soro do leite fresco, sem blends inferiores.<\/li>\n<li><strong>F\u00f3rmula Limpa:<\/strong> Livre de goma xantana, maltodextrina, espessantes, estabilizantes e conservantes; corantes 100% naturais.<\/li>\n<li><strong>Variedade de Sabores:<\/strong> 10 op\u00e7\u00f5es: Baunilha, Chocolate, Coco, Cappuccino, Cookies, Morango, Neutro, Doce de Leite, Butter Cookies e Banoffee.<\/li>\n<\/ul>\n<h3>Benef\u00edcios Adicionais<\/h3>\n<ul>\n<li>Sabor e qualidade para consumo pr\u00e9\/p\u00f3s\u2011treino ou como snack pr\u00e1tico.<\/li>\n<li>Suporte nutricional completo para recupera\u00e7\u00e3o eficiente e melhora do desempenho f\u00edsico.<\/li>\n<\/ul>\n<h3>Informa\u00e7\u00e3o Nutricional<\/h3>\n<p><strong>Por\u00e7\u00f5es por embalagem:<\/strong> 30 \u2022 <strong>Por\u00e7\u00e3o:<\/strong> 27\u202fg (1 dosador)<\/p>\n<table>\n<thead>\n<tr>\n<th>Componente<\/th>\n<th>27\u202fg<\/th>\n<th>%VD*<\/th>\n<\/tr>\n<\/thead>\n<tbody>\n<tr>\n<td>Valor energ\u00e9tico (kcal)<\/td>\n<td>113<\/td>\n<td>6%<\/td>\n<\/tr>\n<tr>\n<td>Carboidratos (g)<\/td>\n<td>3,5<\/td>\n<td>1%<\/td>\n<\/tr>\n<tr>\n<td>A\u00e7\u00facares totais (g)<\/td>\n<td>3,5<\/td>\n<td>\u2014<\/td>\n<\/tr>\n<tr>\n<td>Prote\u00ednas (g)<\/td>\n<td>20<\/td>\n<td>40%<\/td>\n<\/tr>\n<tr>\n<td>Histidina (mg)<\/td>\n<td>400<\/td>\n<td>\u2014<\/td>\n<\/tr>\n<tr>\n<td>Isoleucina (mg)<\/td>\n<td>1200<\/td>\n<td>\u2014<\/td>\n<\/tr>\n<tr>\n<td>Leucina (mg)<\/td>\n<td>2200<\/td>\n<td>\u2014<\/td>\n<\/tr>\n<tr>\n<td>Lisina (mg)<\/td>\n<td>1900<\/td>\n<td>\u2014<\/td>\n<\/tr>\n<tr>\n<td>Ciste\u00edna (mg)<\/td>\n<td>400<\/td>\n<td>\u2014<\/td>\n<\/tr>\n<tr>\n<td>Metionina (mg)<\/td>\n<td>400<\/td>\n<td>\u2014<\/td>\n<\/tr>\n<tr>\n<td>Tirosina (mg)<\/td>\n<td>400<\/td>\n<td>\u2014<\/td>\n<\/tr>\n<tr>\n<td>Fenilalanina (mg)<\/td>\n<td>700<\/td>\n<td>\u2014<\/td>\n<\/tr>\n<tr>\n<td>Treonina (mg)<\/td>\n<td>1500<\/td>\n<td>\u2014<\/td>\n<\/tr>\n<tr>\n<td>Triptofano (mg)<\/td>\n<td>300<\/td>\n<td>\u2014<\/td>\n<\/tr>\n<tr>\n<td>Valina (mg)<\/td>\n<td>1200<\/td>\n<td>\u2014<\/td>\n<\/tr>\n<tr>\n<td>Aspartato (mg)<\/td>\n<td>2200<\/td>\n<td>\u2014<\/td>\n<\/tr>\n<tr>\n<td>Serina (mg)<\/td>\n<td>1000<\/td>\n<td>\u2014<\/td>\n<\/tr>\n<tr>\n<td>Glutamina (mg)<\/td>\n<td>3500<\/td>\n<td>\u2014<\/td>\n<\/tr>\n<tr>\n<td>Glicina (mg)<\/td>\n<td>400<\/td>\n<td>\u2014<\/td>\n<\/tr>\n<tr>\n<td>Alanina (mg)<\/td>\n<td>1000<\/td>\n<td>\u2014<\/td>\n<\/tr>\n<tr>\n<td>Arginina (mg)<\/td>\n<td>400<\/td>\n<td>\u2014<\/td>\n<\/tr>\n<tr>\n<td>Prolina (mg)<\/td>\n<td>1200<\/td>\n<td>\u2014<\/td>\n<\/tr>\n<tr>\n<td>Gorduras totais (g)<\/td>\n<td>2,1<\/td>\n<td>3%<\/td>\n<\/tr>\n<tr>\n<td>Gorduras saturadas (g)<\/td>\n<td>1,3<\/td>\n<td>7%<\/td>\n<\/tr>\n<tr>\n<td>S\u00f3dio (mg)<\/td>\n<td>107<\/td>\n<td>5%<\/td>\n<\/tr>\n<\/tbody>\n<\/table>\n<p><em>*Percentual de valores di\u00e1rios fornecidos pela por\u00e7\u00e3o.<\/em><\/p>\n<h3>Ingredientes<\/h3>\n<p>Prote\u00edna de soro do leite concentrada.<\/p>\n<p><strong>AL\u00c9RGICOS:<\/strong> cont\u00e9m derivados de soja e leite. Pode conter trigo, aveia, amendoim, am\u00eandoa, avel\u00e3s, castanha\u2011de\u2011caju e pistaches. Cont\u00e9m lactose e gl\u00faten.<\/p>\n<h3>Sugest\u00e3o de Uso<\/h3>\n<p>Misture 27\u202fg (1 dosador) em aproximadamente 200\u202fml de \u00e1gua, leite desnatado ou bebida de sua prefer\u00eancia. Consuma antes ou ap\u00f3s a atividade f\u00edsica, ou conforme orienta\u00e7\u00e3o de um profissional de sa\u00fade.<\/p>\n<p>Manter este produto bem fechado em local fresco, seco e ao abrigo da luz solar.<br \/>Ap\u00f3s aberto, consumir em at\u00e9 30 dias.<br \/>Este produto \u00e9 recomendado para adultos (\u226519\u202fanos).<br \/>\u201cEste produto n\u00e3o \u00e9 um medicamento.\u201d<br \/>\u201cN\u00e3o exceder a recomenda\u00e7\u00e3o di\u00e1ria de consumo indicada na embalagem.\u201d<br \/>\u201cMantenha fora do alcance de crian\u00e7as.\u201d<\/p>","protected":false},"excerpt":{"rendered":"<p dir=\"ltr\" style=\"line-height: 1.38;margin-top: 12pt;margin-bottom: 12pt\"><span style=\"font-size: 11pt;font-family: Arial,sans-serif;color: #000000;background-color: transparent;font-weight: bold;font-style: normal;font-variant: normal;text-decoration: none;vertical-align: baseline\">Whey Protein Concentrado DUX Nutrition \u2013\u00a0<\/span><\/p>\n<p><span id=\"docs-internal-guid-4a37c7d9-7fff-c266-f073-31e78b207580\"><span style=\"font-size: 11pt;font-family: Arial, sans-serif;color: #000000;background-color: transparent;vertical-align: baseline\">Alcance seus objetivos de forma eficiente com o <\/span><span style=\"font-size: 11pt;font-family: Arial, sans-serif;color: #000000;background-color: transparent;font-weight: bold;vertical-align: baseline\">Whey Protein Concentrado da DUX Nutrition<\/span><span style=\"font-size: 11pt;font-family: Arial, sans-serif;color: #000000;background-color: transparent;vertical-align: baseline\">. Este suplemento de alta qualidade oferece uma fonte pura e completa de prote\u00edna, essencial para a constru\u00e7\u00e3o e manuten\u00e7\u00e3o da massa muscular. \u200b<\/span><\/span><\/p>","protected":false},"featured_media":7453,"comment_status":"open","ping_status":"closed","template":"","meta":{"_joinchat":[]},"product_cat":[248,291,157,164,169,170,270,266],"product_tag":[],"class_list":{"0":"post-7454","1":"product","2":"type-product","3":"status-publish","4":"has-post-thumbnail","6":"product_cat-categorias-e","7":"product_cat-dux-nutrition","8":"product_cat-marcas","9":"product_cat-objetivos-especificos","10":"product_cat-para-emagrecimento","11":"product_cat-para-ganho-de-massa","12":"product_cat-proteina-concentrada-whey","13":"product_cat-proteinas-categorias-ecommerce","15":"first","16":"instock","17":"shipping-taxable","18":"purchasable","19":"product-type-simple","20":"col-xs-6 col-sm-4","21":"col-md-3 col-lg-3","22":"un-4-cols"},"yoast_head":"<!-- This site is optimized with the Yoast SEO plugin v27.3 - https:\/\/yoast.com\/product\/yoast-seo-wordpress\/ -->\n<title>WHEY PROTEIN CONCENTRADO DUX NEUTRO 900G - Bioflex Nutrition<\/title>\n<meta name=\"robots\" content=\"index, follow, max-snippet:-1, max-image-preview:large, max-video-preview:-1\" \/>\n<link rel=\"canonical\" href=\"https:\/\/bioflexnutrition.com.br\/en\/product\/whey-protein-concentrado-dux-neutro-900g\/\" \/>\n<meta property=\"og:locale\" content=\"en_US\" \/>\n<meta property=\"og:type\" content=\"article\" \/>\n<meta property=\"og:title\" content=\"WHEY PROTEIN CONCENTRADO DUX NEUTRO 900G - Bioflex Nutrition\" \/>\n<meta property=\"og:description\" content=\"Whey Protein Concentrado DUX Nutrition \u2013\u00a0 Alcance seus objetivos de forma eficiente com o Whey Protein Concentrado da DUX Nutrition. Este suplemento de alta qualidade oferece uma fonte pura e completa de prote\u00edna, essencial para a constru\u00e7\u00e3o e manuten\u00e7\u00e3o da massa muscular. \u200b\" \/>\n<meta property=\"og:url\" content=\"https:\/\/bioflexnutrition.com.br\/en\/product\/whey-protein-concentrado-dux-neutro-900g\/\" \/>\n<meta property=\"og:site_name\" content=\"Bioflex Nutrition\" \/>\n<meta property=\"article:modified_time\" content=\"2025-10-18T17:41:33+00:00\" \/>\n<meta property=\"og:image\" content=\"https:\/\/bioflexnutrition.com.br\/wp-content\/uploads\/2025\/09\/15364757628-whey-concentrado-neutro-webp.webp\" \/>\n\t<meta property=\"og:image:width\" content=\"1000\" \/>\n\t<meta property=\"og:image:height\" content=\"1000\" \/>\n\t<meta property=\"og:image:type\" content=\"image\/webp\" \/>\n<meta name=\"twitter:card\" content=\"summary_large_image\" \/>\n<meta name=\"twitter:label1\" content=\"Est. reading time\" \/>\n\t<meta name=\"twitter:data1\" content=\"2 minutes\" \/>\n<script type=\"application\/ld+json\" class=\"yoast-schema-graph\">{\"@context\":\"https:\\\/\\\/schema.org\",\"@graph\":[{\"@type\":[\"WebPage\",\"ItemPage\"],\"@id\":\"https:\\\/\\\/bioflexnutrition.com.br\\\/produto\\\/whey-protein-concentrado-dux-neutro-900g\\\/\",\"url\":\"https:\\\/\\\/bioflexnutrition.com.br\\\/produto\\\/whey-protein-concentrado-dux-neutro-900g\\\/\",\"name\":\"WHEY PROTEIN CONCENTRADO DUX NEUTRO 900G - Bioflex Nutrition\",\"isPartOf\":{\"@id\":\"https:\\\/\\\/bioflexnutrition.com.br\\\/#website\"},\"primaryImageOfPage\":{\"@id\":\"https:\\\/\\\/bioflexnutrition.com.br\\\/produto\\\/whey-protein-concentrado-dux-neutro-900g\\\/#primaryimage\"},\"image\":{\"@id\":\"https:\\\/\\\/bioflexnutrition.com.br\\\/produto\\\/whey-protein-concentrado-dux-neutro-900g\\\/#primaryimage\"},\"thumbnailUrl\":\"https:\\\/\\\/bioflexnutrition.com.br\\\/wp-content\\\/uploads\\\/2025\\\/09\\\/15364757628-whey-concentrado-neutro-webp.webp\",\"datePublished\":\"2025-09-08T18:59:56+00:00\",\"dateModified\":\"2025-10-18T17:41:33+00:00\",\"breadcrumb\":{\"@id\":\"https:\\\/\\\/bioflexnutrition.com.br\\\/produto\\\/whey-protein-concentrado-dux-neutro-900g\\\/#breadcrumb\"},\"inLanguage\":\"en-US\",\"potentialAction\":[{\"@type\":\"ReadAction\",\"target\":[\"https:\\\/\\\/bioflexnutrition.com.br\\\/produto\\\/whey-protein-concentrado-dux-neutro-900g\\\/\"]}]},{\"@type\":\"ImageObject\",\"inLanguage\":\"en-US\",\"@id\":\"https:\\\/\\\/bioflexnutrition.com.br\\\/produto\\\/whey-protein-concentrado-dux-neutro-900g\\\/#primaryimage\",\"url\":\"https:\\\/\\\/bioflexnutrition.com.br\\\/wp-content\\\/uploads\\\/2025\\\/09\\\/15364757628-whey-concentrado-neutro-webp.webp\",\"contentUrl\":\"https:\\\/\\\/bioflexnutrition.com.br\\\/wp-content\\\/uploads\\\/2025\\\/09\\\/15364757628-whey-concentrado-neutro-webp.webp\",\"width\":1000,\"height\":1000},{\"@type\":\"BreadcrumbList\",\"@id\":\"https:\\\/\\\/bioflexnutrition.com.br\\\/produto\\\/whey-protein-concentrado-dux-neutro-900g\\\/#breadcrumb\",\"itemListElement\":[{\"@type\":\"ListItem\",\"position\":1,\"name\":\"In\u00edcio\",\"item\":\"https:\\\/\\\/bioflexnutrition.com.br\\\/\"},{\"@type\":\"ListItem\",\"position\":2,\"name\":\"Loja\",\"item\":\"https:\\\/\\\/bioflexnutrition.com.br\\\/todos\\\/\"},{\"@type\":\"ListItem\",\"position\":3,\"name\":\"WHEY PROTEIN CONCENTRADO DUX NEUTRO 900G\"}]},{\"@type\":\"WebSite\",\"@id\":\"https:\\\/\\\/bioflexnutrition.com.br\\\/#website\",\"url\":\"https:\\\/\\\/bioflexnutrition.com.br\\\/\",\"name\":\"Bioflex Nutrition\",\"description\":\"Sua loja online de Nutri\u00e7\u00e3o e Sa\u00fade\",\"publisher\":{\"@id\":\"https:\\\/\\\/bioflexnutrition.com.br\\\/#organization\"},\"potentialAction\":[{\"@type\":\"SearchAction\",\"target\":{\"@type\":\"EntryPoint\",\"urlTemplate\":\"https:\\\/\\\/bioflexnutrition.com.br\\\/?s={search_term_string}\"},\"query-input\":{\"@type\":\"PropertyValueSpecification\",\"valueRequired\":true,\"valueName\":\"search_term_string\"}}],\"inLanguage\":\"en-US\"},{\"@type\":\"Organization\",\"@id\":\"https:\\\/\\\/bioflexnutrition.com.br\\\/#organization\",\"name\":\"Bioflex Nutrition\",\"url\":\"https:\\\/\\\/bioflexnutrition.com.br\\\/\",\"logo\":{\"@type\":\"ImageObject\",\"inLanguage\":\"en-US\",\"@id\":\"https:\\\/\\\/bioflexnutrition.com.br\\\/#\\\/schema\\\/logo\\\/image\\\/\",\"url\":\"https:\\\/\\\/bioflexnutrition.com.br\\\/wp-content\\\/uploads\\\/2025\\\/04\\\/fav.webp\",\"contentUrl\":\"https:\\\/\\\/bioflexnutrition.com.br\\\/wp-content\\\/uploads\\\/2025\\\/04\\\/fav.webp\",\"width\":1150,\"height\":1000,\"caption\":\"Bioflex Nutrition\"},\"image\":{\"@id\":\"https:\\\/\\\/bioflexnutrition.com.br\\\/#\\\/schema\\\/logo\\\/image\\\/\"},\"sameAs\":[\"https:\\\/\\\/www.instagram.com\\\/bioflexnh\\\/\"]}]}<\/script>\n<!-- \/ Yoast SEO plugin. -->","yoast_head_json":{"title":"WHEY PROTEIN CONCENTRADO DUX NEUTRO 900G - Bioflex Nutrition","robots":{"index":"index","follow":"follow","max-snippet":"max-snippet:-1","max-image-preview":"max-image-preview:large","max-video-preview":"max-video-preview:-1"},"canonical":"https:\/\/bioflexnutrition.com.br\/en\/product\/whey-protein-concentrado-dux-neutro-900g\/","og_locale":"en_US","og_type":"article","og_title":"WHEY PROTEIN CONCENTRADO DUX NEUTRO 900G - Bioflex Nutrition","og_description":"Whey Protein Concentrado DUX Nutrition \u2013\u00a0 Alcance seus objetivos de forma eficiente com o Whey Protein Concentrado da DUX Nutrition. Este suplemento de alta qualidade oferece uma fonte pura e completa de prote\u00edna, essencial para a constru\u00e7\u00e3o e manuten\u00e7\u00e3o da massa muscular. \u200b","og_url":"https:\/\/bioflexnutrition.com.br\/en\/product\/whey-protein-concentrado-dux-neutro-900g\/","og_site_name":"Bioflex Nutrition","article_modified_time":"2025-10-18T17:41:33+00:00","og_image":[{"width":1000,"height":1000,"url":"https:\/\/bioflexnutrition.com.br\/wp-content\/uploads\/2025\/09\/15364757628-whey-concentrado-neutro-webp.webp","type":"image\/webp"}],"twitter_card":"summary_large_image","twitter_misc":{"Est. reading time":"2 minutes"},"schema":{"@context":"https:\/\/schema.org","@graph":[{"@type":["WebPage","ItemPage"],"@id":"https:\/\/bioflexnutrition.com.br\/produto\/whey-protein-concentrado-dux-neutro-900g\/","url":"https:\/\/bioflexnutrition.com.br\/produto\/whey-protein-concentrado-dux-neutro-900g\/","name":"WHEY PROTEIN CONCENTRADO DUX NEUTRO 900G - Bioflex Nutrition","isPartOf":{"@id":"https:\/\/bioflexnutrition.com.br\/#website"},"primaryImageOfPage":{"@id":"https:\/\/bioflexnutrition.com.br\/produto\/whey-protein-concentrado-dux-neutro-900g\/#primaryimage"},"image":{"@id":"https:\/\/bioflexnutrition.com.br\/produto\/whey-protein-concentrado-dux-neutro-900g\/#primaryimage"},"thumbnailUrl":"https:\/\/bioflexnutrition.com.br\/wp-content\/uploads\/2025\/09\/15364757628-whey-concentrado-neutro-webp.webp","datePublished":"2025-09-08T18:59:56+00:00","dateModified":"2025-10-18T17:41:33+00:00","breadcrumb":{"@id":"https:\/\/bioflexnutrition.com.br\/produto\/whey-protein-concentrado-dux-neutro-900g\/#breadcrumb"},"inLanguage":"en-US","potentialAction":[{"@type":"ReadAction","target":["https:\/\/bioflexnutrition.com.br\/produto\/whey-protein-concentrado-dux-neutro-900g\/"]}]},{"@type":"ImageObject","inLanguage":"en-US","@id":"https:\/\/bioflexnutrition.com.br\/produto\/whey-protein-concentrado-dux-neutro-900g\/#primaryimage","url":"https:\/\/bioflexnutrition.com.br\/wp-content\/uploads\/2025\/09\/15364757628-whey-concentrado-neutro-webp.webp","contentUrl":"https:\/\/bioflexnutrition.com.br\/wp-content\/uploads\/2025\/09\/15364757628-whey-concentrado-neutro-webp.webp","width":1000,"height":1000},{"@type":"BreadcrumbList","@id":"https:\/\/bioflexnutrition.com.br\/produto\/whey-protein-concentrado-dux-neutro-900g\/#breadcrumb","itemListElement":[{"@type":"ListItem","position":1,"name":"In\u00edcio","item":"https:\/\/bioflexnutrition.com.br\/"},{"@type":"ListItem","position":2,"name":"Loja","item":"https:\/\/bioflexnutrition.com.br\/todos\/"},{"@type":"ListItem","position":3,"name":"WHEY PROTEIN CONCENTRADO DUX NEUTRO 900G"}]},{"@type":"WebSite","@id":"https:\/\/bioflexnutrition.com.br\/#website","url":"https:\/\/bioflexnutrition.com.br\/","name":"Bioflex Nutrition","description":"Sua loja online de Nutri\u00e7\u00e3o e Sa\u00fade","publisher":{"@id":"https:\/\/bioflexnutrition.com.br\/#organization"},"potentialAction":[{"@type":"SearchAction","target":{"@type":"EntryPoint","urlTemplate":"https:\/\/bioflexnutrition.com.br\/?s={search_term_string}"},"query-input":{"@type":"PropertyValueSpecification","valueRequired":true,"valueName":"search_term_string"}}],"inLanguage":"en-US"},{"@type":"Organization","@id":"https:\/\/bioflexnutrition.com.br\/#organization","name":"Bioflex Nutrition","url":"https:\/\/bioflexnutrition.com.br\/","logo":{"@type":"ImageObject","inLanguage":"en-US","@id":"https:\/\/bioflexnutrition.com.br\/#\/schema\/logo\/image\/","url":"https:\/\/bioflexnutrition.com.br\/wp-content\/uploads\/2025\/04\/fav.webp","contentUrl":"https:\/\/bioflexnutrition.com.br\/wp-content\/uploads\/2025\/04\/fav.webp","width":1150,"height":1000,"caption":"Bioflex Nutrition"},"image":{"@id":"https:\/\/bioflexnutrition.com.br\/#\/schema\/logo\/image\/"},"sameAs":["https:\/\/www.instagram.com\/bioflexnh\/"]}]}},"_links":{"self":[{"href":"https:\/\/bioflexnutrition.com.br\/en\/wp-json\/wp\/v2\/product\/7454","targetHints":{"allow":["GET"]}}],"collection":[{"href":"https:\/\/bioflexnutrition.com.br\/en\/wp-json\/wp\/v2\/product"}],"about":[{"href":"https:\/\/bioflexnutrition.com.br\/en\/wp-json\/wp\/v2\/types\/product"}],"replies":[{"embeddable":true,"href":"https:\/\/bioflexnutrition.com.br\/en\/wp-json\/wp\/v2\/comments?post=7454"}],"wp:featuredmedia":[{"embeddable":true,"href":"https:\/\/bioflexnutrition.com.br\/en\/wp-json\/wp\/v2\/media\/7453"}],"wp:attachment":[{"href":"https:\/\/bioflexnutrition.com.br\/en\/wp-json\/wp\/v2\/media?parent=7454"}],"wp:term":[{"taxonomy":"product_cat","embeddable":true,"href":"https:\/\/bioflexnutrition.com.br\/en\/wp-json\/wp\/v2\/product_cat?post=7454"},{"taxonomy":"product_tag","embeddable":true,"href":"https:\/\/bioflexnutrition.com.br\/en\/wp-json\/wp\/v2\/product_tag?post=7454"}],"curies":[{"name":"wp","href":"https:\/\/api.w.org\/{rel}","templated":true}]}}