{"id":7468,"date":"2025-09-08T16:00:46","date_gmt":"2025-09-08T19:00:46","guid":{"rendered":"https:\/\/bioflexnutrition.com.br\/produto\/whey-protein-isolado-dux-morango-900g\/"},"modified":"2026-01-31T11:00:54","modified_gmt":"2026-01-31T14:00:54","slug":"whey-protein-isolado-dux-morango-900g","status":"publish","type":"product","link":"https:\/\/bioflexnutrition.com.br\/en\/product\/whey-protein-isolado-dux-morango-900g\/","title":{"rendered":"WHEY PROTEIN ISOLADO DUX MORANGO 900G"},"content":{"rendered":"<h2>Whey Protein Isolado DUX Nutrition<\/h2>\n<h3>Destaques do Produto:<\/h3>\n<ul>\n<li><strong>24g de Prote\u00edna Isolada por Por\u00e7\u00e3o:<\/strong> Cada dose fornece 24\u202fg de prote\u00edna isolada do soro do leite, essencial para a constru\u00e7\u00e3o e manuten\u00e7\u00e3o da massa muscular magra.<\/li>\n<li><strong>Baixo Teor de Gorduras e Carboidratos:<\/strong> Ideal para quem busca suplementa\u00e7\u00e3o eficiente sem comprometer a dieta, auxiliando na defini\u00e7\u00e3o muscular.<\/li>\n<li><strong>Perfil Completo de Amino\u00e1cidos:<\/strong> Rico em BCAAs e glutamina, fundamentais para a recupera\u00e7\u00e3o muscular e melhora do desempenho f\u00edsico.<\/li>\n<li><strong>F\u00f3rmula Pura e Natural:<\/strong> Livre de blends ou adi\u00e7\u00e3o de prote\u00ednas de menor valor biol\u00f3gico, garantindo um suplemento sem impurezas e aditivos desnecess\u00e1rios.<\/li>\n<li><strong>Variedade de Sabores:<\/strong> Dispon\u00edvel em Baunilha, Chocolate, Coco, Cookies e Morango, proporcionando uma experi\u00eancia agrad\u00e1vel ao paladar.<\/li>\n<li><strong>R\u00e1pida Absor\u00e7\u00e3o:<\/strong> A prote\u00edna isolada \u00e9 rapidamente assimilada pelo organismo, otimizando a recupera\u00e7\u00e3o p\u00f3s-treino.<\/li>\n<li><strong>Versatilidade no Consumo:<\/strong> Pode ser consumido no caf\u00e9 da manh\u00e3, antes ou depois dos treinos, ou como um lanche saud\u00e1vel ao longo do dia.<\/li>\n<\/ul>\n<h3>Informa\u00e7\u00e3o Nutricional<\/h3>\n<p>Por\u00e7\u00f5es por embalagem: cerca de 31<\/p>\n<p>Por\u00e7\u00e3o: 29\u202fg (1 dosador)<\/p>\n<table>\n<thead>\n<tr>\n<th>Quantidade por por\u00e7\u00e3o<\/th>\n<th>29\u202fg<\/th>\n<th>%\u202fVD*<\/th>\n<\/tr>\n<\/thead>\n<tbody>\n<tr>\n<td>Valor energ\u00e9tico (kcal)<\/td>\n<td>107<\/td>\n<td>5%<\/td>\n<\/tr>\n<tr>\n<td>Carboidratos (g)<\/td>\n<td>1,3<\/td>\n<td>0%<\/td>\n<\/tr>\n<tr>\n<td>A\u00e7\u00facares totais (g)<\/td>\n<td>0,6<\/td>\n<td>\u2014<\/td>\n<\/tr>\n<tr>\n<td>A\u00e7\u00facares adicionados (g)<\/td>\n<td>0<\/td>\n<td>0%<\/td>\n<\/tr>\n<tr>\n<td>Prote\u00ednas (g)<\/td>\n<td>24<\/td>\n<td>48%<\/td>\n<\/tr>\n<tr>\n<td>Histidina (mg)<\/td>\n<td>400<\/td>\n<td>\u2014<\/td>\n<\/tr>\n<tr>\n<td>Isoleucina (mg)<\/td>\n<td>1\u202f400<\/td>\n<td>\u2014<\/td>\n<\/tr>\n<tr>\n<td>Leucina (mg)<\/td>\n<td>2\u202f500<\/td>\n<td>\u2014<\/td>\n<\/tr>\n<tr>\n<td>Lisina (mg)<\/td>\n<td>2\u202f200<\/td>\n<td>\u2014<\/td>\n<\/tr>\n<tr>\n<td>Ciste\u00edna (mg)<\/td>\n<td>500<\/td>\n<td>\u2014<\/td>\n<\/tr>\n<tr>\n<td>Metionina (mg)<\/td>\n<td>500<\/td>\n<td>\u2014<\/td>\n<\/tr>\n<tr>\n<td>Tirosina (mg)<\/td>\n<td>700<\/td>\n<td>\u2014<\/td>\n<\/tr>\n<tr>\n<td>Fenilalanina (mg)<\/td>\n<td>700<\/td>\n<td>\u2014<\/td>\n<\/tr>\n<tr>\n<td>Treonina (mg)<\/td>\n<td>1\u202f600<\/td>\n<td>\u2014<\/td>\n<\/tr>\n<tr>\n<td>Triptofano (mg)<\/td>\n<td>400<\/td>\n<td>\u2014<\/td>\n<\/tr>\n<tr>\n<td>Valina (mg)<\/td>\n<td>1\u202f300<\/td>\n<td>\u2014<\/td>\n<\/tr>\n<tr>\n<td>Aspartato (mg)<\/td>\n<td>2\u202f500<\/td>\n<td>\u2014<\/td>\n<\/tr>\n<tr>\n<td>Serina (mg)<\/td>\n<td>1\u202f000<\/td>\n<td>\u2014<\/td>\n<\/tr>\n<tr>\n<td>Glutamina (mg)<\/td>\n<td>4\u202f100<\/td>\n<td>\u2014<\/td>\n<\/tr>\n<tr>\n<td>Glicina (mg)<\/td>\n<td>400<\/td>\n<td>\u2014<\/td>\n<\/tr>\n<tr>\n<td>Alanina (mg)<\/td>\n<td>1\u202f100<\/td>\n<td>\u2014<\/td>\n<\/tr>\n<tr>\n<td>Arginina (mg)<\/td>\n<td>500<\/td>\n<td>\u2014<\/td>\n<\/tr>\n<tr>\n<td>Prolina (mg)<\/td>\n<td>1\u202f400<\/td>\n<td>\u2014<\/td>\n<\/tr>\n<tr>\n<td>Gorduras totais (g)<\/td>\n<td>0,6<\/td>\n<td>1%<\/td>\n<\/tr>\n<tr>\n<td>Gorduras saturadas (g)<\/td>\n<td>0,3<\/td>\n<td>2%<\/td>\n<\/tr>\n<tr>\n<td>S\u00f3dio (mg)<\/td>\n<td>119<\/td>\n<td>6%<\/td>\n<\/tr>\n<\/tbody>\n<\/table>\n<p>*Percentual de Valores Di\u00e1rios de refer\u00eancia.<\/p>\n<h3>Ingredientes:<\/h3>\n<p>Prote\u00edna de soro do leite isolada, aromatizante, corante vermelho beterraba, edulcorantes sucralose e acesulfame de pot\u00e1ssio.<br \/><strong>Al\u00e9rgicos:<\/strong> Cont\u00e9m derivados de soja e leite. Pode conter trigo, aveia, amendoim, am\u00eandoa, avel\u00e3s, castanha\u2011de\u2011caju e pistaches. Cont\u00e9m lactose. Cont\u00e9m gl\u00faten.<\/p>\n<h3>Sugest\u00e3o de Uso:<\/h3>\n<p>Misture uma por\u00e7\u00e3o (30\u202fg) em aproximadamente 200\u202fml de \u00e1gua, leite ou bebida de sua prefer\u00eancia. Consuma conforme orienta\u00e7\u00e3o de um profissional de sa\u00fade ou de acordo com suas necessidades nutricionais.<\/p>\n<p>Manter este produto bem fechado em local fresco, seco e ao abrigo da luz solar.<br \/>Ap\u00f3s aberto, consumir em at\u00e9 90 dias.<br \/>Este produto \u00e9 recomendado para adultos (\u226519 anos).<br \/>Este produto n\u00e3o deve ser consumido por gestantes, lactantes e crian\u00e7as.<br \/>\u201cEste produto n\u00e3o \u00e9 um medicamento.\u201d<br \/>\u201cN\u00e3o exceder a recomenda\u00e7\u00e3o di\u00e1ria de consumo indicada na embalagem.\u201d<br \/>\u201cMantenha fora do alcance de crian\u00e7as.\u201d<\/p>","protected":false},"excerpt":{"rendered":"<p dir=\"ltr\" style=\"line-height: 1.38;margin-top: 12pt;margin-bottom: 12pt\"><span style=\"font-size: 11pt;font-family: Arial,sans-serif;color: #000000;background-color: transparent;font-weight: bold;font-style: normal;font-variant: normal;text-decoration: none;vertical-align: baseline\">Whey Protein Isolado DUX Nutrition\u00a0<\/span><\/p>\n<p>\u00a0<\/p>\n<p dir=\"ltr\" style=\"line-height: 1.38;margin-top: 12pt;margin-bottom: 12pt\"><span style=\"font-size: 11pt;font-family: Arial,sans-serif;color: #000000;background-color: transparent;font-weight: 400;font-style: normal;font-variant: normal;text-decoration: none;vertical-align: baseline\">Alcance o auge da sua performance com o <\/span><span style=\"font-size: 11pt;font-family: Arial,sans-serif;color: #000000;background-color: transparent;font-weight: bold;font-style: normal;font-variant: normal;text-decoration: none;vertical-align: baseline\">Whey Protein Isolado da DUX Nutrition<\/span><span style=\"font-size: 11pt;font-family: Arial,sans-serif;color: #000000;background-color: transparent;font-weight: 400;font-style: normal;font-variant: normal;text-decoration: none;vertical-align: baseline\">. Desenvolvido para atletas e entusiastas do fitness que buscam resultados superiores, este suplemento oferece prote\u00edna de alta qualidade com m\u00e1xima pureza e absor\u00e7\u00e3o eficiente. \u200b<\/span><\/p>","protected":false},"featured_media":7467,"comment_status":"open","ping_status":"closed","template":"","meta":{"_joinchat":[]},"product_cat":[248,291,157,164,169,170,272,266],"product_tag":[],"class_list":{"0":"post-7468","1":"product","2":"type-product","3":"status-publish","4":"has-post-thumbnail","6":"product_cat-categorias-e","7":"product_cat-dux-nutrition","8":"product_cat-marcas","9":"product_cat-objetivos-especificos","10":"product_cat-para-emagrecimento","11":"product_cat-para-ganho-de-massa","12":"product_cat-proteina-isolada-hidrolisada-whey","13":"product_cat-proteinas-categorias-ecommerce","15":"first","16":"instock","17":"shipping-taxable","18":"purchasable","19":"product-type-simple","20":"col-xs-6 col-sm-4","21":"col-md-3 col-lg-3","22":"un-4-cols"},"yoast_head":"<!-- This site is optimized with the Yoast SEO plugin v27.3 - https:\/\/yoast.com\/product\/yoast-seo-wordpress\/ -->\n<title>WHEY PROTEIN ISOLADO DUX MORANGO 900G - Bioflex Nutrition<\/title>\n<meta name=\"robots\" content=\"index, follow, max-snippet:-1, max-image-preview:large, max-video-preview:-1\" \/>\n<link rel=\"canonical\" href=\"https:\/\/bioflexnutrition.com.br\/en\/product\/whey-protein-isolado-dux-morango-900g\/\" \/>\n<meta property=\"og:locale\" content=\"en_US\" \/>\n<meta property=\"og:type\" content=\"article\" \/>\n<meta property=\"og:title\" content=\"WHEY PROTEIN ISOLADO DUX MORANGO 900G - Bioflex Nutrition\" \/>\n<meta property=\"og:description\" content=\"Whey Protein Isolado DUX Nutrition\u00a0 \u00a0 Alcance o auge da sua performance com o Whey Protein Isolado da DUX Nutrition. Desenvolvido para atletas e entusiastas do fitness que buscam resultados superiores, este suplemento oferece prote\u00edna de alta qualidade com m\u00e1xima pureza e absor\u00e7\u00e3o eficiente. \u200b\" \/>\n<meta property=\"og:url\" content=\"https:\/\/bioflexnutrition.com.br\/en\/product\/whey-protein-isolado-dux-morango-900g\/\" \/>\n<meta property=\"og:site_name\" content=\"Bioflex Nutrition\" \/>\n<meta property=\"article:modified_time\" content=\"2026-01-31T14:00:54+00:00\" \/>\n<meta property=\"og:image\" content=\"https:\/\/bioflexnutrition.com.br\/wp-content\/uploads\/2025\/09\/15364784766-whey-isolado-morango.webp\" \/>\n\t<meta property=\"og:image:width\" content=\"1000\" \/>\n\t<meta property=\"og:image:height\" content=\"1000\" \/>\n\t<meta property=\"og:image:type\" content=\"image\/webp\" \/>\n<meta name=\"twitter:card\" content=\"summary_large_image\" \/>\n<meta name=\"twitter:label1\" content=\"Est. reading time\" \/>\n\t<meta name=\"twitter:data1\" content=\"2 minutes\" \/>\n<script type=\"application\/ld+json\" class=\"yoast-schema-graph\">{\"@context\":\"https:\\\/\\\/schema.org\",\"@graph\":[{\"@type\":[\"WebPage\",\"ItemPage\"],\"@id\":\"https:\\\/\\\/bioflexnutrition.com.br\\\/produto\\\/whey-protein-isolado-dux-morango-900g\\\/\",\"url\":\"https:\\\/\\\/bioflexnutrition.com.br\\\/produto\\\/whey-protein-isolado-dux-morango-900g\\\/\",\"name\":\"WHEY PROTEIN ISOLADO DUX MORANGO 900G - Bioflex Nutrition\",\"isPartOf\":{\"@id\":\"https:\\\/\\\/bioflexnutrition.com.br\\\/#website\"},\"primaryImageOfPage\":{\"@id\":\"https:\\\/\\\/bioflexnutrition.com.br\\\/produto\\\/whey-protein-isolado-dux-morango-900g\\\/#primaryimage\"},\"image\":{\"@id\":\"https:\\\/\\\/bioflexnutrition.com.br\\\/produto\\\/whey-protein-isolado-dux-morango-900g\\\/#primaryimage\"},\"thumbnailUrl\":\"https:\\\/\\\/bioflexnutrition.com.br\\\/wp-content\\\/uploads\\\/2025\\\/09\\\/15364784766-whey-isolado-morango.webp\",\"datePublished\":\"2025-09-08T19:00:46+00:00\",\"dateModified\":\"2026-01-31T14:00:54+00:00\",\"breadcrumb\":{\"@id\":\"https:\\\/\\\/bioflexnutrition.com.br\\\/produto\\\/whey-protein-isolado-dux-morango-900g\\\/#breadcrumb\"},\"inLanguage\":\"en-US\",\"potentialAction\":[{\"@type\":\"ReadAction\",\"target\":[\"https:\\\/\\\/bioflexnutrition.com.br\\\/produto\\\/whey-protein-isolado-dux-morango-900g\\\/\"]}]},{\"@type\":\"ImageObject\",\"inLanguage\":\"en-US\",\"@id\":\"https:\\\/\\\/bioflexnutrition.com.br\\\/produto\\\/whey-protein-isolado-dux-morango-900g\\\/#primaryimage\",\"url\":\"https:\\\/\\\/bioflexnutrition.com.br\\\/wp-content\\\/uploads\\\/2025\\\/09\\\/15364784766-whey-isolado-morango.webp\",\"contentUrl\":\"https:\\\/\\\/bioflexnutrition.com.br\\\/wp-content\\\/uploads\\\/2025\\\/09\\\/15364784766-whey-isolado-morango.webp\",\"width\":1000,\"height\":1000},{\"@type\":\"BreadcrumbList\",\"@id\":\"https:\\\/\\\/bioflexnutrition.com.br\\\/produto\\\/whey-protein-isolado-dux-morango-900g\\\/#breadcrumb\",\"itemListElement\":[{\"@type\":\"ListItem\",\"position\":1,\"name\":\"In\u00edcio\",\"item\":\"https:\\\/\\\/bioflexnutrition.com.br\\\/\"},{\"@type\":\"ListItem\",\"position\":2,\"name\":\"Loja\",\"item\":\"https:\\\/\\\/bioflexnutrition.com.br\\\/todos\\\/\"},{\"@type\":\"ListItem\",\"position\":3,\"name\":\"WHEY PROTEIN ISOLADO DUX MORANGO 900G\"}]},{\"@type\":\"WebSite\",\"@id\":\"https:\\\/\\\/bioflexnutrition.com.br\\\/#website\",\"url\":\"https:\\\/\\\/bioflexnutrition.com.br\\\/\",\"name\":\"Bioflex Nutrition\",\"description\":\"Sua loja online de Nutri\u00e7\u00e3o e Sa\u00fade\",\"publisher\":{\"@id\":\"https:\\\/\\\/bioflexnutrition.com.br\\\/#organization\"},\"potentialAction\":[{\"@type\":\"SearchAction\",\"target\":{\"@type\":\"EntryPoint\",\"urlTemplate\":\"https:\\\/\\\/bioflexnutrition.com.br\\\/?s={search_term_string}\"},\"query-input\":{\"@type\":\"PropertyValueSpecification\",\"valueRequired\":true,\"valueName\":\"search_term_string\"}}],\"inLanguage\":\"en-US\"},{\"@type\":\"Organization\",\"@id\":\"https:\\\/\\\/bioflexnutrition.com.br\\\/#organization\",\"name\":\"Bioflex Nutrition\",\"url\":\"https:\\\/\\\/bioflexnutrition.com.br\\\/\",\"logo\":{\"@type\":\"ImageObject\",\"inLanguage\":\"en-US\",\"@id\":\"https:\\\/\\\/bioflexnutrition.com.br\\\/#\\\/schema\\\/logo\\\/image\\\/\",\"url\":\"https:\\\/\\\/bioflexnutrition.com.br\\\/wp-content\\\/uploads\\\/2025\\\/04\\\/fav.webp\",\"contentUrl\":\"https:\\\/\\\/bioflexnutrition.com.br\\\/wp-content\\\/uploads\\\/2025\\\/04\\\/fav.webp\",\"width\":1150,\"height\":1000,\"caption\":\"Bioflex Nutrition\"},\"image\":{\"@id\":\"https:\\\/\\\/bioflexnutrition.com.br\\\/#\\\/schema\\\/logo\\\/image\\\/\"},\"sameAs\":[\"https:\\\/\\\/www.instagram.com\\\/bioflexnh\\\/\"]}]}<\/script>\n<!-- \/ Yoast SEO plugin. -->","yoast_head_json":{"title":"WHEY PROTEIN ISOLADO DUX MORANGO 900G - Bioflex Nutrition","robots":{"index":"index","follow":"follow","max-snippet":"max-snippet:-1","max-image-preview":"max-image-preview:large","max-video-preview":"max-video-preview:-1"},"canonical":"https:\/\/bioflexnutrition.com.br\/en\/product\/whey-protein-isolado-dux-morango-900g\/","og_locale":"en_US","og_type":"article","og_title":"WHEY PROTEIN ISOLADO DUX MORANGO 900G - Bioflex Nutrition","og_description":"Whey Protein Isolado DUX Nutrition\u00a0 \u00a0 Alcance o auge da sua performance com o Whey Protein Isolado da DUX Nutrition. Desenvolvido para atletas e entusiastas do fitness que buscam resultados superiores, este suplemento oferece prote\u00edna de alta qualidade com m\u00e1xima pureza e absor\u00e7\u00e3o eficiente. \u200b","og_url":"https:\/\/bioflexnutrition.com.br\/en\/product\/whey-protein-isolado-dux-morango-900g\/","og_site_name":"Bioflex Nutrition","article_modified_time":"2026-01-31T14:00:54+00:00","og_image":[{"width":1000,"height":1000,"url":"https:\/\/bioflexnutrition.com.br\/wp-content\/uploads\/2025\/09\/15364784766-whey-isolado-morango.webp","type":"image\/webp"}],"twitter_card":"summary_large_image","twitter_misc":{"Est. reading time":"2 minutes"},"schema":{"@context":"https:\/\/schema.org","@graph":[{"@type":["WebPage","ItemPage"],"@id":"https:\/\/bioflexnutrition.com.br\/produto\/whey-protein-isolado-dux-morango-900g\/","url":"https:\/\/bioflexnutrition.com.br\/produto\/whey-protein-isolado-dux-morango-900g\/","name":"WHEY PROTEIN ISOLADO DUX MORANGO 900G - Bioflex Nutrition","isPartOf":{"@id":"https:\/\/bioflexnutrition.com.br\/#website"},"primaryImageOfPage":{"@id":"https:\/\/bioflexnutrition.com.br\/produto\/whey-protein-isolado-dux-morango-900g\/#primaryimage"},"image":{"@id":"https:\/\/bioflexnutrition.com.br\/produto\/whey-protein-isolado-dux-morango-900g\/#primaryimage"},"thumbnailUrl":"https:\/\/bioflexnutrition.com.br\/wp-content\/uploads\/2025\/09\/15364784766-whey-isolado-morango.webp","datePublished":"2025-09-08T19:00:46+00:00","dateModified":"2026-01-31T14:00:54+00:00","breadcrumb":{"@id":"https:\/\/bioflexnutrition.com.br\/produto\/whey-protein-isolado-dux-morango-900g\/#breadcrumb"},"inLanguage":"en-US","potentialAction":[{"@type":"ReadAction","target":["https:\/\/bioflexnutrition.com.br\/produto\/whey-protein-isolado-dux-morango-900g\/"]}]},{"@type":"ImageObject","inLanguage":"en-US","@id":"https:\/\/bioflexnutrition.com.br\/produto\/whey-protein-isolado-dux-morango-900g\/#primaryimage","url":"https:\/\/bioflexnutrition.com.br\/wp-content\/uploads\/2025\/09\/15364784766-whey-isolado-morango.webp","contentUrl":"https:\/\/bioflexnutrition.com.br\/wp-content\/uploads\/2025\/09\/15364784766-whey-isolado-morango.webp","width":1000,"height":1000},{"@type":"BreadcrumbList","@id":"https:\/\/bioflexnutrition.com.br\/produto\/whey-protein-isolado-dux-morango-900g\/#breadcrumb","itemListElement":[{"@type":"ListItem","position":1,"name":"In\u00edcio","item":"https:\/\/bioflexnutrition.com.br\/"},{"@type":"ListItem","position":2,"name":"Loja","item":"https:\/\/bioflexnutrition.com.br\/todos\/"},{"@type":"ListItem","position":3,"name":"WHEY PROTEIN ISOLADO DUX MORANGO 900G"}]},{"@type":"WebSite","@id":"https:\/\/bioflexnutrition.com.br\/#website","url":"https:\/\/bioflexnutrition.com.br\/","name":"Bioflex Nutrition","description":"Sua loja online de Nutri\u00e7\u00e3o e Sa\u00fade","publisher":{"@id":"https:\/\/bioflexnutrition.com.br\/#organization"},"potentialAction":[{"@type":"SearchAction","target":{"@type":"EntryPoint","urlTemplate":"https:\/\/bioflexnutrition.com.br\/?s={search_term_string}"},"query-input":{"@type":"PropertyValueSpecification","valueRequired":true,"valueName":"search_term_string"}}],"inLanguage":"en-US"},{"@type":"Organization","@id":"https:\/\/bioflexnutrition.com.br\/#organization","name":"Bioflex Nutrition","url":"https:\/\/bioflexnutrition.com.br\/","logo":{"@type":"ImageObject","inLanguage":"en-US","@id":"https:\/\/bioflexnutrition.com.br\/#\/schema\/logo\/image\/","url":"https:\/\/bioflexnutrition.com.br\/wp-content\/uploads\/2025\/04\/fav.webp","contentUrl":"https:\/\/bioflexnutrition.com.br\/wp-content\/uploads\/2025\/04\/fav.webp","width":1150,"height":1000,"caption":"Bioflex Nutrition"},"image":{"@id":"https:\/\/bioflexnutrition.com.br\/#\/schema\/logo\/image\/"},"sameAs":["https:\/\/www.instagram.com\/bioflexnh\/"]}]}},"_links":{"self":[{"href":"https:\/\/bioflexnutrition.com.br\/en\/wp-json\/wp\/v2\/product\/7468","targetHints":{"allow":["GET"]}}],"collection":[{"href":"https:\/\/bioflexnutrition.com.br\/en\/wp-json\/wp\/v2\/product"}],"about":[{"href":"https:\/\/bioflexnutrition.com.br\/en\/wp-json\/wp\/v2\/types\/product"}],"replies":[{"embeddable":true,"href":"https:\/\/bioflexnutrition.com.br\/en\/wp-json\/wp\/v2\/comments?post=7468"}],"wp:featuredmedia":[{"embeddable":true,"href":"https:\/\/bioflexnutrition.com.br\/en\/wp-json\/wp\/v2\/media\/7467"}],"wp:attachment":[{"href":"https:\/\/bioflexnutrition.com.br\/en\/wp-json\/wp\/v2\/media?parent=7468"}],"wp:term":[{"taxonomy":"product_cat","embeddable":true,"href":"https:\/\/bioflexnutrition.com.br\/en\/wp-json\/wp\/v2\/product_cat?post=7468"},{"taxonomy":"product_tag","embeddable":true,"href":"https:\/\/bioflexnutrition.com.br\/en\/wp-json\/wp\/v2\/product_tag?post=7468"}],"curies":[{"name":"wp","href":"https:\/\/api.w.org\/{rel}","templated":true}]}}