{"id":7495,"date":"2025-09-08T16:09:59","date_gmt":"2025-09-08T19:09:59","guid":{"rendered":"https:\/\/bioflexnutrition.com.br\/produto\/propolis-quercetin-vitamin-c-60-caps-essential-nutrition\/"},"modified":"2026-04-09T17:56:10","modified_gmt":"2026-04-09T20:56:10","slug":"propolis-quercetin-vitamin-c-60-caps-essential-nutrition","status":"publish","type":"product","link":"https:\/\/bioflexnutrition.com.br\/en\/product\/propolis-quercetin-vitamin-c-60-caps-essential-nutrition\/","title":{"rendered":"PROPOLIS + QUERCETIN VITAMIN C 60 CAPS ESSENTIAL NUTRITION"},"content":{"rendered":"<h2>Propolis + Quercetin + Vitamin C<\/h2>\n<p>Suplemento para imunidade que combina extrato padronizado de <strong>pr\u00f3polis verde<\/strong> (20% de compostos fen\u00f3licos), <strong>quercetina<\/strong> concentrada, <strong>betaglucana de levedura<\/strong> e <strong>vitamina C revestida<\/strong>, atuando de forma sin\u00e9rgica para fortalecer os mecanismos naturais de defesa do organismo.<\/p>\n<h3>Destaques do Produto:<\/h3>\n<ul>\n<li><strong>Pr\u00f3polis Verde Padronizado (20% fen\u00f3licos):<\/strong> proveniente do alecrim-do-campo, com composi\u00e7\u00e3o rica em bioativos.<\/li>\n<li><strong>Quercetina Concentrada:<\/strong> forma padronizada em c\u00e1psulas para praticidade e consist\u00eancia de dose.<\/li>\n<li><strong>Vitamina C Revestida:<\/strong> liberada no intestino para melhor biodisponibilidade e menor desconforto g\u00e1strico.<\/li>\n<li><strong>Betaglucana de Levedura:<\/strong> reconhecida pelo sistema imune intestinal (Placas de Peyer), refor\u00e7ando a resposta imunol\u00f3gica.<\/li>\n<li><strong>C\u00e1psulas vegetais:<\/strong> adequadas a diferentes perfis de consumo.<\/li>\n<li><strong>Clean Label:<\/strong> n\u00e3o cont\u00e9m gl\u00faten.<\/li>\n<\/ul>\n<h3>Informa\u00e7\u00e3o Nutricional<\/h3>\n<p><strong>Por\u00e7\u00f5es por embalagem:<\/strong> 30<br \/><strong>Por\u00e7\u00e3o:<\/strong> 1,5 g (2 c\u00e1psulas)<\/p>\n<table>\n<thead>\n<tr>\n<th>Quantidade por por\u00e7\u00e3o<\/th>\n<th>1,5 g<\/th>\n<th>% VD*<\/th>\n<\/tr>\n<\/thead>\n<tbody>\n<tr>\n<td>Vitamina C (mg)<\/td>\n<td>250<\/td>\n<td>250%<\/td>\n<\/tr>\n<tr>\n<td>Quercetina (mg)<\/td>\n<td>280<\/td>\n<td>\u2014<\/td>\n<\/tr>\n<tr>\n<td>Betaglucana de levedura (mg)<\/td>\n<td>200<\/td>\n<td>\u2014<\/td>\n<\/tr>\n<tr>\n<td>Compostos fen\u00f3licos\u00b9 (mg)<\/td>\n<td>40<\/td>\n<td>\u2014<\/td>\n<\/tr>\n<\/tbody>\n<\/table>\n<p>N\u00e3o cont\u00e9m quantidades significativas de valor energ\u00e9tico, carboidratos, a\u00e7\u00facares totais, a\u00e7\u00facares adicionados, prote\u00ednas, gorduras totais, gorduras saturadas, gorduras trans, fibras alimentares e s\u00f3dio.<\/p>\n<p><em>*Percentual de valores di\u00e1rios de refer\u00eancia.<br \/>\u00b9 200\u00a0mg de extrato de pr\u00f3polis verde correspondem a 40\u00a0mg de compostos fen\u00f3licos.<\/em><\/p>\n<h3>Ingredientes<\/h3>\n<p>Quercetina, \u00e1cido asc\u00f3rbico revestido, extrato de pr\u00f3polis, betaglucana de levedura (<em>Saccharomyces cerevisiae<\/em>), triglicer\u00eddeos de cadeia m\u00e9dia em p\u00f3, estabilizante celulose microcristalina e antiumectante di\u00f3xido de sil\u00edcio.<br \/><strong>C\u00e1psula vegetal:<\/strong> \u00e1gua purificada, espessantes hidroxipropilmetilcelulose e carragena, corante inorg\u00e2nico di\u00f3xido de tit\u00e2nio.<br \/><strong>N\u00e3o cont\u00e9m gl\u00faten.<\/strong><\/p>\n<h3>Modo de Uso e Armazenamento<\/h3>\n<p>Ingerir 2 c\u00e1psulas ao dia, preferencialmente junto a uma refei\u00e7\u00e3o, ou conforme orienta\u00e7\u00e3o de m\u00e9dico ou nutricionista.<br \/>Manter o produto bem fechado, em local fresco, seco e ao abrigo da luz solar.<br \/>Ap\u00f3s aberto, consumir conforme prazo indicado na embalagem.<br \/>Este produto \u00e9 recomendado para adultos (\u226519 anos).<br \/>Este produto n\u00e3o deve ser consumido por gestantes, lactantes e crian\u00e7as.<br \/>\u201cEste produto n\u00e3o \u00e9 um medicamento.\u201d<br \/>\u201cN\u00e3o exceder a recomenda\u00e7\u00e3o di\u00e1ria de consumo indicada na embalagem.\u201d<br \/>\u201cMantenha fora do alcance de crian\u00e7as.\u201d<\/p>","protected":false},"excerpt":{"rendered":"<p><span style=\"color: #666666;font-family: proxima-nova, sans-serif\"><span style=\"font-size: 16px\">Suplemento que combina extrato de pr\u00f3polis verde, quercetina e betaglucana de levedura em perfeita sinergia com a vitamina C, para refor\u00e7ar as defesas naturais do organismo, promovendo o equil\u00edbrio necess\u00e1rio para uma vida com mais vitalidade.<\/span><\/span><\/p>","protected":false},"featured_media":7494,"comment_status":"open","ping_status":"closed","template":"","meta":{"_joinchat":[]},"product_cat":[248,160,284,157,164,230,280],"product_tag":[],"class_list":{"0":"post-7495","1":"product","2":"type-product","3":"status-publish","4":"has-post-thumbnail","6":"product_cat-categorias-e","7":"product_cat-essential","8":"product_cat-imunidade","9":"product_cat-marcas","10":"product_cat-objetivos-especificos","11":"product_cat-saude-e-bem-estar","12":"product_cat-vitaminas","14":"first","15":"instock","16":"shipping-taxable","17":"purchasable","18":"product-type-simple","19":"col-xs-6 col-sm-4","20":"col-md-3 col-lg-3","21":"un-4-cols"},"yoast_head":"<!-- This site is optimized with the Yoast SEO plugin v27.4 - https:\/\/yoast.com\/product\/yoast-seo-wordpress\/ -->\n<title>PROPOLIS + QUERCETIN VITAMIN C 60 CAPS ESSENTIAL NUTRITION - Bioflex Nutrition<\/title>\n<meta name=\"robots\" content=\"index, follow, max-snippet:-1, max-image-preview:large, max-video-preview:-1\" \/>\n<link rel=\"canonical\" href=\"https:\/\/bioflexnutrition.com.br\/en\/product\/propolis-quercetin-vitamin-c-60-caps-essential-nutrition\/\" \/>\n<meta property=\"og:locale\" content=\"en_US\" \/>\n<meta property=\"og:type\" content=\"article\" \/>\n<meta property=\"og:title\" content=\"PROPOLIS + QUERCETIN VITAMIN C 60 CAPS ESSENTIAL NUTRITION - Bioflex Nutrition\" \/>\n<meta property=\"og:description\" content=\"Suplemento que combina extrato de pr\u00f3polis verde, quercetina e betaglucana de levedura em perfeita sinergia com a vitamina C, para refor\u00e7ar as defesas naturais do organismo, promovendo o equil\u00edbrio necess\u00e1rio para uma vida com mais vitalidade.\" \/>\n<meta property=\"og:url\" content=\"https:\/\/bioflexnutrition.com.br\/en\/product\/propolis-quercetin-vitamin-c-60-caps-essential-nutrition\/\" \/>\n<meta property=\"og:site_name\" content=\"Bioflex Nutrition\" \/>\n<meta property=\"article:modified_time\" content=\"2026-04-09T20:56:10+00:00\" \/>\n<meta property=\"og:image\" content=\"https:\/\/bioflexnutrition.com.br\/wp-content\/uploads\/2025\/09\/15374448772-propolis.webp\" \/>\n\t<meta property=\"og:image:width\" content=\"1000\" \/>\n\t<meta property=\"og:image:height\" content=\"1000\" \/>\n\t<meta property=\"og:image:type\" content=\"image\/webp\" \/>\n<meta name=\"twitter:card\" content=\"summary_large_image\" \/>\n<meta name=\"twitter:label1\" content=\"Est. reading time\" \/>\n\t<meta name=\"twitter:data1\" content=\"2 minutes\" \/>\n<script type=\"application\/ld+json\" class=\"yoast-schema-graph\">{\"@context\":\"https:\\\/\\\/schema.org\",\"@graph\":[{\"@type\":[\"WebPage\",\"ItemPage\"],\"@id\":\"https:\\\/\\\/bioflexnutrition.com.br\\\/produto\\\/propolis-quercetin-vitamin-c-60-caps-essential-nutrition\\\/\",\"url\":\"https:\\\/\\\/bioflexnutrition.com.br\\\/produto\\\/propolis-quercetin-vitamin-c-60-caps-essential-nutrition\\\/\",\"name\":\"PROPOLIS + QUERCETIN VITAMIN C 60 CAPS ESSENTIAL NUTRITION - Bioflex Nutrition\",\"isPartOf\":{\"@id\":\"https:\\\/\\\/bioflexnutrition.com.br\\\/#website\"},\"primaryImageOfPage\":{\"@id\":\"https:\\\/\\\/bioflexnutrition.com.br\\\/produto\\\/propolis-quercetin-vitamin-c-60-caps-essential-nutrition\\\/#primaryimage\"},\"image\":{\"@id\":\"https:\\\/\\\/bioflexnutrition.com.br\\\/produto\\\/propolis-quercetin-vitamin-c-60-caps-essential-nutrition\\\/#primaryimage\"},\"thumbnailUrl\":\"https:\\\/\\\/bioflexnutrition.com.br\\\/wp-content\\\/uploads\\\/2025\\\/09\\\/15374448772-propolis.webp\",\"datePublished\":\"2025-09-08T19:09:59+00:00\",\"dateModified\":\"2026-04-09T20:56:10+00:00\",\"breadcrumb\":{\"@id\":\"https:\\\/\\\/bioflexnutrition.com.br\\\/produto\\\/propolis-quercetin-vitamin-c-60-caps-essential-nutrition\\\/#breadcrumb\"},\"inLanguage\":\"en-US\",\"potentialAction\":[{\"@type\":\"ReadAction\",\"target\":[\"https:\\\/\\\/bioflexnutrition.com.br\\\/produto\\\/propolis-quercetin-vitamin-c-60-caps-essential-nutrition\\\/\"]}]},{\"@type\":\"ImageObject\",\"inLanguage\":\"en-US\",\"@id\":\"https:\\\/\\\/bioflexnutrition.com.br\\\/produto\\\/propolis-quercetin-vitamin-c-60-caps-essential-nutrition\\\/#primaryimage\",\"url\":\"https:\\\/\\\/bioflexnutrition.com.br\\\/wp-content\\\/uploads\\\/2025\\\/09\\\/15374448772-propolis.webp\",\"contentUrl\":\"https:\\\/\\\/bioflexnutrition.com.br\\\/wp-content\\\/uploads\\\/2025\\\/09\\\/15374448772-propolis.webp\",\"width\":1000,\"height\":1000},{\"@type\":\"BreadcrumbList\",\"@id\":\"https:\\\/\\\/bioflexnutrition.com.br\\\/produto\\\/propolis-quercetin-vitamin-c-60-caps-essential-nutrition\\\/#breadcrumb\",\"itemListElement\":[{\"@type\":\"ListItem\",\"position\":1,\"name\":\"In\u00edcio\",\"item\":\"https:\\\/\\\/bioflexnutrition.com.br\\\/\"},{\"@type\":\"ListItem\",\"position\":2,\"name\":\"Loja\",\"item\":\"https:\\\/\\\/bioflexnutrition.com.br\\\/todos\\\/\"},{\"@type\":\"ListItem\",\"position\":3,\"name\":\"PROPOLIS + QUERCETIN VITAMIN C 60 CAPS ESSENTIAL NUTRITION\"}]},{\"@type\":\"WebSite\",\"@id\":\"https:\\\/\\\/bioflexnutrition.com.br\\\/#website\",\"url\":\"https:\\\/\\\/bioflexnutrition.com.br\\\/\",\"name\":\"Bioflex Nutrition\",\"description\":\"Sua loja online de Nutri\u00e7\u00e3o e Sa\u00fade\",\"publisher\":{\"@id\":\"https:\\\/\\\/bioflexnutrition.com.br\\\/#organization\"},\"potentialAction\":[{\"@type\":\"SearchAction\",\"target\":{\"@type\":\"EntryPoint\",\"urlTemplate\":\"https:\\\/\\\/bioflexnutrition.com.br\\\/?s={search_term_string}\"},\"query-input\":{\"@type\":\"PropertyValueSpecification\",\"valueRequired\":true,\"valueName\":\"search_term_string\"}}],\"inLanguage\":\"en-US\"},{\"@type\":\"Organization\",\"@id\":\"https:\\\/\\\/bioflexnutrition.com.br\\\/#organization\",\"name\":\"Bioflex Nutrition\",\"url\":\"https:\\\/\\\/bioflexnutrition.com.br\\\/\",\"logo\":{\"@type\":\"ImageObject\",\"inLanguage\":\"en-US\",\"@id\":\"https:\\\/\\\/bioflexnutrition.com.br\\\/#\\\/schema\\\/logo\\\/image\\\/\",\"url\":\"https:\\\/\\\/bioflexnutrition.com.br\\\/wp-content\\\/uploads\\\/2025\\\/04\\\/fav.webp\",\"contentUrl\":\"https:\\\/\\\/bioflexnutrition.com.br\\\/wp-content\\\/uploads\\\/2025\\\/04\\\/fav.webp\",\"width\":1150,\"height\":1000,\"caption\":\"Bioflex Nutrition\"},\"image\":{\"@id\":\"https:\\\/\\\/bioflexnutrition.com.br\\\/#\\\/schema\\\/logo\\\/image\\\/\"},\"sameAs\":[\"https:\\\/\\\/www.instagram.com\\\/bioflexnh\\\/\"]}]}<\/script>\n<!-- \/ Yoast SEO plugin. -->","yoast_head_json":{"title":"PROPOLIS + QUERCETIN VITAMIN C 60 CAPS ESSENTIAL NUTRITION - Bioflex Nutrition","robots":{"index":"index","follow":"follow","max-snippet":"max-snippet:-1","max-image-preview":"max-image-preview:large","max-video-preview":"max-video-preview:-1"},"canonical":"https:\/\/bioflexnutrition.com.br\/en\/product\/propolis-quercetin-vitamin-c-60-caps-essential-nutrition\/","og_locale":"en_US","og_type":"article","og_title":"PROPOLIS + QUERCETIN VITAMIN C 60 CAPS ESSENTIAL NUTRITION - Bioflex Nutrition","og_description":"Suplemento que combina extrato de pr\u00f3polis verde, quercetina e betaglucana de levedura em perfeita sinergia com a vitamina C, para refor\u00e7ar as defesas naturais do organismo, promovendo o equil\u00edbrio necess\u00e1rio para uma vida com mais vitalidade.","og_url":"https:\/\/bioflexnutrition.com.br\/en\/product\/propolis-quercetin-vitamin-c-60-caps-essential-nutrition\/","og_site_name":"Bioflex Nutrition","article_modified_time":"2026-04-09T20:56:10+00:00","og_image":[{"width":1000,"height":1000,"url":"https:\/\/bioflexnutrition.com.br\/wp-content\/uploads\/2025\/09\/15374448772-propolis.webp","type":"image\/webp"}],"twitter_card":"summary_large_image","twitter_misc":{"Est. reading time":"2 minutes"},"schema":{"@context":"https:\/\/schema.org","@graph":[{"@type":["WebPage","ItemPage"],"@id":"https:\/\/bioflexnutrition.com.br\/produto\/propolis-quercetin-vitamin-c-60-caps-essential-nutrition\/","url":"https:\/\/bioflexnutrition.com.br\/produto\/propolis-quercetin-vitamin-c-60-caps-essential-nutrition\/","name":"PROPOLIS + QUERCETIN VITAMIN C 60 CAPS ESSENTIAL NUTRITION - Bioflex Nutrition","isPartOf":{"@id":"https:\/\/bioflexnutrition.com.br\/#website"},"primaryImageOfPage":{"@id":"https:\/\/bioflexnutrition.com.br\/produto\/propolis-quercetin-vitamin-c-60-caps-essential-nutrition\/#primaryimage"},"image":{"@id":"https:\/\/bioflexnutrition.com.br\/produto\/propolis-quercetin-vitamin-c-60-caps-essential-nutrition\/#primaryimage"},"thumbnailUrl":"https:\/\/bioflexnutrition.com.br\/wp-content\/uploads\/2025\/09\/15374448772-propolis.webp","datePublished":"2025-09-08T19:09:59+00:00","dateModified":"2026-04-09T20:56:10+00:00","breadcrumb":{"@id":"https:\/\/bioflexnutrition.com.br\/produto\/propolis-quercetin-vitamin-c-60-caps-essential-nutrition\/#breadcrumb"},"inLanguage":"en-US","potentialAction":[{"@type":"ReadAction","target":["https:\/\/bioflexnutrition.com.br\/produto\/propolis-quercetin-vitamin-c-60-caps-essential-nutrition\/"]}]},{"@type":"ImageObject","inLanguage":"en-US","@id":"https:\/\/bioflexnutrition.com.br\/produto\/propolis-quercetin-vitamin-c-60-caps-essential-nutrition\/#primaryimage","url":"https:\/\/bioflexnutrition.com.br\/wp-content\/uploads\/2025\/09\/15374448772-propolis.webp","contentUrl":"https:\/\/bioflexnutrition.com.br\/wp-content\/uploads\/2025\/09\/15374448772-propolis.webp","width":1000,"height":1000},{"@type":"BreadcrumbList","@id":"https:\/\/bioflexnutrition.com.br\/produto\/propolis-quercetin-vitamin-c-60-caps-essential-nutrition\/#breadcrumb","itemListElement":[{"@type":"ListItem","position":1,"name":"In\u00edcio","item":"https:\/\/bioflexnutrition.com.br\/"},{"@type":"ListItem","position":2,"name":"Loja","item":"https:\/\/bioflexnutrition.com.br\/todos\/"},{"@type":"ListItem","position":3,"name":"PROPOLIS + QUERCETIN VITAMIN C 60 CAPS ESSENTIAL NUTRITION"}]},{"@type":"WebSite","@id":"https:\/\/bioflexnutrition.com.br\/#website","url":"https:\/\/bioflexnutrition.com.br\/","name":"Bioflex Nutrition","description":"Sua loja online de Nutri\u00e7\u00e3o e Sa\u00fade","publisher":{"@id":"https:\/\/bioflexnutrition.com.br\/#organization"},"potentialAction":[{"@type":"SearchAction","target":{"@type":"EntryPoint","urlTemplate":"https:\/\/bioflexnutrition.com.br\/?s={search_term_string}"},"query-input":{"@type":"PropertyValueSpecification","valueRequired":true,"valueName":"search_term_string"}}],"inLanguage":"en-US"},{"@type":"Organization","@id":"https:\/\/bioflexnutrition.com.br\/#organization","name":"Bioflex Nutrition","url":"https:\/\/bioflexnutrition.com.br\/","logo":{"@type":"ImageObject","inLanguage":"en-US","@id":"https:\/\/bioflexnutrition.com.br\/#\/schema\/logo\/image\/","url":"https:\/\/bioflexnutrition.com.br\/wp-content\/uploads\/2025\/04\/fav.webp","contentUrl":"https:\/\/bioflexnutrition.com.br\/wp-content\/uploads\/2025\/04\/fav.webp","width":1150,"height":1000,"caption":"Bioflex Nutrition"},"image":{"@id":"https:\/\/bioflexnutrition.com.br\/#\/schema\/logo\/image\/"},"sameAs":["https:\/\/www.instagram.com\/bioflexnh\/"]}]}},"_links":{"self":[{"href":"https:\/\/bioflexnutrition.com.br\/en\/wp-json\/wp\/v2\/product\/7495","targetHints":{"allow":["GET"]}}],"collection":[{"href":"https:\/\/bioflexnutrition.com.br\/en\/wp-json\/wp\/v2\/product"}],"about":[{"href":"https:\/\/bioflexnutrition.com.br\/en\/wp-json\/wp\/v2\/types\/product"}],"replies":[{"embeddable":true,"href":"https:\/\/bioflexnutrition.com.br\/en\/wp-json\/wp\/v2\/comments?post=7495"}],"wp:featuredmedia":[{"embeddable":true,"href":"https:\/\/bioflexnutrition.com.br\/en\/wp-json\/wp\/v2\/media\/7494"}],"wp:attachment":[{"href":"https:\/\/bioflexnutrition.com.br\/en\/wp-json\/wp\/v2\/media?parent=7495"}],"wp:term":[{"taxonomy":"product_cat","embeddable":true,"href":"https:\/\/bioflexnutrition.com.br\/en\/wp-json\/wp\/v2\/product_cat?post=7495"},{"taxonomy":"product_tag","embeddable":true,"href":"https:\/\/bioflexnutrition.com.br\/en\/wp-json\/wp\/v2\/product_tag?post=7495"}],"curies":[{"name":"wp","href":"https:\/\/api.w.org\/{rel}","templated":true}]}}