{"id":7530,"date":"2025-09-10T10:09:21","date_gmt":"2025-09-10T13:09:21","guid":{"rendered":"https:\/\/bioflexnutrition.com.br\/produto\/alpha-mater-60-capsulas-puravida\/"},"modified":"2026-03-02T11:35:16","modified_gmt":"2026-03-02T14:35:16","slug":"alpha-mater-60-capsulas-puravida","status":"publish","type":"product","link":"https:\/\/bioflexnutrition.com.br\/en\/product\/alpha-mater-60-capsulas-puravida\/","title":{"rendered":"Alpha Mater 60 Capsulas PURAVIDA"},"content":{"rendered":"<h3>Destaques do Produto:<\/h3>\n<ul>\n<li><strong>Blend Completo de Nutrientes:<\/strong> Cont\u00e9m 24 nutrientes essenciais, incluindo \u00d4mega-3 (DHA), \u00e1cido f\u00f3lico metilado, colina, ferro, zinco e vitaminas A, C, D, E e do complexo B, que auxiliam no desenvolvimento fetal e na sa\u00fade materna.<\/li>\n<li><strong>Suporte ao Desenvolvimento do Beb\u00ea:<\/strong> \u00c1cido f\u00f3lico para a forma\u00e7\u00e3o do tubo neural e DHA para o desenvolvimento cerebral e visual.<\/li>\n<li><strong>F\u00f3rmula Pura e Segura:<\/strong> Livre de gl\u00faten, sem adi\u00e7\u00e3o de a\u00e7\u00facares e corantes artificiais.<\/li>\n<\/ul>\n<h3>Benef\u00edcios Adicionais:<\/h3>\n<ul>\n<li><strong>Apoio \u00e0 Sa\u00fade Materna:<\/strong> Nutrientes como ferro e c\u00e1lcio auxiliam na preven\u00e7\u00e3o de anemia e na manuten\u00e7\u00e3o da sa\u00fade \u00f3ssea da m\u00e3e.<\/li>\n<li><strong>Fortalecimento do Sistema Imunol\u00f3gico:<\/strong> Vitaminas e minerais presentes contribuem para defesas naturais mais fortes.<\/li>\n<li><strong>Praticidade no Consumo:<\/strong> C\u00e1psulas softgel de f\u00e1cil ingest\u00e3o facilitam a rotina di\u00e1ria de suplementa\u00e7\u00e3o.<\/li>\n<\/ul>\n<h3>Informa\u00e7\u00e3o Nutricional<\/h3>\n<p><strong>Por\u00e7\u00f5es por embalagem:<\/strong> 30<br \/>\n<strong>Por\u00e7\u00e3o:<\/strong> 2,26 g (2 c\u00e1psulas)<\/p>\n<table>\n<thead>\n<tr>\n<th>Quantidade por por\u00e7\u00e3o<\/th>\n<th>2,26 g<\/th>\n<th>% VD*<\/th>\n<\/tr>\n<\/thead>\n<tbody>\n<tr>\n<td>Valor energ\u00e9tico (kcal)<\/td>\n<td>8<\/td>\n<td>0%<\/td>\n<\/tr>\n<tr>\n<td>Gorduras totais (g)<\/td>\n<td>0,9<\/td>\n<td>1%<\/td>\n<\/tr>\n<tr>\n<td>Gorduras saturadas (g)<\/td>\n<td>0,3<\/td>\n<td>1%<\/td>\n<\/tr>\n<tr>\n<td>Gorduras trans (g)<\/td>\n<td>0<\/td>\n<td>0%<\/td>\n<\/tr>\n<tr>\n<td>Gorduras monoinsaturadas (g)<\/td>\n<td>0,1<\/td>\n<td>\u2014<\/td>\n<\/tr>\n<tr>\n<td>Gorduras poli-insaturadas (g)<\/td>\n<td>0,5<\/td>\n<td>2%<\/td>\n<\/tr>\n<tr>\n<td>\u00d4mega 3 (mg)<\/td>\n<td>379<\/td>\n<td>8%<\/td>\n<\/tr>\n<tr>\n<td>EPA (mg)<\/td>\n<td>96<\/td>\n<td>\u2014<\/td>\n<\/tr>\n<tr>\n<td>DHA (mg)<\/td>\n<td>240<\/td>\n<td>\u2014<\/td>\n<\/tr>\n<tr>\n<td>Colesterol (mg)<\/td>\n<td>0<\/td>\n<td>0%<\/td>\n<\/tr>\n<tr>\n<td>Vitamina A (\u00b5g)<\/td>\n<td>350<\/td>\n<td>45%<\/td>\n<\/tr>\n<tr>\n<td>Vitamina D (\u00b5g)<\/td>\n<td>50<\/td>\n<td>333%<\/td>\n<\/tr>\n<tr>\n<td>Vitamina E (mg)<\/td>\n<td>20<\/td>\n<td>133%<\/td>\n<\/tr>\n<tr>\n<td>Vitamina K (\u00b5g)<\/td>\n<td>112<\/td>\n<td>124%<\/td>\n<\/tr>\n<tr>\n<td>Vitamina C (mg)<\/td>\n<td>60<\/td>\n<td>71%<\/td>\n<\/tr>\n<tr>\n<td>Vitamina B1 (mg)<\/td>\n<td>2<\/td>\n<td>143%<\/td>\n<\/tr>\n<tr>\n<td>Vitamina B2 (mg)<\/td>\n<td>2<\/td>\n<td>143%<\/td>\n<\/tr>\n<tr>\n<td>Vitamina B3 (mg)<\/td>\n<td>30<\/td>\n<td>167%<\/td>\n<\/tr>\n<tr>\n<td>Vitamina B5 (mg)<\/td>\n<td>5,6<\/td>\n<td>93%<\/td>\n<\/tr>\n<tr>\n<td>Vitamina B6 (mg)<\/td>\n<td>16<\/td>\n<td>842%<\/td>\n<\/tr>\n<tr>\n<td>Vitamina B7 (\u00b5g)<\/td>\n<td>45<\/td>\n<td>150%<\/td>\n<\/tr>\n<tr>\n<td>Vitamina B9 (\u00b5g)<\/td>\n<td>1000<\/td>\n<td>167%<\/td>\n<\/tr>\n<tr>\n<td>Vitamina B12 (\u00b5g)<\/td>\n<td>7,2<\/td>\n<td>277%<\/td>\n<\/tr>\n<tr>\n<td>Cobre (\u00b5g)<\/td>\n<td>675<\/td>\n<td>68%<\/td>\n<\/tr>\n<tr>\n<td>Cromo (\u00b5g)<\/td>\n<td>45<\/td>\n<td>150%<\/td>\n<\/tr>\n<tr>\n<td>Ferro (mg)<\/td>\n<td>17<\/td>\n<td>63%<\/td>\n<\/tr>\n<tr>\n<td>Iodo (\u00b5g)<\/td>\n<td>150<\/td>\n<td>68%<\/td>\n<\/tr>\n<tr>\n<td>Molibd\u00eanio (\u00b5g)<\/td>\n<td>23<\/td>\n<td>460%<\/td>\n<\/tr>\n<tr>\n<td>Sel\u00eanio (\u00b5g)<\/td>\n<td>55<\/td>\n<td>92%<\/td>\n<\/tr>\n<tr>\n<td>Zinco (mg)<\/td>\n<td>23<\/td>\n<td>192%<\/td>\n<\/tr>\n<tr>\n<td>Colina (mg)<\/td>\n<td>100<\/td>\n<td>22%<\/td>\n<\/tr>\n<\/tbody>\n<\/table>\n<p>N\u00e3o cont\u00e9m quantidades significativas de carboidratos, a\u00e7\u00facares totais, a\u00e7\u00facares adicionados, prote\u00ednas, fibras alimentares e s\u00f3dio.<br \/>\n<em>*Percentual de Valores Di\u00e1rios de refer\u00eancia.<\/em><\/p>\n<h3>Ingredientes<\/h3>\n<p>C\u00e1psula (gelatina, \u00e1gua purificada, umectante glicerina e corante natural clorofilina c\u00faprica), \u00f3leo de peixe, \u00f3leo de coco, bitartarato de colina, bisglicinato ferroso, bisglicinato de zinco, ascorbato de c\u00e1lcio (vitamina C), nicotinamida (vitamina B3), D-alfa-tocoferol (vitamina E), fosfato de piridoxal (vitamina B6), L-selenometionina, menaquinona-7 (vitamina K), D-pantenol (vitamina B5), tiamina mononitrato (vitamina B1), bisglicinato de cobre, riboflavina-5-fosfato de s\u00f3dio (vitamina B2), palmitato de retinol (vitamina A), L-metilfolato de c\u00e1lcio (vitamina B9), picolinato de cromo, iodeto de pot\u00e1ssio, molibdato de s\u00f3dio, colecalciferol (vitamina D), D\u2013biotina (vitamina B7), metilcobalamina (vitamina B12), emulsificante lecitina de girassol, estabilizante cera de abelha e antioxidante mistura concentrada de tocofer\u00f3is.<br \/>\n<strong>Al\u00e9rgicos:<\/strong> Cont\u00e9m derivados de peixe e soja. Pode conter* leite, ovos, amendoim, am\u00eandoa, avel\u00e3s, castanha-de-caju, castanha-do-par\u00e1, macad\u00e2mias, nozes, pec\u00e3s, pistaches, pinoli, castanhas, crust\u00e1ceos (krill e caranguejo), trigo, centeio, cevada, aveia e suas estirpes hibridizadas. Cont\u00e9m gl\u00faten.<\/p>\n<h3>Modo de Uso e Armazenamento<\/h3>\n<p>Ingerir 2 c\u00e1psulas ao dia, preferencialmente junto a uma refei\u00e7\u00e3o, ou conforme orienta\u00e7\u00e3o de m\u00e9dico, obstetra ou nutricionista.<br \/>\nManter o produto bem fechado, em local fresco, seco e ao abrigo da luz solar.<br \/>\nAp\u00f3s aberto, consumir conforme prazo indicado na embalagem.<br \/>\nEste produto \u00e9 recomendado para gestantes e mulheres em per\u00edodo de planejamento gestacional.<br \/>\nGestantes devem usar sob orienta\u00e7\u00e3o m\u00e9dica.<br \/>\n\u201cEste produto n\u00e3o \u00e9 um medicamento.\u201d<br \/>\n\u201cN\u00e3o exceder a recomenda\u00e7\u00e3o di\u00e1ria de consumo indicada na embalagem.\u201d<br \/>\n\u201cMantenha fora do alcance de crian\u00e7as.\u201d<\/p>","protected":false},"excerpt":{"rendered":"<p dir=\"ltr\" style=\"line-height: 1.38; margin-top: 12pt; margin-bottom: 12pt;\"><span style=\"font-size: 11pt; font-family: Arial,sans-serif; color: #000000; background-color: transparent; font-weight: 400; font-style: normal; font-variant: normal; text-decoration: none; vertical-align: baseline;\">Prepare seu corpo para a maternidade com o <\/span><span style=\"font-size: 11pt; font-family: Arial,sans-serif; color: #000000; background-color: transparent; font-weight: bold; font-style: normal; font-variant: normal; text-decoration: none; vertical-align: baseline;\">Alpha Mater da Puravida<\/span><span style=\"font-size: 11pt; font-family: Arial,sans-serif; color: #000000; background-color: transparent; font-weight: 400; font-style: normal; font-variant: normal; text-decoration: none; vertical-align: baseline;\">, um suplemento multivitam\u00ednico desenvolvido para atender \u00e0s necessidades nutricionais de mulheres que planejam engravidar, est\u00e3o gestantes ou em fase de amamenta\u00e7\u00e3o. Formulado com uma combina\u00e7\u00e3o equilibrada de vitaminas, minerais, carotenoides e antioxidantes, o Alpha Mater oferece suporte essencial para a sa\u00fade da m\u00e3e e o desenvolvimento saud\u00e1vel do beb\u00ea.\u200b<\/span><\/p>","protected":false},"featured_media":7553,"comment_status":"open","ping_status":"closed","template":"","meta":{"_joinchat":[]},"product_cat":[248,157,164,285,296,230,280],"product_tag":[],"class_list":{"0":"post-7530","1":"product","2":"type-product","3":"status-publish","4":"has-post-thumbnail","6":"product_cat-categorias-e","7":"product_cat-marcas","8":"product_cat-objetivos-especificos","9":"product_cat-outros","10":"product_cat-puravida","11":"product_cat-saude-e-bem-estar","12":"product_cat-vitaminas","14":"first","15":"instock","16":"shipping-taxable","17":"purchasable","18":"product-type-simple","19":"col-xs-6 col-sm-4","20":"col-md-3 col-lg-3","21":"un-4-cols"},"yoast_head":"<!-- This site is optimized with the Yoast SEO plugin v27.3 - https:\/\/yoast.com\/product\/yoast-seo-wordpress\/ -->\n<title>Alpha Mater 60 Capsulas PURAVIDA - Bioflex Nutrition<\/title>\n<meta name=\"robots\" content=\"index, follow, max-snippet:-1, max-image-preview:large, max-video-preview:-1\" \/>\n<link rel=\"canonical\" href=\"https:\/\/bioflexnutrition.com.br\/en\/product\/alpha-mater-60-capsulas-puravida\/\" \/>\n<meta property=\"og:locale\" content=\"en_US\" \/>\n<meta property=\"og:type\" content=\"article\" \/>\n<meta property=\"og:title\" content=\"Alpha Mater 60 Capsulas PURAVIDA - Bioflex Nutrition\" \/>\n<meta property=\"og:description\" content=\"Prepare seu corpo para a maternidade com o Alpha Mater da Puravida, um suplemento multivitam\u00ednico desenvolvido para atender \u00e0s necessidades nutricionais de mulheres que planejam engravidar, est\u00e3o gestantes ou em fase de amamenta\u00e7\u00e3o. Formulado com uma combina\u00e7\u00e3o equilibrada de vitaminas, minerais, carotenoides e antioxidantes, o Alpha Mater oferece suporte essencial para a sa\u00fade da m\u00e3e e o desenvolvimento saud\u00e1vel do beb\u00ea.\u200b\" \/>\n<meta property=\"og:url\" content=\"https:\/\/bioflexnutrition.com.br\/en\/product\/alpha-mater-60-capsulas-puravida\/\" \/>\n<meta property=\"og:site_name\" content=\"Bioflex Nutrition\" \/>\n<meta property=\"article:modified_time\" content=\"2026-03-02T14:35:16+00:00\" \/>\n<meta property=\"og:image\" content=\"https:\/\/bioflexnutrition.com.br\/wp-content\/uploads\/2025\/09\/15366361608-alpha-mater-puravida-3.webp\" \/>\n\t<meta property=\"og:image:width\" content=\"1000\" \/>\n\t<meta property=\"og:image:height\" content=\"1000\" \/>\n\t<meta property=\"og:image:type\" content=\"image\/webp\" \/>\n<meta name=\"twitter:card\" content=\"summary_large_image\" \/>\n<meta name=\"twitter:label1\" content=\"Est. reading time\" \/>\n\t<meta name=\"twitter:data1\" content=\"3 minutes\" \/>\n<script type=\"application\/ld+json\" class=\"yoast-schema-graph\">{\"@context\":\"https:\\\/\\\/schema.org\",\"@graph\":[{\"@type\":[\"WebPage\",\"ItemPage\"],\"@id\":\"https:\\\/\\\/bioflexnutrition.com.br\\\/produto\\\/alpha-mater-60-capsulas-puravida\\\/\",\"url\":\"https:\\\/\\\/bioflexnutrition.com.br\\\/produto\\\/alpha-mater-60-capsulas-puravida\\\/\",\"name\":\"Alpha Mater 60 Capsulas PURAVIDA - Bioflex Nutrition\",\"isPartOf\":{\"@id\":\"https:\\\/\\\/bioflexnutrition.com.br\\\/#website\"},\"primaryImageOfPage\":{\"@id\":\"https:\\\/\\\/bioflexnutrition.com.br\\\/produto\\\/alpha-mater-60-capsulas-puravida\\\/#primaryimage\"},\"image\":{\"@id\":\"https:\\\/\\\/bioflexnutrition.com.br\\\/produto\\\/alpha-mater-60-capsulas-puravida\\\/#primaryimage\"},\"thumbnailUrl\":\"https:\\\/\\\/bioflexnutrition.com.br\\\/wp-content\\\/uploads\\\/2025\\\/09\\\/15366361608-alpha-mater-puravida-3.webp\",\"datePublished\":\"2025-09-10T13:09:21+00:00\",\"dateModified\":\"2026-03-02T14:35:16+00:00\",\"breadcrumb\":{\"@id\":\"https:\\\/\\\/bioflexnutrition.com.br\\\/produto\\\/alpha-mater-60-capsulas-puravida\\\/#breadcrumb\"},\"inLanguage\":\"en-US\",\"potentialAction\":[{\"@type\":\"ReadAction\",\"target\":[\"https:\\\/\\\/bioflexnutrition.com.br\\\/produto\\\/alpha-mater-60-capsulas-puravida\\\/\"]}]},{\"@type\":\"ImageObject\",\"inLanguage\":\"en-US\",\"@id\":\"https:\\\/\\\/bioflexnutrition.com.br\\\/produto\\\/alpha-mater-60-capsulas-puravida\\\/#primaryimage\",\"url\":\"https:\\\/\\\/bioflexnutrition.com.br\\\/wp-content\\\/uploads\\\/2025\\\/09\\\/15366361608-alpha-mater-puravida-3.webp\",\"contentUrl\":\"https:\\\/\\\/bioflexnutrition.com.br\\\/wp-content\\\/uploads\\\/2025\\\/09\\\/15366361608-alpha-mater-puravida-3.webp\",\"width\":1000,\"height\":1000},{\"@type\":\"BreadcrumbList\",\"@id\":\"https:\\\/\\\/bioflexnutrition.com.br\\\/produto\\\/alpha-mater-60-capsulas-puravida\\\/#breadcrumb\",\"itemListElement\":[{\"@type\":\"ListItem\",\"position\":1,\"name\":\"In\u00edcio\",\"item\":\"https:\\\/\\\/bioflexnutrition.com.br\\\/\"},{\"@type\":\"ListItem\",\"position\":2,\"name\":\"Loja\",\"item\":\"https:\\\/\\\/bioflexnutrition.com.br\\\/todos\\\/\"},{\"@type\":\"ListItem\",\"position\":3,\"name\":\"Alpha Mater 60 Capsulas PURAVIDA\"}]},{\"@type\":\"WebSite\",\"@id\":\"https:\\\/\\\/bioflexnutrition.com.br\\\/#website\",\"url\":\"https:\\\/\\\/bioflexnutrition.com.br\\\/\",\"name\":\"Bioflex Nutrition\",\"description\":\"Sua loja online de Nutri\u00e7\u00e3o e Sa\u00fade\",\"publisher\":{\"@id\":\"https:\\\/\\\/bioflexnutrition.com.br\\\/#organization\"},\"potentialAction\":[{\"@type\":\"SearchAction\",\"target\":{\"@type\":\"EntryPoint\",\"urlTemplate\":\"https:\\\/\\\/bioflexnutrition.com.br\\\/?s={search_term_string}\"},\"query-input\":{\"@type\":\"PropertyValueSpecification\",\"valueRequired\":true,\"valueName\":\"search_term_string\"}}],\"inLanguage\":\"en-US\"},{\"@type\":\"Organization\",\"@id\":\"https:\\\/\\\/bioflexnutrition.com.br\\\/#organization\",\"name\":\"Bioflex Nutrition\",\"url\":\"https:\\\/\\\/bioflexnutrition.com.br\\\/\",\"logo\":{\"@type\":\"ImageObject\",\"inLanguage\":\"en-US\",\"@id\":\"https:\\\/\\\/bioflexnutrition.com.br\\\/#\\\/schema\\\/logo\\\/image\\\/\",\"url\":\"https:\\\/\\\/bioflexnutrition.com.br\\\/wp-content\\\/uploads\\\/2025\\\/04\\\/fav.webp\",\"contentUrl\":\"https:\\\/\\\/bioflexnutrition.com.br\\\/wp-content\\\/uploads\\\/2025\\\/04\\\/fav.webp\",\"width\":1150,\"height\":1000,\"caption\":\"Bioflex Nutrition\"},\"image\":{\"@id\":\"https:\\\/\\\/bioflexnutrition.com.br\\\/#\\\/schema\\\/logo\\\/image\\\/\"},\"sameAs\":[\"https:\\\/\\\/www.instagram.com\\\/bioflexnh\\\/\"]}]}<\/script>\n<!-- \/ Yoast SEO plugin. -->","yoast_head_json":{"title":"Alpha Mater 60 Capsulas PURAVIDA - Bioflex Nutrition","robots":{"index":"index","follow":"follow","max-snippet":"max-snippet:-1","max-image-preview":"max-image-preview:large","max-video-preview":"max-video-preview:-1"},"canonical":"https:\/\/bioflexnutrition.com.br\/en\/product\/alpha-mater-60-capsulas-puravida\/","og_locale":"en_US","og_type":"article","og_title":"Alpha Mater 60 Capsulas PURAVIDA - Bioflex Nutrition","og_description":"Prepare seu corpo para a maternidade com o Alpha Mater da Puravida, um suplemento multivitam\u00ednico desenvolvido para atender \u00e0s necessidades nutricionais de mulheres que planejam engravidar, est\u00e3o gestantes ou em fase de amamenta\u00e7\u00e3o. Formulado com uma combina\u00e7\u00e3o equilibrada de vitaminas, minerais, carotenoides e antioxidantes, o Alpha Mater oferece suporte essencial para a sa\u00fade da m\u00e3e e o desenvolvimento saud\u00e1vel do beb\u00ea.\u200b","og_url":"https:\/\/bioflexnutrition.com.br\/en\/product\/alpha-mater-60-capsulas-puravida\/","og_site_name":"Bioflex Nutrition","article_modified_time":"2026-03-02T14:35:16+00:00","og_image":[{"width":1000,"height":1000,"url":"https:\/\/bioflexnutrition.com.br\/wp-content\/uploads\/2025\/09\/15366361608-alpha-mater-puravida-3.webp","type":"image\/webp"}],"twitter_card":"summary_large_image","twitter_misc":{"Est. reading time":"3 minutes"},"schema":{"@context":"https:\/\/schema.org","@graph":[{"@type":["WebPage","ItemPage"],"@id":"https:\/\/bioflexnutrition.com.br\/produto\/alpha-mater-60-capsulas-puravida\/","url":"https:\/\/bioflexnutrition.com.br\/produto\/alpha-mater-60-capsulas-puravida\/","name":"Alpha Mater 60 Capsulas PURAVIDA - Bioflex Nutrition","isPartOf":{"@id":"https:\/\/bioflexnutrition.com.br\/#website"},"primaryImageOfPage":{"@id":"https:\/\/bioflexnutrition.com.br\/produto\/alpha-mater-60-capsulas-puravida\/#primaryimage"},"image":{"@id":"https:\/\/bioflexnutrition.com.br\/produto\/alpha-mater-60-capsulas-puravida\/#primaryimage"},"thumbnailUrl":"https:\/\/bioflexnutrition.com.br\/wp-content\/uploads\/2025\/09\/15366361608-alpha-mater-puravida-3.webp","datePublished":"2025-09-10T13:09:21+00:00","dateModified":"2026-03-02T14:35:16+00:00","breadcrumb":{"@id":"https:\/\/bioflexnutrition.com.br\/produto\/alpha-mater-60-capsulas-puravida\/#breadcrumb"},"inLanguage":"en-US","potentialAction":[{"@type":"ReadAction","target":["https:\/\/bioflexnutrition.com.br\/produto\/alpha-mater-60-capsulas-puravida\/"]}]},{"@type":"ImageObject","inLanguage":"en-US","@id":"https:\/\/bioflexnutrition.com.br\/produto\/alpha-mater-60-capsulas-puravida\/#primaryimage","url":"https:\/\/bioflexnutrition.com.br\/wp-content\/uploads\/2025\/09\/15366361608-alpha-mater-puravida-3.webp","contentUrl":"https:\/\/bioflexnutrition.com.br\/wp-content\/uploads\/2025\/09\/15366361608-alpha-mater-puravida-3.webp","width":1000,"height":1000},{"@type":"BreadcrumbList","@id":"https:\/\/bioflexnutrition.com.br\/produto\/alpha-mater-60-capsulas-puravida\/#breadcrumb","itemListElement":[{"@type":"ListItem","position":1,"name":"In\u00edcio","item":"https:\/\/bioflexnutrition.com.br\/"},{"@type":"ListItem","position":2,"name":"Loja","item":"https:\/\/bioflexnutrition.com.br\/todos\/"},{"@type":"ListItem","position":3,"name":"Alpha Mater 60 Capsulas PURAVIDA"}]},{"@type":"WebSite","@id":"https:\/\/bioflexnutrition.com.br\/#website","url":"https:\/\/bioflexnutrition.com.br\/","name":"Bioflex Nutrition","description":"Sua loja online de Nutri\u00e7\u00e3o e Sa\u00fade","publisher":{"@id":"https:\/\/bioflexnutrition.com.br\/#organization"},"potentialAction":[{"@type":"SearchAction","target":{"@type":"EntryPoint","urlTemplate":"https:\/\/bioflexnutrition.com.br\/?s={search_term_string}"},"query-input":{"@type":"PropertyValueSpecification","valueRequired":true,"valueName":"search_term_string"}}],"inLanguage":"en-US"},{"@type":"Organization","@id":"https:\/\/bioflexnutrition.com.br\/#organization","name":"Bioflex Nutrition","url":"https:\/\/bioflexnutrition.com.br\/","logo":{"@type":"ImageObject","inLanguage":"en-US","@id":"https:\/\/bioflexnutrition.com.br\/#\/schema\/logo\/image\/","url":"https:\/\/bioflexnutrition.com.br\/wp-content\/uploads\/2025\/04\/fav.webp","contentUrl":"https:\/\/bioflexnutrition.com.br\/wp-content\/uploads\/2025\/04\/fav.webp","width":1150,"height":1000,"caption":"Bioflex Nutrition"},"image":{"@id":"https:\/\/bioflexnutrition.com.br\/#\/schema\/logo\/image\/"},"sameAs":["https:\/\/www.instagram.com\/bioflexnh\/"]}]}},"_links":{"self":[{"href":"https:\/\/bioflexnutrition.com.br\/en\/wp-json\/wp\/v2\/product\/7530","targetHints":{"allow":["GET"]}}],"collection":[{"href":"https:\/\/bioflexnutrition.com.br\/en\/wp-json\/wp\/v2\/product"}],"about":[{"href":"https:\/\/bioflexnutrition.com.br\/en\/wp-json\/wp\/v2\/types\/product"}],"replies":[{"embeddable":true,"href":"https:\/\/bioflexnutrition.com.br\/en\/wp-json\/wp\/v2\/comments?post=7530"}],"wp:featuredmedia":[{"embeddable":true,"href":"https:\/\/bioflexnutrition.com.br\/en\/wp-json\/wp\/v2\/media\/7553"}],"wp:attachment":[{"href":"https:\/\/bioflexnutrition.com.br\/en\/wp-json\/wp\/v2\/media?parent=7530"}],"wp:term":[{"taxonomy":"product_cat","embeddable":true,"href":"https:\/\/bioflexnutrition.com.br\/en\/wp-json\/wp\/v2\/product_cat?post=7530"},{"taxonomy":"product_tag","embeddable":true,"href":"https:\/\/bioflexnutrition.com.br\/en\/wp-json\/wp\/v2\/product_tag?post=7530"}],"curies":[{"name":"wp","href":"https:\/\/api.w.org\/{rel}","templated":true}]}}