{"id":7534,"date":"2025-09-10T10:09:38","date_gmt":"2025-09-10T13:09:38","guid":{"rendered":"https:\/\/bioflexnutrition.com.br\/produto\/grassfed-whey-protein-neutro-900g-puravida\/"},"modified":"2026-03-02T11:06:02","modified_gmt":"2026-03-02T14:06:02","slug":"grassfed-whey-protein-neutro-900g-puravida","status":"publish","type":"product","link":"https:\/\/bioflexnutrition.com.br\/en\/product\/grassfed-whey-protein-neutro-900g-puravida\/","title":{"rendered":"GRASSFED WHEY PROTEIN NEUTRO 900G PURAVIDA"},"content":{"rendered":"<h3>Informa\u00e7\u00e3o Nutricional<\/h3>\n<p><strong>Por\u00e7\u00f5es por embalagem:<\/strong> 15 (pouch 450 g)<br \/>\n<strong>Por\u00e7\u00f5es por embalagem:<\/strong> 30 (pouch 900 g)<\/p>\n<p><strong>Por\u00e7\u00e3o:<\/strong> 30 g (1 scoop | colher-medida inclusa)<\/p>\n<table>\n<thead>\n<tr>\n<th>Quantidade por por\u00e7\u00e3o<\/th>\n<th>30 g<\/th>\n<th>% VD*<\/th>\n<\/tr>\n<\/thead>\n<tbody>\n<tr>\n<td>Valor energ\u00e9tico (kcal)<\/td>\n<td>122<\/td>\n<td>6%<\/td>\n<\/tr>\n<tr>\n<td>Carboidratos (g)<\/td>\n<td>2<\/td>\n<td>1%<\/td>\n<\/tr>\n<tr>\n<td>A\u00e7\u00facares totais (g)<\/td>\n<td>2<\/td>\n<td>\u2014<\/td>\n<\/tr>\n<tr>\n<td>A\u00e7\u00facares adicionados (g)<\/td>\n<td>0<\/td>\n<td>0%<\/td>\n<\/tr>\n<tr>\n<td>Lactose (g)<\/td>\n<td>2<\/td>\n<td>\u2014<\/td>\n<\/tr>\n<tr>\n<td>Prote\u00ednas (g)<\/td>\n<td>25<\/td>\n<td>50%<\/td>\n<\/tr>\n<tr>\n<td>Gorduras totais (g)<\/td>\n<td>2,2<\/td>\n<td>3%<\/td>\n<\/tr>\n<tr>\n<td>Gorduras saturadas (g)<\/td>\n<td>1,2<\/td>\n<td>6%<\/td>\n<\/tr>\n<tr>\n<td>Gorduras trans (g)<\/td>\n<td>0<\/td>\n<td>0%<\/td>\n<\/tr>\n<tr>\n<td>Fibras alimentares (g)<\/td>\n<td>1<\/td>\n<td>4%<\/td>\n<\/tr>\n<tr>\n<td>S\u00f3dio (mg)<\/td>\n<td>63<\/td>\n<td>3%<\/td>\n<\/tr>\n<\/tbody>\n<\/table>\n<p>(*) *Percentual de valores di\u00e1rios fornecidos pela por\u00e7\u00e3o.<\/p>\n<h3>Ingredientes<\/h3>\n<p>Prote\u00edna de soro do leite concentrada.<br \/>\n<strong>Al\u00e9rgicos:<\/strong> Cont\u00e9m derivados de leite e soja. Pode conter* amendoim, am\u00eandoa, avel\u00e3s, nozes, pec\u00e3s, castanha-de-caju, castanhas, castanha-do-par\u00e1, macad\u00e2mias e pistaches. Cont\u00e9m lactose. N\u00e3o cont\u00e9m gl\u00faten.<\/p>","protected":false},"excerpt":{"rendered":"<p dir=\"ltr\" style=\"line-height: 1.38; margin-top: 12pt; margin-bottom: 12pt;\"><span style=\"font-size: 11pt; font-family: Arial,sans-serif; color: #000000; background-color: transparent; font-weight: 400; font-style: normal; font-variant: normal; text-decoration: none; vertical-align: baseline;\">Experimente o <\/span><span style=\"font-size: 11pt; font-family: Arial,sans-serif; color: #000000; background-color: transparent; font-weight: bold; font-style: normal; font-variant: normal; text-decoration: none; vertical-align: baseline;\">GrassFed Whey Protein da Puravida<\/span><span style=\"font-size: 11pt; font-family: Arial,sans-serif; color: #000000; background-color: transparent; font-weight: 400; font-style: normal; font-variant: normal; text-decoration: none; vertical-align: baseline;\">, uma prote\u00edna de alta qualidade proveniente de gado criado solto em pastagens naturais, sem o uso de horm\u00f4nios ou antibi\u00f3ticos. Este suplemento premium oferece uma nutri\u00e7\u00e3o pura e eficaz para quem busca sa\u00fade e performance.\u200b<\/span><\/p>","protected":false},"featured_media":7666,"comment_status":"open","ping_status":"closed","template":"","meta":{"_joinchat":[]},"product_cat":[248,199,157,164,169,170,198,270,266,296],"product_tag":[],"class_list":{"0":"post-7534","1":"product","2":"type-product","3":"status-publish","4":"has-post-thumbnail","6":"product_cat-categorias-e","7":"product_cat-frete-gratis","8":"product_cat-marcas","9":"product_cat-objetivos-especificos","10":"product_cat-para-emagrecimento","11":"product_cat-para-ganho-de-massa","12":"product_cat-promocoes","13":"product_cat-proteina-concentrada-whey","14":"product_cat-proteinas-categorias-ecommerce","15":"product_cat-puravida","17":"first","18":"instock","19":"shipping-taxable","20":"purchasable","21":"product-type-simple","22":"col-xs-6 col-sm-4","23":"col-md-3 col-lg-3","24":"un-4-cols"},"yoast_head":"<!-- This site is optimized with the Yoast SEO plugin v27.3 - https:\/\/yoast.com\/product\/yoast-seo-wordpress\/ -->\n<title>GRASSFED WHEY PROTEIN NEUTRO 900G PURAVIDA - Bioflex Nutrition<\/title>\n<meta name=\"robots\" content=\"index, follow, max-snippet:-1, max-image-preview:large, max-video-preview:-1\" \/>\n<link rel=\"canonical\" href=\"https:\/\/bioflexnutrition.com.br\/en\/product\/grassfed-whey-protein-neutro-900g-puravida\/\" \/>\n<meta property=\"og:locale\" content=\"en_US\" \/>\n<meta property=\"og:type\" content=\"article\" \/>\n<meta property=\"og:title\" content=\"GRASSFED WHEY PROTEIN NEUTRO 900G PURAVIDA - Bioflex Nutrition\" \/>\n<meta property=\"og:description\" content=\"Experimente o GrassFed Whey Protein da Puravida, uma prote\u00edna de alta qualidade proveniente de gado criado solto em pastagens naturais, sem o uso de horm\u00f4nios ou antibi\u00f3ticos. Este suplemento premium oferece uma nutri\u00e7\u00e3o pura e eficaz para quem busca sa\u00fade e performance.\u200b\" \/>\n<meta property=\"og:url\" content=\"https:\/\/bioflexnutrition.com.br\/en\/product\/grassfed-whey-protein-neutro-900g-puravida\/\" \/>\n<meta property=\"og:site_name\" content=\"Bioflex Nutrition\" \/>\n<meta property=\"article:modified_time\" content=\"2026-03-02T14:06:02+00:00\" \/>\n<meta property=\"og:image\" content=\"https:\/\/bioflexnutrition.com.br\/wp-content\/uploads\/2025\/09\/Pura-Vida-Grassfed-Whey-Protein-Natural-900g-Sem-Lactose-Sem-Gluten.webp\" \/>\n\t<meta property=\"og:image:width\" content=\"824\" \/>\n\t<meta property=\"og:image:height\" content=\"1000\" \/>\n\t<meta property=\"og:image:type\" content=\"image\/webp\" \/>\n<meta name=\"twitter:card\" content=\"summary_large_image\" \/>\n<meta name=\"twitter:label1\" content=\"Est. reading time\" \/>\n\t<meta name=\"twitter:data1\" content=\"1 minute\" \/>\n<script type=\"application\/ld+json\" class=\"yoast-schema-graph\">{\"@context\":\"https:\\\/\\\/schema.org\",\"@graph\":[{\"@type\":[\"WebPage\",\"ItemPage\"],\"@id\":\"https:\\\/\\\/bioflexnutrition.com.br\\\/produto\\\/grassfed-whey-protein-neutro-900g-puravida\\\/\",\"url\":\"https:\\\/\\\/bioflexnutrition.com.br\\\/produto\\\/grassfed-whey-protein-neutro-900g-puravida\\\/\",\"name\":\"GRASSFED WHEY PROTEIN NEUTRO 900G PURAVIDA - Bioflex Nutrition\",\"isPartOf\":{\"@id\":\"https:\\\/\\\/bioflexnutrition.com.br\\\/#website\"},\"primaryImageOfPage\":{\"@id\":\"https:\\\/\\\/bioflexnutrition.com.br\\\/produto\\\/grassfed-whey-protein-neutro-900g-puravida\\\/#primaryimage\"},\"image\":{\"@id\":\"https:\\\/\\\/bioflexnutrition.com.br\\\/produto\\\/grassfed-whey-protein-neutro-900g-puravida\\\/#primaryimage\"},\"thumbnailUrl\":\"https:\\\/\\\/bioflexnutrition.com.br\\\/wp-content\\\/uploads\\\/2025\\\/09\\\/Pura-Vida-Grassfed-Whey-Protein-Natural-900g-Sem-Lactose-Sem-Gluten.webp\",\"datePublished\":\"2025-09-10T13:09:38+00:00\",\"dateModified\":\"2026-03-02T14:06:02+00:00\",\"breadcrumb\":{\"@id\":\"https:\\\/\\\/bioflexnutrition.com.br\\\/produto\\\/grassfed-whey-protein-neutro-900g-puravida\\\/#breadcrumb\"},\"inLanguage\":\"en-US\",\"potentialAction\":[{\"@type\":\"ReadAction\",\"target\":[\"https:\\\/\\\/bioflexnutrition.com.br\\\/produto\\\/grassfed-whey-protein-neutro-900g-puravida\\\/\"]}]},{\"@type\":\"ImageObject\",\"inLanguage\":\"en-US\",\"@id\":\"https:\\\/\\\/bioflexnutrition.com.br\\\/produto\\\/grassfed-whey-protein-neutro-900g-puravida\\\/#primaryimage\",\"url\":\"https:\\\/\\\/bioflexnutrition.com.br\\\/wp-content\\\/uploads\\\/2025\\\/09\\\/Pura-Vida-Grassfed-Whey-Protein-Natural-900g-Sem-Lactose-Sem-Gluten.webp\",\"contentUrl\":\"https:\\\/\\\/bioflexnutrition.com.br\\\/wp-content\\\/uploads\\\/2025\\\/09\\\/Pura-Vida-Grassfed-Whey-Protein-Natural-900g-Sem-Lactose-Sem-Gluten.webp\",\"width\":824,\"height\":1000},{\"@type\":\"BreadcrumbList\",\"@id\":\"https:\\\/\\\/bioflexnutrition.com.br\\\/produto\\\/grassfed-whey-protein-neutro-900g-puravida\\\/#breadcrumb\",\"itemListElement\":[{\"@type\":\"ListItem\",\"position\":1,\"name\":\"In\u00edcio\",\"item\":\"https:\\\/\\\/bioflexnutrition.com.br\\\/\"},{\"@type\":\"ListItem\",\"position\":2,\"name\":\"Loja\",\"item\":\"https:\\\/\\\/bioflexnutrition.com.br\\\/todos\\\/\"},{\"@type\":\"ListItem\",\"position\":3,\"name\":\"GRASSFED WHEY PROTEIN NEUTRO 900G PURAVIDA\"}]},{\"@type\":\"WebSite\",\"@id\":\"https:\\\/\\\/bioflexnutrition.com.br\\\/#website\",\"url\":\"https:\\\/\\\/bioflexnutrition.com.br\\\/\",\"name\":\"Bioflex Nutrition\",\"description\":\"Sua loja online de Nutri\u00e7\u00e3o e Sa\u00fade\",\"publisher\":{\"@id\":\"https:\\\/\\\/bioflexnutrition.com.br\\\/#organization\"},\"potentialAction\":[{\"@type\":\"SearchAction\",\"target\":{\"@type\":\"EntryPoint\",\"urlTemplate\":\"https:\\\/\\\/bioflexnutrition.com.br\\\/?s={search_term_string}\"},\"query-input\":{\"@type\":\"PropertyValueSpecification\",\"valueRequired\":true,\"valueName\":\"search_term_string\"}}],\"inLanguage\":\"en-US\"},{\"@type\":\"Organization\",\"@id\":\"https:\\\/\\\/bioflexnutrition.com.br\\\/#organization\",\"name\":\"Bioflex Nutrition\",\"url\":\"https:\\\/\\\/bioflexnutrition.com.br\\\/\",\"logo\":{\"@type\":\"ImageObject\",\"inLanguage\":\"en-US\",\"@id\":\"https:\\\/\\\/bioflexnutrition.com.br\\\/#\\\/schema\\\/logo\\\/image\\\/\",\"url\":\"https:\\\/\\\/bioflexnutrition.com.br\\\/wp-content\\\/uploads\\\/2025\\\/04\\\/fav.webp\",\"contentUrl\":\"https:\\\/\\\/bioflexnutrition.com.br\\\/wp-content\\\/uploads\\\/2025\\\/04\\\/fav.webp\",\"width\":1150,\"height\":1000,\"caption\":\"Bioflex Nutrition\"},\"image\":{\"@id\":\"https:\\\/\\\/bioflexnutrition.com.br\\\/#\\\/schema\\\/logo\\\/image\\\/\"},\"sameAs\":[\"https:\\\/\\\/www.instagram.com\\\/bioflexnh\\\/\"]}]}<\/script>\n<!-- \/ Yoast SEO plugin. -->","yoast_head_json":{"title":"GRASSFED WHEY PROTEIN NEUTRO 900G PURAVIDA - Bioflex Nutrition","robots":{"index":"index","follow":"follow","max-snippet":"max-snippet:-1","max-image-preview":"max-image-preview:large","max-video-preview":"max-video-preview:-1"},"canonical":"https:\/\/bioflexnutrition.com.br\/en\/product\/grassfed-whey-protein-neutro-900g-puravida\/","og_locale":"en_US","og_type":"article","og_title":"GRASSFED WHEY PROTEIN NEUTRO 900G PURAVIDA - Bioflex Nutrition","og_description":"Experimente o GrassFed Whey Protein da Puravida, uma prote\u00edna de alta qualidade proveniente de gado criado solto em pastagens naturais, sem o uso de horm\u00f4nios ou antibi\u00f3ticos. Este suplemento premium oferece uma nutri\u00e7\u00e3o pura e eficaz para quem busca sa\u00fade e performance.\u200b","og_url":"https:\/\/bioflexnutrition.com.br\/en\/product\/grassfed-whey-protein-neutro-900g-puravida\/","og_site_name":"Bioflex Nutrition","article_modified_time":"2026-03-02T14:06:02+00:00","og_image":[{"width":824,"height":1000,"url":"https:\/\/bioflexnutrition.com.br\/wp-content\/uploads\/2025\/09\/Pura-Vida-Grassfed-Whey-Protein-Natural-900g-Sem-Lactose-Sem-Gluten.webp","type":"image\/webp"}],"twitter_card":"summary_large_image","twitter_misc":{"Est. reading time":"1 minute"},"schema":{"@context":"https:\/\/schema.org","@graph":[{"@type":["WebPage","ItemPage"],"@id":"https:\/\/bioflexnutrition.com.br\/produto\/grassfed-whey-protein-neutro-900g-puravida\/","url":"https:\/\/bioflexnutrition.com.br\/produto\/grassfed-whey-protein-neutro-900g-puravida\/","name":"GRASSFED WHEY PROTEIN NEUTRO 900G PURAVIDA - Bioflex Nutrition","isPartOf":{"@id":"https:\/\/bioflexnutrition.com.br\/#website"},"primaryImageOfPage":{"@id":"https:\/\/bioflexnutrition.com.br\/produto\/grassfed-whey-protein-neutro-900g-puravida\/#primaryimage"},"image":{"@id":"https:\/\/bioflexnutrition.com.br\/produto\/grassfed-whey-protein-neutro-900g-puravida\/#primaryimage"},"thumbnailUrl":"https:\/\/bioflexnutrition.com.br\/wp-content\/uploads\/2025\/09\/Pura-Vida-Grassfed-Whey-Protein-Natural-900g-Sem-Lactose-Sem-Gluten.webp","datePublished":"2025-09-10T13:09:38+00:00","dateModified":"2026-03-02T14:06:02+00:00","breadcrumb":{"@id":"https:\/\/bioflexnutrition.com.br\/produto\/grassfed-whey-protein-neutro-900g-puravida\/#breadcrumb"},"inLanguage":"en-US","potentialAction":[{"@type":"ReadAction","target":["https:\/\/bioflexnutrition.com.br\/produto\/grassfed-whey-protein-neutro-900g-puravida\/"]}]},{"@type":"ImageObject","inLanguage":"en-US","@id":"https:\/\/bioflexnutrition.com.br\/produto\/grassfed-whey-protein-neutro-900g-puravida\/#primaryimage","url":"https:\/\/bioflexnutrition.com.br\/wp-content\/uploads\/2025\/09\/Pura-Vida-Grassfed-Whey-Protein-Natural-900g-Sem-Lactose-Sem-Gluten.webp","contentUrl":"https:\/\/bioflexnutrition.com.br\/wp-content\/uploads\/2025\/09\/Pura-Vida-Grassfed-Whey-Protein-Natural-900g-Sem-Lactose-Sem-Gluten.webp","width":824,"height":1000},{"@type":"BreadcrumbList","@id":"https:\/\/bioflexnutrition.com.br\/produto\/grassfed-whey-protein-neutro-900g-puravida\/#breadcrumb","itemListElement":[{"@type":"ListItem","position":1,"name":"In\u00edcio","item":"https:\/\/bioflexnutrition.com.br\/"},{"@type":"ListItem","position":2,"name":"Loja","item":"https:\/\/bioflexnutrition.com.br\/todos\/"},{"@type":"ListItem","position":3,"name":"GRASSFED WHEY PROTEIN NEUTRO 900G PURAVIDA"}]},{"@type":"WebSite","@id":"https:\/\/bioflexnutrition.com.br\/#website","url":"https:\/\/bioflexnutrition.com.br\/","name":"Bioflex Nutrition","description":"Sua loja online de Nutri\u00e7\u00e3o e Sa\u00fade","publisher":{"@id":"https:\/\/bioflexnutrition.com.br\/#organization"},"potentialAction":[{"@type":"SearchAction","target":{"@type":"EntryPoint","urlTemplate":"https:\/\/bioflexnutrition.com.br\/?s={search_term_string}"},"query-input":{"@type":"PropertyValueSpecification","valueRequired":true,"valueName":"search_term_string"}}],"inLanguage":"en-US"},{"@type":"Organization","@id":"https:\/\/bioflexnutrition.com.br\/#organization","name":"Bioflex Nutrition","url":"https:\/\/bioflexnutrition.com.br\/","logo":{"@type":"ImageObject","inLanguage":"en-US","@id":"https:\/\/bioflexnutrition.com.br\/#\/schema\/logo\/image\/","url":"https:\/\/bioflexnutrition.com.br\/wp-content\/uploads\/2025\/04\/fav.webp","contentUrl":"https:\/\/bioflexnutrition.com.br\/wp-content\/uploads\/2025\/04\/fav.webp","width":1150,"height":1000,"caption":"Bioflex Nutrition"},"image":{"@id":"https:\/\/bioflexnutrition.com.br\/#\/schema\/logo\/image\/"},"sameAs":["https:\/\/www.instagram.com\/bioflexnh\/"]}]}},"_links":{"self":[{"href":"https:\/\/bioflexnutrition.com.br\/en\/wp-json\/wp\/v2\/product\/7534","targetHints":{"allow":["GET"]}}],"collection":[{"href":"https:\/\/bioflexnutrition.com.br\/en\/wp-json\/wp\/v2\/product"}],"about":[{"href":"https:\/\/bioflexnutrition.com.br\/en\/wp-json\/wp\/v2\/types\/product"}],"replies":[{"embeddable":true,"href":"https:\/\/bioflexnutrition.com.br\/en\/wp-json\/wp\/v2\/comments?post=7534"}],"wp:featuredmedia":[{"embeddable":true,"href":"https:\/\/bioflexnutrition.com.br\/en\/wp-json\/wp\/v2\/media\/7666"}],"wp:attachment":[{"href":"https:\/\/bioflexnutrition.com.br\/en\/wp-json\/wp\/v2\/media?parent=7534"}],"wp:term":[{"taxonomy":"product_cat","embeddable":true,"href":"https:\/\/bioflexnutrition.com.br\/en\/wp-json\/wp\/v2\/product_cat?post=7534"},{"taxonomy":"product_tag","embeddable":true,"href":"https:\/\/bioflexnutrition.com.br\/en\/wp-json\/wp\/v2\/product_tag?post=7534"}],"curies":[{"name":"wp","href":"https:\/\/api.w.org\/{rel}","templated":true}]}}