{"id":7535,"date":"2025-09-10T10:09:43","date_gmt":"2025-09-10T13:09:43","guid":{"rendered":"https:\/\/bioflexnutrition.com.br\/produto\/alpha-women-60-caps-puravida\/"},"modified":"2026-04-06T16:42:07","modified_gmt":"2026-04-06T19:42:07","slug":"alpha-women-60-caps-puravida","status":"publish","type":"product","link":"https:\/\/bioflexnutrition.com.br\/en\/product\/alpha-women-60-caps-puravida\/","title":{"rendered":"Alpha Women 60 Capsulas PURAVIDA"},"content":{"rendered":"<h3>Destaques do Produto:<\/h3>\n<ul>\n<li><strong>F\u00f3rmula Completa e Balanceada:<\/strong> Cont\u00e9m vitaminas e minerais em concentra\u00e7\u00f5es adequadas para suprir demandas di\u00e1rias, incluindo altas doses de vitamina A, vitamina B6 e \u00e1cido f\u00f3lico, al\u00e9m de lute\u00edna e \u00f3leo de pr\u00edmula\/borragem.<\/li>\n<li><strong>Suporte \u00e0 Sa\u00fade Feminina:<\/strong> Nutrientes que auxiliam no equil\u00edbrio hormonal, sa\u00fade da pele, cabelos e unhas e fortalecem o sistema imunol\u00f3gico.<\/li>\n<li><strong>Ingredientes de Alta Qualidade:<\/strong> Usa formas biodispon\u00edveis de vitaminas e minerais para melhor absor\u00e7\u00e3o e aproveitamento.<\/li>\n<\/ul>\n<h3>Benef\u00edcios Adicionais:<\/h3>\n<ul>\n<li><strong>Apoio ao Metabolismo Energ\u00e9tico:<\/strong> Vitaminas do complexo B ajudam na convers\u00e3o de alimentos em energia, promovendo disposi\u00e7\u00e3o.<\/li>\n<li><strong>A\u00e7\u00e3o Antioxidante:<\/strong> Vitaminas C e E protegem as c\u00e9lulas contra danos oxidativos.<\/li>\n<li><strong>Sa\u00fade \u00d3ssea:<\/strong> Vitamina D e c\u00e1lcio contribuem para manuten\u00e7\u00e3o da densidade \u00f3ssea e preven\u00e7\u00e3o da osteoporose.<\/li>\n<\/ul>\n<h3>Informa\u00e7\u00e3o Nutricional<\/h3>\n<p><strong>Por\u00e7\u00f5es por embalagem:<\/strong> 30<br \/>\n<strong>Por\u00e7\u00e3o:<\/strong> 2,16 g (2 c\u00e1psulas)<\/p>\n<table>\n<thead>\n<tr>\n<th>Quantidade por por\u00e7\u00e3o<\/th>\n<th>2,16 g<\/th>\n<th>% VD*<\/th>\n<\/tr>\n<\/thead>\n<tbody>\n<tr>\n<td>Valor energ\u00e9tico (kcal)<\/td>\n<td>8<\/td>\n<td>0%<\/td>\n<\/tr>\n<tr>\n<td>Prote\u00ednas (g)<\/td>\n<td>0<\/td>\n<td>0%<\/td>\n<\/tr>\n<tr>\n<td>Triptofano (mg)<\/td>\n<td>50<\/td>\n<td>\u2014<\/td>\n<\/tr>\n<tr>\n<td>Gorduras totais (g)<\/td>\n<td>0,9<\/td>\n<td>1%<\/td>\n<\/tr>\n<tr>\n<td>Gorduras saturadas (g)<\/td>\n<td>0,3<\/td>\n<td>2%<\/td>\n<\/tr>\n<tr>\n<td>Gorduras trans (g)<\/td>\n<td>0<\/td>\n<td>0%<\/td>\n<\/tr>\n<tr>\n<td>Gorduras monoinsaturadas (g)<\/td>\n<td>0,2<\/td>\n<td>1%<\/td>\n<\/tr>\n<tr>\n<td>Gorduras poli-insaturadas (g)<\/td>\n<td>0,4<\/td>\n<td>2%<\/td>\n<\/tr>\n<tr>\n<td>Vitamina A (\u00b5g)<\/td>\n<td>750<\/td>\n<td>94%<\/td>\n<\/tr>\n<tr>\n<td>Vitamina D (\u00b5g)<\/td>\n<td>25<\/td>\n<td>167%<\/td>\n<\/tr>\n<tr>\n<td>Vitamina E (mg)<\/td>\n<td>30<\/td>\n<td>200%<\/td>\n<\/tr>\n<tr>\n<td>Vitamina K (\u00b5g)<\/td>\n<td>80<\/td>\n<td>67%<\/td>\n<\/tr>\n<tr>\n<td>Vitamina C (mg)<\/td>\n<td>60<\/td>\n<td>60%<\/td>\n<\/tr>\n<tr>\n<td>Vitamina B1 (mg)<\/td>\n<td>1,8<\/td>\n<td>150%<\/td>\n<\/tr>\n<tr>\n<td>Vitamina B2 (mg)<\/td>\n<td>2<\/td>\n<td>167%<\/td>\n<\/tr>\n<tr>\n<td>Vitamina B3 (mg)<\/td>\n<td>35<\/td>\n<td>233%<\/td>\n<\/tr>\n<tr>\n<td>Vitamina B5 (mg)<\/td>\n<td>5,6<\/td>\n<td>112%<\/td>\n<\/tr>\n<tr>\n<td>Vitamina B6 (mg)<\/td>\n<td>25<\/td>\n<td>1923%<\/td>\n<\/tr>\n<tr>\n<td>Vitamina B7 (\u00b5g)<\/td>\n<td>45<\/td>\n<td>150%<\/td>\n<\/tr>\n<tr>\n<td>Vitamina B9 (\u00b5g)<\/td>\n<td>667<\/td>\n<td>167%<\/td>\n<\/tr>\n<tr>\n<td>Vitamina B12 (\u00b5g)<\/td>\n<td>9,9<\/td>\n<td>413%<\/td>\n<\/tr>\n<tr>\n<td>Cobre (\u00b5g)<\/td>\n<td>900<\/td>\n<td>100%<\/td>\n<\/tr>\n<tr>\n<td>Cromo (\u00b5g)<\/td>\n<td>130<\/td>\n<td>371%<\/td>\n<\/tr>\n<tr>\n<td>Ferro (mg)<\/td>\n<td>17<\/td>\n<td>121%<\/td>\n<\/tr>\n<tr>\n<td>Iodo (\u00b5g)<\/td>\n<td>150<\/td>\n<td>100%<\/td>\n<\/tr>\n<tr>\n<td>Mangan\u00eas (mg)<\/td>\n<td>1<\/td>\n<td>33%<\/td>\n<\/tr>\n<tr>\n<td>Molibd\u00eanio (\u00b5g)<\/td>\n<td>23<\/td>\n<td>51%<\/td>\n<\/tr>\n<tr>\n<td>Sel\u00eanio (\u00b5g)<\/td>\n<td>50<\/td>\n<td>83%<\/td>\n<\/tr>\n<tr>\n<td>Zinco (mg)<\/td>\n<td>25<\/td>\n<td>227%<\/td>\n<\/tr>\n<tr>\n<td>Boro (mg)<\/td>\n<td>1<\/td>\n<td>\u2014<\/td>\n<\/tr>\n<tr>\n<td>Lute\u00edna (mg)<\/td>\n<td>10<\/td>\n<td>\u2014<\/td>\n<\/tr>\n<tr>\n<td>Zeaxantina (mg)<\/td>\n<td>0,3<\/td>\n<td>\u2014<\/td>\n<\/tr>\n<\/tbody>\n<\/table>\n<p>N\u00e3o cont\u00e9m quantidades significativas de carboidratos, a\u00e7\u00facares totais, a\u00e7\u00facares adicionados, fibras alimentares e s\u00f3dio.<br \/>\n<em>*Percentual de Valores Di\u00e1rios de refer\u00eancia.<\/em><\/p>\n<h3>Ingredientes<\/h3>\n<p>C\u00e1psula (gelatina, \u00e1gua purificada, umectante glicerina e corante natural clorofilina c\u00faprica), \u00f3leo de coco, \u00f3leo de pr\u00edmula, \u00f3leo de semente de borragem, azeite de oliva, bisglicinato ferroso, bisglicinato de zinco, ascorbato de c\u00e1lcio (vitamina C), L-triptofano, lute\u00edna da flor de <em>Tagetes erecta<\/em>, D-alfa-tocoferol (vitamina E), nicotinamida (vitamina B3), fosfato de piridoxal (vitamina B6), L-selenometionina, tetraborato de s\u00f3dio decahidratado, D-pantenol (vitamina B5), bisglicinato de mangan\u00eas, bisglicinato de cobre, menaquinona-7 (vitamina K2), palmitato de retinol (vitamina A), riboflavina-5-fosfato de s\u00f3dio (vitamina B2), tiamina mononitrato (vitamina B1), picolinato de cromo, L-metilfolato de c\u00e1lcio (vitamina B9), iodeto de pot\u00e1ssio, molibdato de s\u00f3dio, D-biotina (vitamina B7), fitonadiona (vitamina K1), colecalciferol (vitamina D3), metilcobalamina (vitamina B12), emulsificante lecitina, estabilizante cera de abelha e antioxidante DL-alfa-tocoferol.<br \/>\n<strong>Al\u00e9rgicos:<\/strong> Pode conter* soja, leite, peixes, ovos, amendoim, am\u00eandoa, avel\u00e3s, castanha-de-caju, castanha-do-par\u00e1, macad\u00e2mias, nozes, pec\u00e3s, pistaches, pinoli, castanhas, crust\u00e1ceos (krill e caranguejo), trigo, centeio, cevada, aveia e suas estirpes hibridizadas. Cont\u00e9m gl\u00faten.<br \/>\n<em>*N\u00e3o fazem parte da formula\u00e7\u00e3o do produto. No entanto, pode haver tra\u00e7os devido ao compartilhamento de equipamento em alguma etapa do processo produtivo.<\/em><\/p>\n<h3>Modo de Uso e Armazenamento<\/h3>\n<p>Ingerir 2 c\u00e1psulas ao dia, preferencialmente junto a uma refei\u00e7\u00e3o, ou conforme orienta\u00e7\u00e3o de m\u00e9dico ou nutricionista.<br \/>\nManter o produto bem fechado, em local fresco, seco e ao abrigo da luz solar.<br \/>\nAp\u00f3s aberto, consumir conforme prazo indicado na embalagem.<br \/>\nEste produto \u00e9 recomendado para mulheres adultas (\u226519 anos).<br \/>\n\u201cEste produto n\u00e3o \u00e9 um medicamento.\u201d<br \/>\n\u201cN\u00e3o exceder a recomenda\u00e7\u00e3o di\u00e1ria de consumo indicada na embalagem.\u201d<br \/>\n\u201cMantenha fora do alcance de crian\u00e7as.\u201d<\/p>","protected":false},"excerpt":{"rendered":"<p dir=\"ltr\" style=\"line-height: 1.38; margin-top: 12pt; margin-bottom: 12pt;\"><span style=\"font-size: 11pt; font-family: Arial,sans-serif; color: #000000; background-color: transparent; font-weight: 400; font-style: normal; font-variant: normal; text-decoration: none; vertical-align: baseline;\">Cuide da sua sa\u00fade de forma completa com o <\/span><span style=\"font-size: 11pt; font-family: Arial,sans-serif; color: #000000; background-color: transparent; font-weight: bold; font-style: normal; font-variant: normal; text-decoration: none; vertical-align: baseline;\">Alpha Women da Puravida<\/span><span style=\"font-size: 11pt; font-family: Arial,sans-serif; color: #000000; background-color: transparent; font-weight: 400; font-style: normal; font-variant: normal; text-decoration: none; vertical-align: baseline;\">, um multivitam\u00ednico especialmente formulado para atender \u00e0s necessidades nutricionais das mulheres. Com uma combina\u00e7\u00e3o equilibrada de 25 nutrientes essenciais, este suplemento apoia o bem-estar feminino em todas as fases da vida.\u200b<\/span><\/p>","protected":false},"featured_media":7545,"comment_status":"open","ping_status":"closed","template":"","meta":{"_joinchat":[]},"product_cat":[248,284,157,164,285,296,230,280],"product_tag":[],"class_list":{"0":"post-7535","1":"product","2":"type-product","3":"status-publish","4":"has-post-thumbnail","6":"product_cat-categorias-e","7":"product_cat-imunidade","8":"product_cat-marcas","9":"product_cat-objetivos-especificos","10":"product_cat-outros","11":"product_cat-puravida","12":"product_cat-saude-e-bem-estar","13":"product_cat-vitaminas","15":"first","16":"instock","17":"shipping-taxable","18":"purchasable","19":"product-type-simple","20":"col-xs-6 col-sm-4","21":"col-md-3 col-lg-3","22":"un-4-cols"},"yoast_head":"<!-- This site is optimized with the Yoast SEO plugin v27.3 - https:\/\/yoast.com\/product\/yoast-seo-wordpress\/ -->\n<title>Alpha Women 60 Capsulas PURAVIDA - Bioflex Nutrition<\/title>\n<meta name=\"robots\" content=\"index, follow, max-snippet:-1, max-image-preview:large, max-video-preview:-1\" \/>\n<link rel=\"canonical\" href=\"https:\/\/bioflexnutrition.com.br\/en\/product\/alpha-women-60-caps-puravida\/\" \/>\n<meta property=\"og:locale\" content=\"en_US\" \/>\n<meta property=\"og:type\" content=\"article\" \/>\n<meta property=\"og:title\" content=\"Alpha Women 60 Capsulas PURAVIDA - Bioflex Nutrition\" \/>\n<meta property=\"og:description\" content=\"Cuide da sua sa\u00fade de forma completa com o Alpha Women da Puravida, um multivitam\u00ednico especialmente formulado para atender \u00e0s necessidades nutricionais das mulheres. Com uma combina\u00e7\u00e3o equilibrada de 25 nutrientes essenciais, este suplemento apoia o bem-estar feminino em todas as fases da vida.\u200b\" \/>\n<meta property=\"og:url\" content=\"https:\/\/bioflexnutrition.com.br\/en\/product\/alpha-women-60-caps-puravida\/\" \/>\n<meta property=\"og:site_name\" content=\"Bioflex Nutrition\" \/>\n<meta property=\"article:modified_time\" content=\"2026-04-06T19:42:07+00:00\" \/>\n<meta property=\"og:image\" content=\"https:\/\/bioflexnutrition.com.br\/wp-content\/uploads\/2025\/09\/15366362492-alpha-women-puravida-2.webp\" \/>\n\t<meta property=\"og:image:width\" content=\"1000\" \/>\n\t<meta property=\"og:image:height\" content=\"1000\" \/>\n\t<meta property=\"og:image:type\" content=\"image\/webp\" \/>\n<meta name=\"twitter:card\" content=\"summary_large_image\" \/>\n<meta name=\"twitter:label1\" content=\"Est. reading time\" \/>\n\t<meta name=\"twitter:data1\" content=\"3 minutes\" \/>\n<script type=\"application\/ld+json\" class=\"yoast-schema-graph\">{\"@context\":\"https:\\\/\\\/schema.org\",\"@graph\":[{\"@type\":[\"WebPage\",\"ItemPage\"],\"@id\":\"https:\\\/\\\/bioflexnutrition.com.br\\\/produto\\\/alpha-women-60-caps-puravida\\\/\",\"url\":\"https:\\\/\\\/bioflexnutrition.com.br\\\/produto\\\/alpha-women-60-caps-puravida\\\/\",\"name\":\"Alpha Women 60 Capsulas PURAVIDA - Bioflex Nutrition\",\"isPartOf\":{\"@id\":\"https:\\\/\\\/bioflexnutrition.com.br\\\/#website\"},\"primaryImageOfPage\":{\"@id\":\"https:\\\/\\\/bioflexnutrition.com.br\\\/produto\\\/alpha-women-60-caps-puravida\\\/#primaryimage\"},\"image\":{\"@id\":\"https:\\\/\\\/bioflexnutrition.com.br\\\/produto\\\/alpha-women-60-caps-puravida\\\/#primaryimage\"},\"thumbnailUrl\":\"https:\\\/\\\/bioflexnutrition.com.br\\\/wp-content\\\/uploads\\\/2025\\\/09\\\/15366362492-alpha-women-puravida-2.webp\",\"datePublished\":\"2025-09-10T13:09:43+00:00\",\"dateModified\":\"2026-04-06T19:42:07+00:00\",\"breadcrumb\":{\"@id\":\"https:\\\/\\\/bioflexnutrition.com.br\\\/produto\\\/alpha-women-60-caps-puravida\\\/#breadcrumb\"},\"inLanguage\":\"en-US\",\"potentialAction\":[{\"@type\":\"ReadAction\",\"target\":[\"https:\\\/\\\/bioflexnutrition.com.br\\\/produto\\\/alpha-women-60-caps-puravida\\\/\"]}]},{\"@type\":\"ImageObject\",\"inLanguage\":\"en-US\",\"@id\":\"https:\\\/\\\/bioflexnutrition.com.br\\\/produto\\\/alpha-women-60-caps-puravida\\\/#primaryimage\",\"url\":\"https:\\\/\\\/bioflexnutrition.com.br\\\/wp-content\\\/uploads\\\/2025\\\/09\\\/15366362492-alpha-women-puravida-2.webp\",\"contentUrl\":\"https:\\\/\\\/bioflexnutrition.com.br\\\/wp-content\\\/uploads\\\/2025\\\/09\\\/15366362492-alpha-women-puravida-2.webp\",\"width\":1000,\"height\":1000},{\"@type\":\"BreadcrumbList\",\"@id\":\"https:\\\/\\\/bioflexnutrition.com.br\\\/produto\\\/alpha-women-60-caps-puravida\\\/#breadcrumb\",\"itemListElement\":[{\"@type\":\"ListItem\",\"position\":1,\"name\":\"In\u00edcio\",\"item\":\"https:\\\/\\\/bioflexnutrition.com.br\\\/\"},{\"@type\":\"ListItem\",\"position\":2,\"name\":\"Loja\",\"item\":\"https:\\\/\\\/bioflexnutrition.com.br\\\/todos\\\/\"},{\"@type\":\"ListItem\",\"position\":3,\"name\":\"Alpha Women 60 Capsulas PURAVIDA\"}]},{\"@type\":\"WebSite\",\"@id\":\"https:\\\/\\\/bioflexnutrition.com.br\\\/#website\",\"url\":\"https:\\\/\\\/bioflexnutrition.com.br\\\/\",\"name\":\"Bioflex Nutrition\",\"description\":\"Sua loja online de Nutri\u00e7\u00e3o e Sa\u00fade\",\"publisher\":{\"@id\":\"https:\\\/\\\/bioflexnutrition.com.br\\\/#organization\"},\"potentialAction\":[{\"@type\":\"SearchAction\",\"target\":{\"@type\":\"EntryPoint\",\"urlTemplate\":\"https:\\\/\\\/bioflexnutrition.com.br\\\/?s={search_term_string}\"},\"query-input\":{\"@type\":\"PropertyValueSpecification\",\"valueRequired\":true,\"valueName\":\"search_term_string\"}}],\"inLanguage\":\"en-US\"},{\"@type\":\"Organization\",\"@id\":\"https:\\\/\\\/bioflexnutrition.com.br\\\/#organization\",\"name\":\"Bioflex Nutrition\",\"url\":\"https:\\\/\\\/bioflexnutrition.com.br\\\/\",\"logo\":{\"@type\":\"ImageObject\",\"inLanguage\":\"en-US\",\"@id\":\"https:\\\/\\\/bioflexnutrition.com.br\\\/#\\\/schema\\\/logo\\\/image\\\/\",\"url\":\"https:\\\/\\\/bioflexnutrition.com.br\\\/wp-content\\\/uploads\\\/2025\\\/04\\\/fav.webp\",\"contentUrl\":\"https:\\\/\\\/bioflexnutrition.com.br\\\/wp-content\\\/uploads\\\/2025\\\/04\\\/fav.webp\",\"width\":1150,\"height\":1000,\"caption\":\"Bioflex Nutrition\"},\"image\":{\"@id\":\"https:\\\/\\\/bioflexnutrition.com.br\\\/#\\\/schema\\\/logo\\\/image\\\/\"},\"sameAs\":[\"https:\\\/\\\/www.instagram.com\\\/bioflexnh\\\/\"]}]}<\/script>\n<!-- \/ Yoast SEO plugin. -->","yoast_head_json":{"title":"Alpha Women 60 Capsulas PURAVIDA - Bioflex Nutrition","robots":{"index":"index","follow":"follow","max-snippet":"max-snippet:-1","max-image-preview":"max-image-preview:large","max-video-preview":"max-video-preview:-1"},"canonical":"https:\/\/bioflexnutrition.com.br\/en\/product\/alpha-women-60-caps-puravida\/","og_locale":"en_US","og_type":"article","og_title":"Alpha Women 60 Capsulas PURAVIDA - Bioflex Nutrition","og_description":"Cuide da sua sa\u00fade de forma completa com o Alpha Women da Puravida, um multivitam\u00ednico especialmente formulado para atender \u00e0s necessidades nutricionais das mulheres. Com uma combina\u00e7\u00e3o equilibrada de 25 nutrientes essenciais, este suplemento apoia o bem-estar feminino em todas as fases da vida.\u200b","og_url":"https:\/\/bioflexnutrition.com.br\/en\/product\/alpha-women-60-caps-puravida\/","og_site_name":"Bioflex Nutrition","article_modified_time":"2026-04-06T19:42:07+00:00","og_image":[{"width":1000,"height":1000,"url":"https:\/\/bioflexnutrition.com.br\/wp-content\/uploads\/2025\/09\/15366362492-alpha-women-puravida-2.webp","type":"image\/webp"}],"twitter_card":"summary_large_image","twitter_misc":{"Est. reading time":"3 minutes"},"schema":{"@context":"https:\/\/schema.org","@graph":[{"@type":["WebPage","ItemPage"],"@id":"https:\/\/bioflexnutrition.com.br\/produto\/alpha-women-60-caps-puravida\/","url":"https:\/\/bioflexnutrition.com.br\/produto\/alpha-women-60-caps-puravida\/","name":"Alpha Women 60 Capsulas PURAVIDA - Bioflex Nutrition","isPartOf":{"@id":"https:\/\/bioflexnutrition.com.br\/#website"},"primaryImageOfPage":{"@id":"https:\/\/bioflexnutrition.com.br\/produto\/alpha-women-60-caps-puravida\/#primaryimage"},"image":{"@id":"https:\/\/bioflexnutrition.com.br\/produto\/alpha-women-60-caps-puravida\/#primaryimage"},"thumbnailUrl":"https:\/\/bioflexnutrition.com.br\/wp-content\/uploads\/2025\/09\/15366362492-alpha-women-puravida-2.webp","datePublished":"2025-09-10T13:09:43+00:00","dateModified":"2026-04-06T19:42:07+00:00","breadcrumb":{"@id":"https:\/\/bioflexnutrition.com.br\/produto\/alpha-women-60-caps-puravida\/#breadcrumb"},"inLanguage":"en-US","potentialAction":[{"@type":"ReadAction","target":["https:\/\/bioflexnutrition.com.br\/produto\/alpha-women-60-caps-puravida\/"]}]},{"@type":"ImageObject","inLanguage":"en-US","@id":"https:\/\/bioflexnutrition.com.br\/produto\/alpha-women-60-caps-puravida\/#primaryimage","url":"https:\/\/bioflexnutrition.com.br\/wp-content\/uploads\/2025\/09\/15366362492-alpha-women-puravida-2.webp","contentUrl":"https:\/\/bioflexnutrition.com.br\/wp-content\/uploads\/2025\/09\/15366362492-alpha-women-puravida-2.webp","width":1000,"height":1000},{"@type":"BreadcrumbList","@id":"https:\/\/bioflexnutrition.com.br\/produto\/alpha-women-60-caps-puravida\/#breadcrumb","itemListElement":[{"@type":"ListItem","position":1,"name":"In\u00edcio","item":"https:\/\/bioflexnutrition.com.br\/"},{"@type":"ListItem","position":2,"name":"Loja","item":"https:\/\/bioflexnutrition.com.br\/todos\/"},{"@type":"ListItem","position":3,"name":"Alpha Women 60 Capsulas PURAVIDA"}]},{"@type":"WebSite","@id":"https:\/\/bioflexnutrition.com.br\/#website","url":"https:\/\/bioflexnutrition.com.br\/","name":"Bioflex Nutrition","description":"Sua loja online de Nutri\u00e7\u00e3o e Sa\u00fade","publisher":{"@id":"https:\/\/bioflexnutrition.com.br\/#organization"},"potentialAction":[{"@type":"SearchAction","target":{"@type":"EntryPoint","urlTemplate":"https:\/\/bioflexnutrition.com.br\/?s={search_term_string}"},"query-input":{"@type":"PropertyValueSpecification","valueRequired":true,"valueName":"search_term_string"}}],"inLanguage":"en-US"},{"@type":"Organization","@id":"https:\/\/bioflexnutrition.com.br\/#organization","name":"Bioflex Nutrition","url":"https:\/\/bioflexnutrition.com.br\/","logo":{"@type":"ImageObject","inLanguage":"en-US","@id":"https:\/\/bioflexnutrition.com.br\/#\/schema\/logo\/image\/","url":"https:\/\/bioflexnutrition.com.br\/wp-content\/uploads\/2025\/04\/fav.webp","contentUrl":"https:\/\/bioflexnutrition.com.br\/wp-content\/uploads\/2025\/04\/fav.webp","width":1150,"height":1000,"caption":"Bioflex Nutrition"},"image":{"@id":"https:\/\/bioflexnutrition.com.br\/#\/schema\/logo\/image\/"},"sameAs":["https:\/\/www.instagram.com\/bioflexnh\/"]}]}},"_links":{"self":[{"href":"https:\/\/bioflexnutrition.com.br\/en\/wp-json\/wp\/v2\/product\/7535","targetHints":{"allow":["GET"]}}],"collection":[{"href":"https:\/\/bioflexnutrition.com.br\/en\/wp-json\/wp\/v2\/product"}],"about":[{"href":"https:\/\/bioflexnutrition.com.br\/en\/wp-json\/wp\/v2\/types\/product"}],"replies":[{"embeddable":true,"href":"https:\/\/bioflexnutrition.com.br\/en\/wp-json\/wp\/v2\/comments?post=7535"}],"wp:featuredmedia":[{"embeddable":true,"href":"https:\/\/bioflexnutrition.com.br\/en\/wp-json\/wp\/v2\/media\/7545"}],"wp:attachment":[{"href":"https:\/\/bioflexnutrition.com.br\/en\/wp-json\/wp\/v2\/media?parent=7535"}],"wp:term":[{"taxonomy":"product_cat","embeddable":true,"href":"https:\/\/bioflexnutrition.com.br\/en\/wp-json\/wp\/v2\/product_cat?post=7535"},{"taxonomy":"product_tag","embeddable":true,"href":"https:\/\/bioflexnutrition.com.br\/en\/wp-json\/wp\/v2\/product_tag?post=7535"}],"curies":[{"name":"wp","href":"https:\/\/api.w.org\/{rel}","templated":true}]}}