{"id":7540,"date":"2025-09-10T10:10:01","date_gmt":"2025-09-10T13:10:01","guid":{"rendered":"https:\/\/bioflexnutrition.com.br\/produto\/collagen-flex-beauty-60-capsulas-puravida\/"},"modified":"2026-03-30T14:12:56","modified_gmt":"2026-03-30T17:12:56","slug":"collagen-flex-beauty-60-capsulas-puravida","status":"publish","type":"product","link":"https:\/\/bioflexnutrition.com.br\/en\/product\/collagen-flex-beauty-60-capsulas-puravida\/","title":{"rendered":"COLLAGEN FLEX + BEAUTY 60 CAPSULAS PURAVIDA"},"content":{"rendered":"<h3>Destaques do Produto:<\/h3>\n<ul>\n<li><strong>Col\u00e1geno Tipo II N\u00e3o Desnaturado:<\/strong> auxilia na manuten\u00e7\u00e3o da sa\u00fade das articula\u00e7\u00f5es, contribuindo para flexibilidade e mobilidade.<\/li>\n<li><strong>\u00c1cido Hialur\u00f4nico:<\/strong> promove hidrata\u00e7\u00e3o da pele e suporte articular por reten\u00e7\u00e3o de umidade.<\/li>\n<li><strong>Coenzima Q10:<\/strong> antioxidante que ajuda na produ\u00e7\u00e3o de energia celular e prote\u00e7\u00e3o contra radicais livres.<\/li>\n<li><strong>MSM (Metilsulfonilmetano):<\/strong> fonte de enxofre org\u00e2nico que contribui para integridade das articula\u00e7\u00f5es e tecidos conjuntivos.<\/li>\n<li><strong>F\u00f3rmula Pura e Segura:<\/strong> livre de gl\u00faten.<\/li>\n<\/ul>\n<h3>Benef\u00edcios Adicionais:<\/h3>\n<ul>\n<li><strong>Suporte \u00e0 Sa\u00fade Articular:<\/strong> a sinergia de col\u00e1geno tipo II e MSM auxilia na fun\u00e7\u00e3o e conforto das articula\u00e7\u00f5es.<\/li>\n<li><strong>Hidrata\u00e7\u00e3o e Elasticidade da Pele:<\/strong> o \u00e1cido hialur\u00f4nico contribui para uma apar\u00eancia mais jovem e hidratada.<\/li>\n<li><strong>A\u00e7\u00e3o Antioxidante:<\/strong> a coenzima Q10 neutraliza radicais livres, protegendo c\u00e9lulas do estresse oxidativo.<\/li>\n<\/ul>\n<h3>Informa\u00e7\u00e3o Nutricional<\/h3>\n<p><strong>Por\u00e7\u00f5es por embalagem:<\/strong> 30<br \/>\n<strong>Por\u00e7\u00e3o:<\/strong> 1,9 g (2 c\u00e1psulas)<\/p>\n<table>\n<thead>\n<tr>\n<th>Componente<\/th>\n<th>Quantidade<\/th>\n<th>%VD*<\/th>\n<\/tr>\n<\/thead>\n<tbody>\n<tr>\n<td>Valor energ\u00e9tico (kcal)<\/td>\n<td>6<\/td>\n<td>0%<\/td>\n<\/tr>\n<tr>\n<td>Gorduras totais (g)<\/td>\n<td>0,7<\/td>\n<td>1%<\/td>\n<\/tr>\n<tr>\n<td>Gorduras saturadas (g)<\/td>\n<td>0,6<\/td>\n<td>3%<\/td>\n<\/tr>\n<tr>\n<td>Gorduras trans (g)<\/td>\n<td>0<\/td>\n<td>0%<\/td>\n<\/tr>\n<tr>\n<td>\u00c1cido hialur\u00f4nico (mg)<\/td>\n<td>150<\/td>\n<td>\u2014<\/td>\n<\/tr>\n<tr>\n<td>Metilsulfonilmetano (MSM) (mg)<\/td>\n<td>400<\/td>\n<td>\u2014<\/td>\n<\/tr>\n<tr>\n<td>Coenzima Q10 (mg)<\/td>\n<td>100<\/td>\n<td>\u2014<\/td>\n<\/tr>\n<tr>\n<td>Col\u00e1geno de frango com col\u00e1geno tipo II n\u00e3o desnaturado (mg)<\/td>\n<td>40<\/td>\n<td>\u2014<\/td>\n<\/tr>\n<tr>\n<td>Col\u00e1geno tipo II n\u00e3o desnaturado (mg)<\/td>\n<td>1,2<\/td>\n<td>\u2014<\/td>\n<\/tr>\n<\/tbody>\n<\/table>\n<p><em>*Percentual de valores di\u00e1rios de refer\u00eancia n\u00e3o estabelecido para alguns componentes.<\/em><\/p>\n<h3>Ingredientes<\/h3>\n<p>\u00d3leo de coco; c\u00e1psula (gelatina, \u00e1gua purificada, umectante glicerina e corantes naturais curcumina e clorofilina c\u00faprica); metilsulfonilmetano (MSM); hialuronato de s\u00f3dio obtido pela fermenta\u00e7\u00e3o de <em>Streptococcus zooepidemicus<\/em>; coenzima Q10; col\u00e1geno de frango com col\u00e1geno tipo II n\u00e3o desnaturado; emulsificante lecitina de girassol.<\/p>\n<p><strong>Al\u00e9rgicos:<\/strong> Pode conter* soja, leite, peixes, ovos, amendoim, am\u00eandoa, avel\u00e3s, castanha-de-caju, castanha-do-par\u00e1, macad\u00e2mias, nozes, pec\u00e3s, pistaches, pinoli, castanhas, crust\u00e1ceos (krill e caranguejo), trigo, centeio, cevada, aveia e suas estirpes hibridizadas. Cont\u00e9m gl\u00faten.<br \/>\n<em>*N\u00e3o fazem parte da formula\u00e7\u00e3o intencional, mas podem estar presentes como tra\u00e7os devido ao compartilhamento de equipamentos.<\/em><\/p>\n<h3>Modo de Uso e Armazenamento<\/h3>\n<p>Ingerir 2 c\u00e1psulas ao dia, preferencialmente junto a uma refei\u00e7\u00e3o, ou conforme orienta\u00e7\u00e3o de m\u00e9dico ou nutricionista.<br \/>\nManter o produto bem fechado, em local fresco, seco e ao abrigo da luz solar.<br \/>\nAp\u00f3s aberto, consumir conforme prazo indicado na embalagem.<br \/>\nEste produto \u00e9 recomendado para adultos (\u226519 anos).<br \/>\n\u201cEste produto n\u00e3o \u00e9 um medicamento.\u201d<br \/>\n\u201cN\u00e3o exceder a recomenda\u00e7\u00e3o di\u00e1ria de consumo indicada na embalagem.\u201d<br \/>\n\u201cMantenha fora do alcance de crian\u00e7as.\u201d<\/p>","protected":false},"excerpt":{"rendered":"<p dir=\"ltr\" style=\"line-height: 1.38; margin-top: 12pt; margin-bottom: 12pt;\"><span style=\"font-size: 11pt; font-family: Arial,sans-serif; color: #000000; background-color: transparent; font-weight: 400; font-style: normal; font-variant: normal; text-decoration: none; vertical-align: baseline;\">Cuide da sa\u00fade das suas articula\u00e7\u00f5es e realce sua beleza com o <\/span><span style=\"font-size: 11pt; font-family: Arial,sans-serif; color: #000000; background-color: transparent; font-weight: bold; font-style: normal; font-variant: normal; text-decoration: none; vertical-align: baseline;\">Collagen Flex Beauty da Puravida<\/span><span style=\"font-size: 11pt; font-family: Arial,sans-serif; color: #000000; background-color: transparent; font-weight: 400; font-style: normal; font-variant: normal; text-decoration: none; vertical-align: baseline;\">, um suplemento premium que combina ingredientes de alta qualidade para promover bem-estar e vitalidade. Formulado com uma sinergia de nutrientes essenciais, este produto \u00e9 ideal para quem busca suporte \u00e0 sa\u00fade articular e benef\u00edcios est\u00e9ticos.\u200b<\/span><\/p>","protected":false},"featured_media":7550,"comment_status":"open","ping_status":"closed","template":"","meta":{"_joinchat":[]},"product_cat":[248,268,199,157,164,285,198,266,296,230,280],"product_tag":[],"class_list":{"0":"post-7540","1":"product","2":"type-product","3":"status-publish","4":"has-post-thumbnail","6":"product_cat-categorias-e","7":"product_cat-colageno-proteinas-categorias-ecommerce","8":"product_cat-frete-gratis","9":"product_cat-marcas","10":"product_cat-objetivos-especificos","11":"product_cat-outros","12":"product_cat-promocoes","13":"product_cat-proteinas-categorias-ecommerce","14":"product_cat-puravida","15":"product_cat-saude-e-bem-estar","16":"product_cat-vitaminas","18":"first","19":"instock","20":"shipping-taxable","21":"purchasable","22":"product-type-simple","23":"col-xs-6 col-sm-4","24":"col-md-3 col-lg-3","25":"un-4-cols"},"yoast_head":"<!-- This site is optimized with the Yoast SEO plugin v27.3 - https:\/\/yoast.com\/product\/yoast-seo-wordpress\/ -->\n<title>COLLAGEN FLEX + BEAUTY 60 CAPSULAS PURAVIDA - Bioflex Nutrition<\/title>\n<meta name=\"robots\" content=\"index, follow, max-snippet:-1, max-image-preview:large, max-video-preview:-1\" \/>\n<link rel=\"canonical\" href=\"https:\/\/bioflexnutrition.com.br\/en\/product\/collagen-flex-beauty-60-capsulas-puravida\/\" \/>\n<meta property=\"og:locale\" content=\"en_US\" \/>\n<meta property=\"og:type\" content=\"article\" \/>\n<meta property=\"og:title\" content=\"COLLAGEN FLEX + BEAUTY 60 CAPSULAS PURAVIDA - Bioflex Nutrition\" \/>\n<meta property=\"og:description\" content=\"Cuide da sa\u00fade das suas articula\u00e7\u00f5es e realce sua beleza com o Collagen Flex Beauty da Puravida, um suplemento premium que combina ingredientes de alta qualidade para promover bem-estar e vitalidade. Formulado com uma sinergia de nutrientes essenciais, este produto \u00e9 ideal para quem busca suporte \u00e0 sa\u00fade articular e benef\u00edcios est\u00e9ticos.\u200b\" \/>\n<meta property=\"og:url\" content=\"https:\/\/bioflexnutrition.com.br\/en\/product\/collagen-flex-beauty-60-capsulas-puravida\/\" \/>\n<meta property=\"og:site_name\" content=\"Bioflex Nutrition\" \/>\n<meta property=\"article:modified_time\" content=\"2026-03-30T17:12:56+00:00\" \/>\n<meta property=\"og:image\" content=\"https:\/\/bioflexnutrition.com.br\/wp-content\/uploads\/2025\/09\/15366365624-collagen-flex-beauty-puravida-1.webp\" \/>\n\t<meta property=\"og:image:width\" content=\"1000\" \/>\n\t<meta property=\"og:image:height\" content=\"1000\" \/>\n\t<meta property=\"og:image:type\" content=\"image\/webp\" \/>\n<meta name=\"twitter:card\" content=\"summary_large_image\" \/>\n<meta name=\"twitter:label1\" content=\"Est. reading time\" \/>\n\t<meta name=\"twitter:data1\" content=\"2 minutes\" \/>\n<script type=\"application\/ld+json\" class=\"yoast-schema-graph\">{\"@context\":\"https:\\\/\\\/schema.org\",\"@graph\":[{\"@type\":[\"WebPage\",\"ItemPage\"],\"@id\":\"https:\\\/\\\/bioflexnutrition.com.br\\\/produto\\\/collagen-flex-beauty-60-capsulas-puravida\\\/\",\"url\":\"https:\\\/\\\/bioflexnutrition.com.br\\\/produto\\\/collagen-flex-beauty-60-capsulas-puravida\\\/\",\"name\":\"COLLAGEN FLEX + BEAUTY 60 CAPSULAS PURAVIDA - Bioflex Nutrition\",\"isPartOf\":{\"@id\":\"https:\\\/\\\/bioflexnutrition.com.br\\\/#website\"},\"primaryImageOfPage\":{\"@id\":\"https:\\\/\\\/bioflexnutrition.com.br\\\/produto\\\/collagen-flex-beauty-60-capsulas-puravida\\\/#primaryimage\"},\"image\":{\"@id\":\"https:\\\/\\\/bioflexnutrition.com.br\\\/produto\\\/collagen-flex-beauty-60-capsulas-puravida\\\/#primaryimage\"},\"thumbnailUrl\":\"https:\\\/\\\/bioflexnutrition.com.br\\\/wp-content\\\/uploads\\\/2025\\\/09\\\/15366365624-collagen-flex-beauty-puravida-1.webp\",\"datePublished\":\"2025-09-10T13:10:01+00:00\",\"dateModified\":\"2026-03-30T17:12:56+00:00\",\"breadcrumb\":{\"@id\":\"https:\\\/\\\/bioflexnutrition.com.br\\\/produto\\\/collagen-flex-beauty-60-capsulas-puravida\\\/#breadcrumb\"},\"inLanguage\":\"en-US\",\"potentialAction\":[{\"@type\":\"ReadAction\",\"target\":[\"https:\\\/\\\/bioflexnutrition.com.br\\\/produto\\\/collagen-flex-beauty-60-capsulas-puravida\\\/\"]}]},{\"@type\":\"ImageObject\",\"inLanguage\":\"en-US\",\"@id\":\"https:\\\/\\\/bioflexnutrition.com.br\\\/produto\\\/collagen-flex-beauty-60-capsulas-puravida\\\/#primaryimage\",\"url\":\"https:\\\/\\\/bioflexnutrition.com.br\\\/wp-content\\\/uploads\\\/2025\\\/09\\\/15366365624-collagen-flex-beauty-puravida-1.webp\",\"contentUrl\":\"https:\\\/\\\/bioflexnutrition.com.br\\\/wp-content\\\/uploads\\\/2025\\\/09\\\/15366365624-collagen-flex-beauty-puravida-1.webp\",\"width\":1000,\"height\":1000},{\"@type\":\"BreadcrumbList\",\"@id\":\"https:\\\/\\\/bioflexnutrition.com.br\\\/produto\\\/collagen-flex-beauty-60-capsulas-puravida\\\/#breadcrumb\",\"itemListElement\":[{\"@type\":\"ListItem\",\"position\":1,\"name\":\"In\u00edcio\",\"item\":\"https:\\\/\\\/bioflexnutrition.com.br\\\/\"},{\"@type\":\"ListItem\",\"position\":2,\"name\":\"Loja\",\"item\":\"https:\\\/\\\/bioflexnutrition.com.br\\\/todos\\\/\"},{\"@type\":\"ListItem\",\"position\":3,\"name\":\"COLLAGEN FLEX + BEAUTY 60 CAPSULAS PURAVIDA\"}]},{\"@type\":\"WebSite\",\"@id\":\"https:\\\/\\\/bioflexnutrition.com.br\\\/#website\",\"url\":\"https:\\\/\\\/bioflexnutrition.com.br\\\/\",\"name\":\"Bioflex Nutrition\",\"description\":\"Sua loja online de Nutri\u00e7\u00e3o e Sa\u00fade\",\"publisher\":{\"@id\":\"https:\\\/\\\/bioflexnutrition.com.br\\\/#organization\"},\"potentialAction\":[{\"@type\":\"SearchAction\",\"target\":{\"@type\":\"EntryPoint\",\"urlTemplate\":\"https:\\\/\\\/bioflexnutrition.com.br\\\/?s={search_term_string}\"},\"query-input\":{\"@type\":\"PropertyValueSpecification\",\"valueRequired\":true,\"valueName\":\"search_term_string\"}}],\"inLanguage\":\"en-US\"},{\"@type\":\"Organization\",\"@id\":\"https:\\\/\\\/bioflexnutrition.com.br\\\/#organization\",\"name\":\"Bioflex Nutrition\",\"url\":\"https:\\\/\\\/bioflexnutrition.com.br\\\/\",\"logo\":{\"@type\":\"ImageObject\",\"inLanguage\":\"en-US\",\"@id\":\"https:\\\/\\\/bioflexnutrition.com.br\\\/#\\\/schema\\\/logo\\\/image\\\/\",\"url\":\"https:\\\/\\\/bioflexnutrition.com.br\\\/wp-content\\\/uploads\\\/2025\\\/04\\\/fav.webp\",\"contentUrl\":\"https:\\\/\\\/bioflexnutrition.com.br\\\/wp-content\\\/uploads\\\/2025\\\/04\\\/fav.webp\",\"width\":1150,\"height\":1000,\"caption\":\"Bioflex Nutrition\"},\"image\":{\"@id\":\"https:\\\/\\\/bioflexnutrition.com.br\\\/#\\\/schema\\\/logo\\\/image\\\/\"},\"sameAs\":[\"https:\\\/\\\/www.instagram.com\\\/bioflexnh\\\/\"]}]}<\/script>\n<!-- \/ Yoast SEO plugin. -->","yoast_head_json":{"title":"COLLAGEN FLEX + BEAUTY 60 CAPSULAS PURAVIDA - Bioflex Nutrition","robots":{"index":"index","follow":"follow","max-snippet":"max-snippet:-1","max-image-preview":"max-image-preview:large","max-video-preview":"max-video-preview:-1"},"canonical":"https:\/\/bioflexnutrition.com.br\/en\/product\/collagen-flex-beauty-60-capsulas-puravida\/","og_locale":"en_US","og_type":"article","og_title":"COLLAGEN FLEX + BEAUTY 60 CAPSULAS PURAVIDA - Bioflex Nutrition","og_description":"Cuide da sa\u00fade das suas articula\u00e7\u00f5es e realce sua beleza com o Collagen Flex Beauty da Puravida, um suplemento premium que combina ingredientes de alta qualidade para promover bem-estar e vitalidade. Formulado com uma sinergia de nutrientes essenciais, este produto \u00e9 ideal para quem busca suporte \u00e0 sa\u00fade articular e benef\u00edcios est\u00e9ticos.\u200b","og_url":"https:\/\/bioflexnutrition.com.br\/en\/product\/collagen-flex-beauty-60-capsulas-puravida\/","og_site_name":"Bioflex Nutrition","article_modified_time":"2026-03-30T17:12:56+00:00","og_image":[{"width":1000,"height":1000,"url":"https:\/\/bioflexnutrition.com.br\/wp-content\/uploads\/2025\/09\/15366365624-collagen-flex-beauty-puravida-1.webp","type":"image\/webp"}],"twitter_card":"summary_large_image","twitter_misc":{"Est. reading time":"2 minutes"},"schema":{"@context":"https:\/\/schema.org","@graph":[{"@type":["WebPage","ItemPage"],"@id":"https:\/\/bioflexnutrition.com.br\/produto\/collagen-flex-beauty-60-capsulas-puravida\/","url":"https:\/\/bioflexnutrition.com.br\/produto\/collagen-flex-beauty-60-capsulas-puravida\/","name":"COLLAGEN FLEX + BEAUTY 60 CAPSULAS PURAVIDA - Bioflex Nutrition","isPartOf":{"@id":"https:\/\/bioflexnutrition.com.br\/#website"},"primaryImageOfPage":{"@id":"https:\/\/bioflexnutrition.com.br\/produto\/collagen-flex-beauty-60-capsulas-puravida\/#primaryimage"},"image":{"@id":"https:\/\/bioflexnutrition.com.br\/produto\/collagen-flex-beauty-60-capsulas-puravida\/#primaryimage"},"thumbnailUrl":"https:\/\/bioflexnutrition.com.br\/wp-content\/uploads\/2025\/09\/15366365624-collagen-flex-beauty-puravida-1.webp","datePublished":"2025-09-10T13:10:01+00:00","dateModified":"2026-03-30T17:12:56+00:00","breadcrumb":{"@id":"https:\/\/bioflexnutrition.com.br\/produto\/collagen-flex-beauty-60-capsulas-puravida\/#breadcrumb"},"inLanguage":"en-US","potentialAction":[{"@type":"ReadAction","target":["https:\/\/bioflexnutrition.com.br\/produto\/collagen-flex-beauty-60-capsulas-puravida\/"]}]},{"@type":"ImageObject","inLanguage":"en-US","@id":"https:\/\/bioflexnutrition.com.br\/produto\/collagen-flex-beauty-60-capsulas-puravida\/#primaryimage","url":"https:\/\/bioflexnutrition.com.br\/wp-content\/uploads\/2025\/09\/15366365624-collagen-flex-beauty-puravida-1.webp","contentUrl":"https:\/\/bioflexnutrition.com.br\/wp-content\/uploads\/2025\/09\/15366365624-collagen-flex-beauty-puravida-1.webp","width":1000,"height":1000},{"@type":"BreadcrumbList","@id":"https:\/\/bioflexnutrition.com.br\/produto\/collagen-flex-beauty-60-capsulas-puravida\/#breadcrumb","itemListElement":[{"@type":"ListItem","position":1,"name":"In\u00edcio","item":"https:\/\/bioflexnutrition.com.br\/"},{"@type":"ListItem","position":2,"name":"Loja","item":"https:\/\/bioflexnutrition.com.br\/todos\/"},{"@type":"ListItem","position":3,"name":"COLLAGEN FLEX + BEAUTY 60 CAPSULAS PURAVIDA"}]},{"@type":"WebSite","@id":"https:\/\/bioflexnutrition.com.br\/#website","url":"https:\/\/bioflexnutrition.com.br\/","name":"Bioflex Nutrition","description":"Sua loja online de Nutri\u00e7\u00e3o e Sa\u00fade","publisher":{"@id":"https:\/\/bioflexnutrition.com.br\/#organization"},"potentialAction":[{"@type":"SearchAction","target":{"@type":"EntryPoint","urlTemplate":"https:\/\/bioflexnutrition.com.br\/?s={search_term_string}"},"query-input":{"@type":"PropertyValueSpecification","valueRequired":true,"valueName":"search_term_string"}}],"inLanguage":"en-US"},{"@type":"Organization","@id":"https:\/\/bioflexnutrition.com.br\/#organization","name":"Bioflex Nutrition","url":"https:\/\/bioflexnutrition.com.br\/","logo":{"@type":"ImageObject","inLanguage":"en-US","@id":"https:\/\/bioflexnutrition.com.br\/#\/schema\/logo\/image\/","url":"https:\/\/bioflexnutrition.com.br\/wp-content\/uploads\/2025\/04\/fav.webp","contentUrl":"https:\/\/bioflexnutrition.com.br\/wp-content\/uploads\/2025\/04\/fav.webp","width":1150,"height":1000,"caption":"Bioflex Nutrition"},"image":{"@id":"https:\/\/bioflexnutrition.com.br\/#\/schema\/logo\/image\/"},"sameAs":["https:\/\/www.instagram.com\/bioflexnh\/"]}]}},"_links":{"self":[{"href":"https:\/\/bioflexnutrition.com.br\/en\/wp-json\/wp\/v2\/product\/7540","targetHints":{"allow":["GET"]}}],"collection":[{"href":"https:\/\/bioflexnutrition.com.br\/en\/wp-json\/wp\/v2\/product"}],"about":[{"href":"https:\/\/bioflexnutrition.com.br\/en\/wp-json\/wp\/v2\/types\/product"}],"replies":[{"embeddable":true,"href":"https:\/\/bioflexnutrition.com.br\/en\/wp-json\/wp\/v2\/comments?post=7540"}],"wp:featuredmedia":[{"embeddable":true,"href":"https:\/\/bioflexnutrition.com.br\/en\/wp-json\/wp\/v2\/media\/7550"}],"wp:attachment":[{"href":"https:\/\/bioflexnutrition.com.br\/en\/wp-json\/wp\/v2\/media?parent=7540"}],"wp:term":[{"taxonomy":"product_cat","embeddable":true,"href":"https:\/\/bioflexnutrition.com.br\/en\/wp-json\/wp\/v2\/product_cat?post=7540"},{"taxonomy":"product_tag","embeddable":true,"href":"https:\/\/bioflexnutrition.com.br\/en\/wp-json\/wp\/v2\/product_tag?post=7540"}],"curies":[{"name":"wp","href":"https:\/\/api.w.org\/{rel}","templated":true}]}}