{"id":7575,"date":"2025-11-14T11:36:39","date_gmt":"2025-11-14T14:36:39","guid":{"rendered":"https:\/\/bioflexnutrition.com.br\/produto\/2-supercoffee-3-0-doce-de-leite-380g-black-friday\/"},"modified":"2026-04-13T18:03:43","modified_gmt":"2026-04-13T21:03:43","slug":"2-supercoffee-3-0-doce-de-leite-380g-black-friday","status":"publish","type":"product","link":"https:\/\/bioflexnutrition.com.br\/en\/product\/2-supercoffee-3-0-doce-de-leite-380g-black-friday\/","title":{"rendered":"2 SUPERCOFFEE 3.0 DOCE DE LEITE 380G"},"content":{"rendered":"<h2>SuperCoffee \u2013 Blend Energ\u00e9tico Natural<\/h2>\n<h3>Destaques do Produto:<\/h3>\n<ul>\n<li><strong>Blend Energ\u00e9tico Natural:<\/strong> Combina caf\u00e9, ch\u00e1 verde e guaran\u00e1, proporcionando libera\u00e7\u00e3o sustentada de energia sem picos bruscos.<\/li>\n<li><strong>Aprimoramento Cognitivo:<\/strong> Enriquecido com TCM (triglicer\u00eddeos de cadeia m\u00e9dia) e L\u2011teanina para foco, concentra\u00e7\u00e3o e clareza mental.<\/li>\n<li><strong>F\u00f3rmula Clean Label:<\/strong> Livre de a\u00e7\u00facares adicionados, gl\u00faten, lactose e conservantes artificiais.<\/li>\n<li><strong>Baixo \u00cdndice Glic\u00eamico:<\/strong> Ideal para dietas de controle glic\u00eamico, sem elevar a glicemia.<\/li>\n<li><strong>Sabores Deliciosos:<\/strong> Dispon\u00edvel em Chocolate, Baunilha e Caramelo.<\/li>\n<li><strong>Suporte \u00e0 Performance:<\/strong> Aumenta resist\u00eancia, reduz fadiga e melhora desempenho f\u00edsico e mental.<\/li>\n<li><strong>Aux\u00edlio na Queima de Gordura:<\/strong> Componentes termog\u00eanicos naturais que estimulam o metabolismo.<\/li>\n<li><strong>Est\u00edmulo ao Bem\u2011Estar:<\/strong> Sensa\u00e7\u00e3o de alerta e disposi\u00e7\u00e3o sem efeitos colaterais de estimulantes artificiais.<\/li>\n<\/ul>\n<h3>Informa\u00e7\u00e3o Nutricional<\/h3>\n<p><strong>Por\u00e7\u00f5es por embalagem:<\/strong> 38<\/p>\n<p><strong>Por\u00e7\u00e3o:<\/strong> 10\u202fg (1 dosador)<\/p>\n<table>\n<thead>\n<tr>\n<th>Quantidade por por\u00e7\u00e3o<\/th>\n<th>10\u202fg<\/th>\n<th>%\u202fVD*<\/th>\n<\/tr>\n<\/thead>\n<tbody>\n<tr>\n<td>Valor energ\u00e9tico (kcal)<\/td>\n<td>45<\/td>\n<td>\u2014<\/td>\n<\/tr>\n<tr>\n<td>Carboidratos (g)<\/td>\n<td>1,3<\/td>\n<td>\u2014<\/td>\n<\/tr>\n<tr>\n<td>A\u00e7\u00facares totais (g)<\/td>\n<td>0<\/td>\n<td>\u2014<\/td>\n<\/tr>\n<tr>\n<td>A\u00e7\u00facares adicionados (g)<\/td>\n<td>0<\/td>\n<td>\u2014<\/td>\n<\/tr>\n<tr>\n<td>Prote\u00ednas (g)<\/td>\n<td>1,4<\/td>\n<td>\u2014<\/td>\n<\/tr>\n<tr>\n<td>Gorduras totais (g)<\/td>\n<td>3,8<\/td>\n<td>\u2014<\/td>\n<\/tr>\n<tr>\n<td>Gorduras saturadas (g)<\/td>\n<td>3,8<\/td>\n<td>\u2014<\/td>\n<\/tr>\n<tr>\n<td>Gorduras trans (g)<\/td>\n<td>0<\/td>\n<td>\u2014<\/td>\n<\/tr>\n<tr>\n<td>Fibras alimentares (g)<\/td>\n<td>0<\/td>\n<td>\u2014<\/td>\n<\/tr>\n<tr>\n<td>S\u00f3dio (mg)<\/td>\n<td>11<\/td>\n<td>\u2014<\/td>\n<\/tr>\n<tr>\n<td>Vitamina B1 (mg)<\/td>\n<td>0,4<\/td>\n<td>\u2014<\/td>\n<\/tr>\n<tr>\n<td>Vitamina B3 (mg)<\/td>\n<td>2,7<\/td>\n<td>\u2014<\/td>\n<\/tr>\n<tr>\n<td>Vitamina B5 (mg)<\/td>\n<td>1,7<\/td>\n<td>\u2014<\/td>\n<\/tr>\n<tr>\n<td>Vitamina B6 (mg)<\/td>\n<td>0,43<\/td>\n<td>\u2014<\/td>\n<\/tr>\n<tr>\n<td>Vitamina B9 (\u00b5g)<\/td>\n<td>60<\/td>\n<td>\u2014<\/td>\n<\/tr>\n<tr>\n<td>Vitamina B12 (\u00b5g)<\/td>\n<td>0,76<\/td>\n<td>\u2014<\/td>\n<\/tr>\n<tr>\n<td>Cromo (\u00b5g)<\/td>\n<td>12<\/td>\n<td>\u2014<\/td>\n<\/tr>\n<tr>\n<td>Colina (mg)<\/td>\n<td>84<\/td>\n<td>\u2014<\/td>\n<\/tr>\n<tr>\n<td>Taurina (mg)<\/td>\n<td>650<\/td>\n<td>\u2014<\/td>\n<\/tr>\n<tr>\n<td>\u00c1cido clorog\u00eanico (mg)<\/td>\n<td>50<\/td>\n<td>\u2014<\/td>\n<\/tr>\n<tr>\n<td>Cafe\u00edna (mg)<\/td>\n<td>100<\/td>\n<td>\u2014<\/td>\n<\/tr>\n<tr>\n<td>Carnitina (mg)<\/td>\n<td>117<\/td>\n<td>\u2014<\/td>\n<\/tr>\n<tr>\n<td>Coenzima Q10 (mg)<\/td>\n<td>50<\/td>\n<td>\u2014<\/td>\n<\/tr>\n<tr>\n<td>Tirosina (mg)<\/td>\n<td>263<\/td>\n<td>\u2014<\/td>\n<\/tr>\n<tr>\n<td>Pept\u00eddeos bioativos (g)<\/td>\n<td>1,3<\/td>\n<td>\u2014<\/td>\n<\/tr>\n<\/tbody>\n<\/table>\n<p>*Percentual de Valores Di\u00e1rios de refer\u00eancia.<\/p>\n<h3>Ingredientes<\/h3>\n<p>Triglicer\u00eddeos de cadeia m\u00e9dia C8\u202f+\u202fC10 (TCM), col\u00e1geno hidrolisado, preparado de doce de leite em p\u00f3 zero a\u00e7\u00facares adicionados (doce de leite sem a\u00e7\u00facares adicionados, leite desnatado em p\u00f3, polidextrose e antiumectante fosfato tric\u00e1lcico), taurina, caf\u00e9 verde mo\u00eddo, L\u2011Tirosina, bitartarato de colina, L\u2011carnitina L\u2011tartarato, cafe\u00edna microencapsulada, caf\u00e9 ar\u00e1bica sol\u00favel, coenzima Q10, especiarias, complexo de vitaminas B (nicotinamida (vitamina B3), D\u2011pantotenato de c\u00e1lcio (vitamina B5), \u00e1cido\u202fN\u2011pteroil\u2011L\u2011glut\u00e2mico (vitamina\u202fB9), cloridrato de piridoxina (vitamina\u202fB6), tiamina mononitrato (vitamina\u202fB1), cianocobalamina (vitamina\u202fB12)), picolinato de cromo, aromatizantes, regulador de acidez bicarbonato de s\u00f3dio e edulcorante glicos\u00eddeos de esteviol de Stevia\u202frebaudiana\u202fBertoni.<br \/>\n<strong>Al\u00e9rgicos:<\/strong> Cont\u00e9m derivados de leite. Pode conter soja. N\u00e3o cont\u00e9m gl\u00faten.<\/p>\n<h3>Sugest\u00e3o de Uso e Armazenamento<\/h3>\n<p>Misture 1 por\u00e7\u00e3o (10\u202fg) em 100\u202fml de \u00e1gua quente ou fria at\u00e9 dissolu\u00e7\u00e3o completa. Consuma pela manh\u00e3 ou antes de atividades que exigem alta performance f\u00edsica ou mental.<br \/>\nManter este produto bem fechado em local fresco, seco e ao abrigo da luz solar.<br \/>\nAp\u00f3s aberto, consumir em at\u00e9 90 dias.<br \/>\nEste produto \u00e9 recomendado para adultos (\u226519\u202fanos).<br \/>\nEste produto n\u00e3o deve ser consumido por gestantes, lactantes e crian\u00e7as.<br \/>\n\u201cEste produto n\u00e3o \u00e9 um medicamento.\u201d<br \/>\n\u201cN\u00e3o exceder a recomenda\u00e7\u00e3o di\u00e1ria de consumo indicada na embalagem.\u201d<br \/>\n\u201cMantenha fora do alcance de crian\u00e7as.\u201d<\/p>","protected":false},"excerpt":{"rendered":"<p><strong>SuperCoffee \u2013 Start Your Day Right<\/strong><\/p>\n<p>Desperte seu potencial m\u00e1ximo com o <strong>SuperCoffee<\/strong>, uma bebida energ\u00e9tica funcional desenvolvida para impulsionar sua energia, foco e desempenho ao longo do dia. Formulado com ingredientes naturais e tecnologia de ponta, o SuperCoffee \u00e9 a escolha ideal para quem busca uma alternativa saud\u00e1vel ao caf\u00e9 tradicional, sem abrir m\u00e3o do sabor e dos benef\u00edcios.\u200b<\/p>","protected":false},"featured_media":7576,"comment_status":"open","ping_status":"closed","template":"","meta":{"_joinchat":[]},"product_cat":[165,290,248,200,157,164,169,201,198,277,278],"product_tag":[],"class_list":{"0":"post-7575","1":"product","2":"type-product","3":"status-publish","4":"has-post-thumbnail","6":"product_cat-alta-performance","7":"product_cat-caffeine-army","8":"product_cat-categorias-e","9":"product_cat-kits-com-precos-especiais","10":"product_cat-marcas","11":"product_cat-objetivos-especificos","12":"product_cat-para-emagrecimento","13":"product_cat-produtos-com-desconto","14":"product_cat-promocoes","15":"product_cat-termogenicos-categorias-ecommerce","16":"product_cat-termogenicos-com-cafeina","18":"first","19":"instock","20":"shipping-taxable","21":"purchasable","22":"product-type-simple","23":"col-xs-6 col-sm-4","24":"col-md-3 col-lg-3","25":"un-4-cols"},"yoast_head":"<!-- This site is optimized with the Yoast SEO plugin v27.3 - https:\/\/yoast.com\/product\/yoast-seo-wordpress\/ -->\n<title>2 SUPERCOFFEE 3.0 DOCE DE LEITE 380G - Bioflex Nutrition<\/title>\n<meta name=\"robots\" content=\"index, follow, max-snippet:-1, max-image-preview:large, max-video-preview:-1\" \/>\n<link rel=\"canonical\" href=\"https:\/\/bioflexnutrition.com.br\/en\/product\/2-supercoffee-3-0-doce-de-leite-380g-black-friday\/\" \/>\n<meta property=\"og:locale\" content=\"en_US\" \/>\n<meta property=\"og:type\" content=\"article\" \/>\n<meta property=\"og:title\" content=\"2 SUPERCOFFEE 3.0 DOCE DE LEITE 380G - Bioflex Nutrition\" \/>\n<meta property=\"og:description\" content=\"SuperCoffee \u2013 Start Your Day Right  Desperte seu potencial m\u00e1ximo com o SuperCoffee, uma bebida energ\u00e9tica funcional desenvolvida para impulsionar sua energia, foco e desempenho ao longo do dia. Formulado com ingredientes naturais e tecnologia de ponta, o SuperCoffee \u00e9 a escolha ideal para quem busca uma alternativa saud\u00e1vel ao caf\u00e9 tradicional, sem abrir m\u00e3o do sabor e dos benef\u00edcios.\u200b\" \/>\n<meta property=\"og:url\" content=\"https:\/\/bioflexnutrition.com.br\/en\/product\/2-supercoffee-3-0-doce-de-leite-380g-black-friday\/\" \/>\n<meta property=\"og:site_name\" content=\"Bioflex Nutrition\" \/>\n<meta property=\"article:modified_time\" content=\"2026-04-13T21:03:43+00:00\" \/>\n<meta property=\"og:image\" content=\"https:\/\/bioflexnutrition.com.br\/wp-content\/uploads\/2025\/11\/supercoffee4.webp\" \/>\n\t<meta property=\"og:image:width\" content=\"1000\" \/>\n\t<meta property=\"og:image:height\" content=\"1000\" \/>\n\t<meta property=\"og:image:type\" content=\"image\/webp\" \/>\n<meta name=\"twitter:card\" content=\"summary_large_image\" \/>\n<meta name=\"twitter:label1\" content=\"Est. reading time\" \/>\n\t<meta name=\"twitter:data1\" content=\"2 minutes\" \/>\n<script type=\"application\/ld+json\" class=\"yoast-schema-graph\">{\"@context\":\"https:\\\/\\\/schema.org\",\"@graph\":[{\"@type\":[\"WebPage\",\"ItemPage\"],\"@id\":\"https:\\\/\\\/bioflexnutrition.com.br\\\/produto\\\/2-supercoffee-3-0-doce-de-leite-380g-black-friday\\\/\",\"url\":\"https:\\\/\\\/bioflexnutrition.com.br\\\/produto\\\/2-supercoffee-3-0-doce-de-leite-380g-black-friday\\\/\",\"name\":\"2 SUPERCOFFEE 3.0 DOCE DE LEITE 380G - Bioflex Nutrition\",\"isPartOf\":{\"@id\":\"https:\\\/\\\/bioflexnutrition.com.br\\\/#website\"},\"primaryImageOfPage\":{\"@id\":\"https:\\\/\\\/bioflexnutrition.com.br\\\/produto\\\/2-supercoffee-3-0-doce-de-leite-380g-black-friday\\\/#primaryimage\"},\"image\":{\"@id\":\"https:\\\/\\\/bioflexnutrition.com.br\\\/produto\\\/2-supercoffee-3-0-doce-de-leite-380g-black-friday\\\/#primaryimage\"},\"thumbnailUrl\":\"https:\\\/\\\/bioflexnutrition.com.br\\\/wp-content\\\/uploads\\\/2025\\\/11\\\/supercoffee4.webp\",\"datePublished\":\"2025-11-14T14:36:39+00:00\",\"dateModified\":\"2026-04-13T21:03:43+00:00\",\"breadcrumb\":{\"@id\":\"https:\\\/\\\/bioflexnutrition.com.br\\\/produto\\\/2-supercoffee-3-0-doce-de-leite-380g-black-friday\\\/#breadcrumb\"},\"inLanguage\":\"en-US\",\"potentialAction\":[{\"@type\":\"ReadAction\",\"target\":[\"https:\\\/\\\/bioflexnutrition.com.br\\\/produto\\\/2-supercoffee-3-0-doce-de-leite-380g-black-friday\\\/\"]}]},{\"@type\":\"ImageObject\",\"inLanguage\":\"en-US\",\"@id\":\"https:\\\/\\\/bioflexnutrition.com.br\\\/produto\\\/2-supercoffee-3-0-doce-de-leite-380g-black-friday\\\/#primaryimage\",\"url\":\"https:\\\/\\\/bioflexnutrition.com.br\\\/wp-content\\\/uploads\\\/2025\\\/11\\\/supercoffee4.webp\",\"contentUrl\":\"https:\\\/\\\/bioflexnutrition.com.br\\\/wp-content\\\/uploads\\\/2025\\\/11\\\/supercoffee4.webp\",\"width\":1000,\"height\":1000},{\"@type\":\"BreadcrumbList\",\"@id\":\"https:\\\/\\\/bioflexnutrition.com.br\\\/produto\\\/2-supercoffee-3-0-doce-de-leite-380g-black-friday\\\/#breadcrumb\",\"itemListElement\":[{\"@type\":\"ListItem\",\"position\":1,\"name\":\"In\u00edcio\",\"item\":\"https:\\\/\\\/bioflexnutrition.com.br\\\/\"},{\"@type\":\"ListItem\",\"position\":2,\"name\":\"Loja\",\"item\":\"https:\\\/\\\/bioflexnutrition.com.br\\\/todos\\\/\"},{\"@type\":\"ListItem\",\"position\":3,\"name\":\"2 SUPERCOFFEE 3.0 DOCE DE LEITE 380G\"}]},{\"@type\":\"WebSite\",\"@id\":\"https:\\\/\\\/bioflexnutrition.com.br\\\/#website\",\"url\":\"https:\\\/\\\/bioflexnutrition.com.br\\\/\",\"name\":\"Bioflex Nutrition\",\"description\":\"Sua loja online de Nutri\u00e7\u00e3o e Sa\u00fade\",\"publisher\":{\"@id\":\"https:\\\/\\\/bioflexnutrition.com.br\\\/#organization\"},\"potentialAction\":[{\"@type\":\"SearchAction\",\"target\":{\"@type\":\"EntryPoint\",\"urlTemplate\":\"https:\\\/\\\/bioflexnutrition.com.br\\\/?s={search_term_string}\"},\"query-input\":{\"@type\":\"PropertyValueSpecification\",\"valueRequired\":true,\"valueName\":\"search_term_string\"}}],\"inLanguage\":\"en-US\"},{\"@type\":\"Organization\",\"@id\":\"https:\\\/\\\/bioflexnutrition.com.br\\\/#organization\",\"name\":\"Bioflex Nutrition\",\"url\":\"https:\\\/\\\/bioflexnutrition.com.br\\\/\",\"logo\":{\"@type\":\"ImageObject\",\"inLanguage\":\"en-US\",\"@id\":\"https:\\\/\\\/bioflexnutrition.com.br\\\/#\\\/schema\\\/logo\\\/image\\\/\",\"url\":\"https:\\\/\\\/bioflexnutrition.com.br\\\/wp-content\\\/uploads\\\/2025\\\/04\\\/fav.webp\",\"contentUrl\":\"https:\\\/\\\/bioflexnutrition.com.br\\\/wp-content\\\/uploads\\\/2025\\\/04\\\/fav.webp\",\"width\":1150,\"height\":1000,\"caption\":\"Bioflex Nutrition\"},\"image\":{\"@id\":\"https:\\\/\\\/bioflexnutrition.com.br\\\/#\\\/schema\\\/logo\\\/image\\\/\"},\"sameAs\":[\"https:\\\/\\\/www.instagram.com\\\/bioflexnh\\\/\"]}]}<\/script>\n<!-- \/ Yoast SEO plugin. -->","yoast_head_json":{"title":"2 SUPERCOFFEE 3.0 DOCE DE LEITE 380G - Bioflex Nutrition","robots":{"index":"index","follow":"follow","max-snippet":"max-snippet:-1","max-image-preview":"max-image-preview:large","max-video-preview":"max-video-preview:-1"},"canonical":"https:\/\/bioflexnutrition.com.br\/en\/product\/2-supercoffee-3-0-doce-de-leite-380g-black-friday\/","og_locale":"en_US","og_type":"article","og_title":"2 SUPERCOFFEE 3.0 DOCE DE LEITE 380G - Bioflex Nutrition","og_description":"SuperCoffee \u2013 Start Your Day Right  Desperte seu potencial m\u00e1ximo com o SuperCoffee, uma bebida energ\u00e9tica funcional desenvolvida para impulsionar sua energia, foco e desempenho ao longo do dia. Formulado com ingredientes naturais e tecnologia de ponta, o SuperCoffee \u00e9 a escolha ideal para quem busca uma alternativa saud\u00e1vel ao caf\u00e9 tradicional, sem abrir m\u00e3o do sabor e dos benef\u00edcios.\u200b","og_url":"https:\/\/bioflexnutrition.com.br\/en\/product\/2-supercoffee-3-0-doce-de-leite-380g-black-friday\/","og_site_name":"Bioflex Nutrition","article_modified_time":"2026-04-13T21:03:43+00:00","og_image":[{"width":1000,"height":1000,"url":"https:\/\/bioflexnutrition.com.br\/wp-content\/uploads\/2025\/11\/supercoffee4.webp","type":"image\/webp"}],"twitter_card":"summary_large_image","twitter_misc":{"Est. reading time":"2 minutes"},"schema":{"@context":"https:\/\/schema.org","@graph":[{"@type":["WebPage","ItemPage"],"@id":"https:\/\/bioflexnutrition.com.br\/produto\/2-supercoffee-3-0-doce-de-leite-380g-black-friday\/","url":"https:\/\/bioflexnutrition.com.br\/produto\/2-supercoffee-3-0-doce-de-leite-380g-black-friday\/","name":"2 SUPERCOFFEE 3.0 DOCE DE LEITE 380G - Bioflex Nutrition","isPartOf":{"@id":"https:\/\/bioflexnutrition.com.br\/#website"},"primaryImageOfPage":{"@id":"https:\/\/bioflexnutrition.com.br\/produto\/2-supercoffee-3-0-doce-de-leite-380g-black-friday\/#primaryimage"},"image":{"@id":"https:\/\/bioflexnutrition.com.br\/produto\/2-supercoffee-3-0-doce-de-leite-380g-black-friday\/#primaryimage"},"thumbnailUrl":"https:\/\/bioflexnutrition.com.br\/wp-content\/uploads\/2025\/11\/supercoffee4.webp","datePublished":"2025-11-14T14:36:39+00:00","dateModified":"2026-04-13T21:03:43+00:00","breadcrumb":{"@id":"https:\/\/bioflexnutrition.com.br\/produto\/2-supercoffee-3-0-doce-de-leite-380g-black-friday\/#breadcrumb"},"inLanguage":"en-US","potentialAction":[{"@type":"ReadAction","target":["https:\/\/bioflexnutrition.com.br\/produto\/2-supercoffee-3-0-doce-de-leite-380g-black-friday\/"]}]},{"@type":"ImageObject","inLanguage":"en-US","@id":"https:\/\/bioflexnutrition.com.br\/produto\/2-supercoffee-3-0-doce-de-leite-380g-black-friday\/#primaryimage","url":"https:\/\/bioflexnutrition.com.br\/wp-content\/uploads\/2025\/11\/supercoffee4.webp","contentUrl":"https:\/\/bioflexnutrition.com.br\/wp-content\/uploads\/2025\/11\/supercoffee4.webp","width":1000,"height":1000},{"@type":"BreadcrumbList","@id":"https:\/\/bioflexnutrition.com.br\/produto\/2-supercoffee-3-0-doce-de-leite-380g-black-friday\/#breadcrumb","itemListElement":[{"@type":"ListItem","position":1,"name":"In\u00edcio","item":"https:\/\/bioflexnutrition.com.br\/"},{"@type":"ListItem","position":2,"name":"Loja","item":"https:\/\/bioflexnutrition.com.br\/todos\/"},{"@type":"ListItem","position":3,"name":"2 SUPERCOFFEE 3.0 DOCE DE LEITE 380G"}]},{"@type":"WebSite","@id":"https:\/\/bioflexnutrition.com.br\/#website","url":"https:\/\/bioflexnutrition.com.br\/","name":"Bioflex Nutrition","description":"Sua loja online de Nutri\u00e7\u00e3o e Sa\u00fade","publisher":{"@id":"https:\/\/bioflexnutrition.com.br\/#organization"},"potentialAction":[{"@type":"SearchAction","target":{"@type":"EntryPoint","urlTemplate":"https:\/\/bioflexnutrition.com.br\/?s={search_term_string}"},"query-input":{"@type":"PropertyValueSpecification","valueRequired":true,"valueName":"search_term_string"}}],"inLanguage":"en-US"},{"@type":"Organization","@id":"https:\/\/bioflexnutrition.com.br\/#organization","name":"Bioflex Nutrition","url":"https:\/\/bioflexnutrition.com.br\/","logo":{"@type":"ImageObject","inLanguage":"en-US","@id":"https:\/\/bioflexnutrition.com.br\/#\/schema\/logo\/image\/","url":"https:\/\/bioflexnutrition.com.br\/wp-content\/uploads\/2025\/04\/fav.webp","contentUrl":"https:\/\/bioflexnutrition.com.br\/wp-content\/uploads\/2025\/04\/fav.webp","width":1150,"height":1000,"caption":"Bioflex Nutrition"},"image":{"@id":"https:\/\/bioflexnutrition.com.br\/#\/schema\/logo\/image\/"},"sameAs":["https:\/\/www.instagram.com\/bioflexnh\/"]}]}},"_links":{"self":[{"href":"https:\/\/bioflexnutrition.com.br\/en\/wp-json\/wp\/v2\/product\/7575","targetHints":{"allow":["GET"]}}],"collection":[{"href":"https:\/\/bioflexnutrition.com.br\/en\/wp-json\/wp\/v2\/product"}],"about":[{"href":"https:\/\/bioflexnutrition.com.br\/en\/wp-json\/wp\/v2\/types\/product"}],"replies":[{"embeddable":true,"href":"https:\/\/bioflexnutrition.com.br\/en\/wp-json\/wp\/v2\/comments?post=7575"}],"wp:featuredmedia":[{"embeddable":true,"href":"https:\/\/bioflexnutrition.com.br\/en\/wp-json\/wp\/v2\/media\/7576"}],"wp:attachment":[{"href":"https:\/\/bioflexnutrition.com.br\/en\/wp-json\/wp\/v2\/media?parent=7575"}],"wp:term":[{"taxonomy":"product_cat","embeddable":true,"href":"https:\/\/bioflexnutrition.com.br\/en\/wp-json\/wp\/v2\/product_cat?post=7575"},{"taxonomy":"product_tag","embeddable":true,"href":"https:\/\/bioflexnutrition.com.br\/en\/wp-json\/wp\/v2\/product_tag?post=7575"}],"curies":[{"name":"wp","href":"https:\/\/api.w.org\/{rel}","templated":true}]}}